{"id":9014,"date":"2019-05-15T08:15:32","date_gmt":"2019-05-15T08:15:32","guid":{"rendered":"https:\/\/teixeiraduarteconstrucao.com\/termos-e-condicoes\/"},"modified":"2019-06-30T20:42:08","modified_gmt":"2019-06-30T20:42:08","slug":"terms-and-conditions","status":"publish","type":"page","link":"https:\/\/teixeiraduarteconstrucao.com\/en\/terms-and-conditions\/","title":{"rendered":"Terms and Conditions"},"content":{"rendered":"<div class=\"wpb-content-wrapper\">[vc_row][vc_column]<div class=\"tm-element-heading-wrapper tm-heading-inner tm-element-align-left tm-seperator-solid tm-heading-style-vertical \"><section class=\"tm-vc_cta3-container\"><div class=\"tm-vc_general tm-vc_cta3 tm-cta3-only tm-vc_cta3-style-classic tm-vc_cta3-shape-rounded tm-vc_cta3-align-left tm-vc_cta3-color-transparent tm-vc_cta3-icon-size-md tm-vc_cta3-actions-no tm-cta3-without-desc\"><div class=\"tm-vc_cta3_content-container\"><div class=\"tm-vc_cta3-content\"><header class=\"tm-vc_cta3-content-header tm-wrap\"><div class=\"tm-vc_cta3-headers tm-wrap-cell\"><h2 class=\"tm-custom-heading \" >Terms and Conditions<\/h2>\n<\/div><div class=\"heading-seperator\"><span><\/span><\/div><\/header><\/div><\/div><\/div><\/section><\/div> <!-- .tm-element-heading-wrapper container --> [vc_column_text]The user of the Site of TEIXEIRA DUARTE &#8211; ENGENHARIA E CONSTRU\u00c7\u00d5ES, S.A. (Teixeira Duarte) is obliged to act in good faith and implicitly accept the following terms and conditions:<\/p>\n<p><strong>Statement on Copyright Protection<\/strong><\/p>\n<p>The website content of Teixeira Duarte, including texts, images or any other\u00a0information, is owned by\u00a0<strong>Teixeira<\/strong>\u00a0<strong>Duarte<\/strong>, which owns its copyright.<\/p>\n<p>By using the Site Teixeira Duarte, the user is obliged to respect the current legislation,\u00a0particularly the Copyright and Rights of the Code of Related, the Industrial Property\u00a0Code and the Legislation of Computer Related Crime.<\/p>\n<p>The user may not copy, download or use contents of the Site of Teixeira Duarte without\u00a0obtaining prior authorization from Teixeira Duarte and without referring the website of\u00a0Teixeira Duarte as the source of information; regarding content from sites linked to this\u00a0Site, the user must obtain the authorization of the respective authors, respecting their\u00a0copyright statements.<\/p>\n<p>Unauthorized use or distribution of any material from this site may be subject to civil or\u00a0criminal penalties in accordance with applicable laws.<\/p>\n<p><strong>Disclaimer Statement<\/strong><\/p>\n<p>The material contained in this Site consists of general information that is not\u00a0necessarily complete, accurate or updated.<\/p>\n<p><strong>Teixeira Duarte<\/strong>\u00a0does not guarantee that the services provided by the website of\u00a0Teixeira Duarte will function without interruption.<\/p>\n<p><strong>Teixeira Duarte<\/strong>\u00a0is not required to store the contents of the website of Teixeira Duarte,\u00a0including texts, images or other information, may it be destroyed at any time and not\u00a0being, by this fact, attributed any right to compensation for users or any third parties.<\/p>\n<p>There may be links to external sites to the Site of Teixeira Duarte on which Teixeira\u00a0Duarte has no control and for which assumes no responsibility.<\/p>\n<p>Teixeira Duarte assumes no responsibility for any problems arising from the use of the\u00a0Site Teixeira Duarte or any external sites linked to it.<\/p>\n<p><strong>Privacy Statement<\/strong><\/p>\n<p>In accordance with article 35\u00ba of the Portuguese Constitution and Law n\u00ba 67\/98 of 26\u00a0October, the information collected regarding Teixeira Duarte website users it is not\u00a0personal, wherefore the confidentiality of their identity is ensured.<\/p>\n<p>The identification of users will however take place whenever they commit illegal acts,\u00a0violation of the Terms and Conditions, or when requested by court order.[\/vc_column_text][\/vc_column][\/vc_row]\n<\/div>","protected":false},"excerpt":{"rendered":"<p>[vc_row][vc_column][vc_column_text]The user of the Site of TEIXEIRA DUARTE &#8211; ENGENHARIA E CONSTRU\u00c7\u00d5ES, S.A. (Teixeira Duarte) is obliged to act in good faith and implicitly accept the following terms and conditions: Statement on Copyright Protection The website content of Teixeira Duarte, including texts, images or any other\u00a0information, is owned by\u00a0Teixeira\u00a0Duarte, which owns its copyright. By using &hellip; <a href=\"https:\/\/teixeiraduarteconstrucao.com\/en\/terms-and-conditions\/\" class=\"more-link\">Continue reading <span class=\"screen-reader-text\">Terms and Conditions<\/span><\/a><\/p>\n","protected":false},"author":2,"featured_media":0,"parent":0,"menu_order":0,"comment_status":"closed","ping_status":"closed","template":"","meta":{"footnotes":""},"class_list":["post-9014","page","type-page","status-publish","hentry"],"yoast_head":"<!-- This site is optimized with the Yoast SEO plugin v26.7 - https:\/\/yoast.com\/wordpress\/plugins\/seo\/ -->\n<title>Terms and Conditions - Teixeira Duarte Constru\u00e7\u00e3o<\/title>\n<meta name=\"robots\" content=\"index, follow, max-snippet:-1, max-image-preview:large, max-video-preview:-1\" \/>\n<link rel=\"canonical\" href=\"https:\/\/teixeiraduarteconstrucao.com\/en\/terms-and-conditions\/\" \/>\n<meta property=\"og:locale\" content=\"en_US\" \/>\n<meta property=\"og:type\" content=\"article\" \/>\n<meta property=\"og:title\" content=\"Terms and Conditions - Teixeira Duarte Constru\u00e7\u00e3o\" \/>\n<meta property=\"og:description\" content=\"[vc_row][vc_column][vc_column_text]The user of the Site of TEIXEIRA DUARTE &#8211; ENGENHARIA E CONSTRU\u00c7\u00d5ES, S.A. (Teixeira Duarte) is obliged to act in good faith and implicitly accept the following terms and conditions: Statement on Copyright Protection The website content of Teixeira Duarte, including texts, images or any other\u00a0information, is owned by\u00a0Teixeira\u00a0Duarte, which owns its copyright. By using &hellip; Continue reading Terms and Conditions\" \/>\n<meta property=\"og:url\" content=\"https:\/\/teixeiraduarteconstrucao.com\/en\/terms-and-conditions\/\" \/>\n<meta property=\"og:site_name\" content=\"Teixeira Duarte Constru\u00e7\u00e3o\" \/>\n<meta property=\"article:publisher\" content=\"https:\/\/www.facebook.com\/teixeiraduarteconstrucao\/?locale=pt_PT\" \/>\n<meta property=\"article:modified_time\" content=\"2019-06-30T20:42:08+00:00\" \/>\n<meta name=\"twitter:card\" content=\"summary_large_image\" \/>\n<meta name=\"twitter:label1\" content=\"Est. reading time\" \/>\n\t<meta name=\"twitter:data1\" content=\"2 minutes\" \/>\n<script type=\"application\/ld+json\" class=\"yoast-schema-graph\">{\"@context\":\"https:\/\/schema.org\",\"@graph\":[{\"@type\":\"WebPage\",\"@id\":\"https:\/\/teixeiraduarteconstrucao.com\/en\/terms-and-conditions\/\",\"url\":\"https:\/\/teixeiraduarteconstrucao.com\/en\/terms-and-conditions\/\",\"name\":\"Terms and Conditions - Teixeira Duarte Constru\u00e7\u00e3o\",\"isPartOf\":{\"@id\":\"https:\/\/teixeiraduarteconstrucao.com\/en\/#website\"},\"datePublished\":\"2019-05-15T08:15:32+00:00\",\"dateModified\":\"2019-06-30T20:42:08+00:00\",\"breadcrumb\":{\"@id\":\"https:\/\/teixeiraduarteconstrucao.com\/en\/terms-and-conditions\/#breadcrumb\"},\"inLanguage\":\"en-US\",\"potentialAction\":[{\"@type\":\"ReadAction\",\"target\":[\"https:\/\/teixeiraduarteconstrucao.com\/en\/terms-and-conditions\/\"]}]},{\"@type\":\"BreadcrumbList\",\"@id\":\"https:\/\/teixeiraduarteconstrucao.com\/en\/terms-and-conditions\/#breadcrumb\",\"itemListElement\":[{\"@type\":\"ListItem\",\"position\":1,\"name\":\"In\u00edcio\",\"item\":\"https:\/\/teixeiraduarteconstrucao.com\/en\/\"},{\"@type\":\"ListItem\",\"position\":2,\"name\":\"Terms and Conditions\"}]},{\"@type\":\"WebSite\",\"@id\":\"https:\/\/teixeiraduarteconstrucao.com\/en\/#website\",\"url\":\"https:\/\/teixeiraduarteconstrucao.com\/en\/\",\"name\":\"Teixeira Duarte Constru\u00e7\u00e3o\",\"description\":\"Pioneirismo e Inova\u00e7\u00e3o desde 1921\",\"publisher\":{\"@id\":\"https:\/\/teixeiraduarteconstrucao.com\/en\/#organization\"},\"potentialAction\":[{\"@type\":\"SearchAction\",\"target\":{\"@type\":\"EntryPoint\",\"urlTemplate\":\"https:\/\/teixeiraduarteconstrucao.com\/en\/?s={search_term_string}\"},\"query-input\":{\"@type\":\"PropertyValueSpecification\",\"valueRequired\":true,\"valueName\":\"search_term_string\"}}],\"inLanguage\":\"en-US\"},{\"@type\":\"Organization\",\"@id\":\"https:\/\/teixeiraduarteconstrucao.com\/en\/#organization\",\"name\":\"Teixeira Duarte - Engenharia e Constru\u00e7\u00f5es, S.A.\",\"url\":\"https:\/\/teixeiraduarteconstrucao.com\/en\/\",\"logo\":{\"@type\":\"ImageObject\",\"inLanguage\":\"en-US\",\"@id\":\"https:\/\/teixeiraduarteconstrucao.com\/en\/#\/schema\/logo\/image\/\",\"url\":\"https:\/\/teixeiraduarteconstrucao.com\/wp-content\/uploads\/2025\/04\/Logotipo-Teixeira-Duarte-EC-2024-positivo.png\",\"contentUrl\":\"https:\/\/teixeiraduarteconstrucao.com\/wp-content\/uploads\/2025\/04\/Logotipo-Teixeira-Duarte-EC-2024-positivo.png\",\"width\":3544,\"height\":1182,\"caption\":\"Teixeira Duarte - Engenharia e Constru\u00e7\u00f5es, S.A.\"},\"image\":{\"@id\":\"https:\/\/teixeiraduarteconstrucao.com\/en\/#\/schema\/logo\/image\/\"},\"sameAs\":[\"https:\/\/www.facebook.com\/teixeiraduarteconstrucao\/?locale=pt_PT\",\"https:\/\/www.linkedin.com\/company\/teixeira-duarte-engenharia-e-construcoes\"]}]}<\/script>\n<!-- \/ Yoast SEO plugin. -->","yoast_head_json":{"title":"Terms and Conditions - Teixeira Duarte Constru\u00e7\u00e3o","robots":{"index":"index","follow":"follow","max-snippet":"max-snippet:-1","max-image-preview":"max-image-preview:large","max-video-preview":"max-video-preview:-1"},"canonical":"https:\/\/teixeiraduarteconstrucao.com\/en\/terms-and-conditions\/","og_locale":"en_US","og_type":"article","og_title":"Terms and Conditions - Teixeira Duarte Constru\u00e7\u00e3o","og_description":"[vc_row][vc_column][vc_column_text]The user of the Site of TEIXEIRA DUARTE &#8211; ENGENHARIA E CONSTRU\u00c7\u00d5ES, S.A. (Teixeira Duarte) is obliged to act in good faith and implicitly accept the following terms and conditions: Statement on Copyright Protection The website content of Teixeira Duarte, including texts, images or any other\u00a0information, is owned by\u00a0Teixeira\u00a0Duarte, which owns its copyright. By using &hellip; Continue reading Terms and Conditions","og_url":"https:\/\/teixeiraduarteconstrucao.com\/en\/terms-and-conditions\/","og_site_name":"Teixeira Duarte Constru\u00e7\u00e3o","article_publisher":"https:\/\/www.facebook.com\/teixeiraduarteconstrucao\/?locale=pt_PT","article_modified_time":"2019-06-30T20:42:08+00:00","twitter_card":"summary_large_image","twitter_misc":{"Est. reading time":"2 minutes"},"schema":{"@context":"https:\/\/schema.org","@graph":[{"@type":"WebPage","@id":"https:\/\/teixeiraduarteconstrucao.com\/en\/terms-and-conditions\/","url":"https:\/\/teixeiraduarteconstrucao.com\/en\/terms-and-conditions\/","name":"Terms and Conditions - Teixeira Duarte Constru\u00e7\u00e3o","isPartOf":{"@id":"https:\/\/teixeiraduarteconstrucao.com\/en\/#website"},"datePublished":"2019-05-15T08:15:32+00:00","dateModified":"2019-06-30T20:42:08+00:00","breadcrumb":{"@id":"https:\/\/teixeiraduarteconstrucao.com\/en\/terms-and-conditions\/#breadcrumb"},"inLanguage":"en-US","potentialAction":[{"@type":"ReadAction","target":["https:\/\/teixeiraduarteconstrucao.com\/en\/terms-and-conditions\/"]}]},{"@type":"BreadcrumbList","@id":"https:\/\/teixeiraduarteconstrucao.com\/en\/terms-and-conditions\/#breadcrumb","itemListElement":[{"@type":"ListItem","position":1,"name":"In\u00edcio","item":"https:\/\/teixeiraduarteconstrucao.com\/en\/"},{"@type":"ListItem","position":2,"name":"Terms and Conditions"}]},{"@type":"WebSite","@id":"https:\/\/teixeiraduarteconstrucao.com\/en\/#website","url":"https:\/\/teixeiraduarteconstrucao.com\/en\/","name":"Teixeira Duarte Constru\u00e7\u00e3o","description":"Pioneirismo e Inova\u00e7\u00e3o desde 1921","publisher":{"@id":"https:\/\/teixeiraduarteconstrucao.com\/en\/#organization"},"potentialAction":[{"@type":"SearchAction","target":{"@type":"EntryPoint","urlTemplate":"https:\/\/teixeiraduarteconstrucao.com\/en\/?s={search_term_string}"},"query-input":{"@type":"PropertyValueSpecification","valueRequired":true,"valueName":"search_term_string"}}],"inLanguage":"en-US"},{"@type":"Organization","@id":"https:\/\/teixeiraduarteconstrucao.com\/en\/#organization","name":"Teixeira Duarte - Engenharia e Constru\u00e7\u00f5es, S.A.","url":"https:\/\/teixeiraduarteconstrucao.com\/en\/","logo":{"@type":"ImageObject","inLanguage":"en-US","@id":"https:\/\/teixeiraduarteconstrucao.com\/en\/#\/schema\/logo\/image\/","url":"https:\/\/teixeiraduarteconstrucao.com\/wp-content\/uploads\/2025\/04\/Logotipo-Teixeira-Duarte-EC-2024-positivo.png","contentUrl":"https:\/\/teixeiraduarteconstrucao.com\/wp-content\/uploads\/2025\/04\/Logotipo-Teixeira-Duarte-EC-2024-positivo.png","width":3544,"height":1182,"caption":"Teixeira Duarte - Engenharia e Constru\u00e7\u00f5es, S.A."},"image":{"@id":"https:\/\/teixeiraduarteconstrucao.com\/en\/#\/schema\/logo\/image\/"},"sameAs":["https:\/\/www.facebook.com\/teixeiraduarteconstrucao\/?locale=pt_PT","https:\/\/www.linkedin.com\/company\/teixeira-duarte-engenharia-e-construcoes"]}]}},"_links":{"self":[{"href":"https:\/\/teixeiraduarteconstrucao.com\/en\/wp-json\/wp\/v2\/pages\/9014","targetHints":{"allow":["GET"]}}],"collection":[{"href":"https:\/\/teixeiraduarteconstrucao.com\/en\/wp-json\/wp\/v2\/pages"}],"about":[{"href":"https:\/\/teixeiraduarteconstrucao.com\/en\/wp-json\/wp\/v2\/types\/page"}],"author":[{"embeddable":true,"href":"https:\/\/teixeiraduarteconstrucao.com\/en\/wp-json\/wp\/v2\/users\/2"}],"replies":[{"embeddable":true,"href":"https:\/\/teixeiraduarteconstrucao.com\/en\/wp-json\/wp\/v2\/comments?post=9014"}],"version-history":[{"count":0,"href":"https:\/\/teixeiraduarteconstrucao.com\/en\/wp-json\/wp\/v2\/pages\/9014\/revisions"}],"wp:attachment":[{"href":"https:\/\/teixeiraduarteconstrucao.com\/en\/wp-json\/wp\/v2\/media?parent=9014"}],"curies":[{"name":"wp","href":"https:\/\/api.w.org\/{rel}","templated":true}]}}