{"id":8802,"date":"2019-04-15T17:49:55","date_gmt":"2019-04-15T17:49:55","guid":{"rendered":"https:\/\/teixeiraduarteconstrucao.com\/sustentabilidade\/responsabilidade-social\/"},"modified":"2025-02-03T14:43:37","modified_gmt":"2025-02-03T14:43:37","slug":"social-responsibility","status":"publish","type":"page","link":"https:\/\/teixeiraduarteconstrucao.com\/en\/sustainability\/social-responsibility\/","title":{"rendered":"Social Responsibility"},"content":{"rendered":"<div class=\"wpb-content-wrapper\">[vc_row tm_bgimagefixed=&#8221;&#8221;][vc_column]<div class=\"tm-element-heading-wrapper tm-heading-inner tm-element-align-left tm-seperator-none tm-heading-style-vertical  vc_custom_1721236087329\"><section class=\"tm-vc_cta3-container\"><div class=\"tm-vc_general tm-vc_cta3 tm-cta3-only tm-vc_cta3-style-classic tm-vc_cta3-shape-rounded tm-vc_cta3-align-left tm-vc_cta3-color-transparent tm-vc_cta3-icon-size-md tm-vc_cta3-actions-no tm-cta3-without-desc\"><div class=\"tm-vc_cta3_content-container\"><div class=\"tm-vc_cta3-content\"><header class=\"tm-vc_cta3-content-header tm-wrap\"><div class=\"tm-vc_cta3-headers tm-wrap-cell\"><h2 style=\"font-size:30px;line-height:30px;font-family:'Titillium Web',Arial,Helvetica;font-weight:600;\" class=\"tm-custom-heading \" >Social Responsibility<\/h2>\n<\/div><div class=\"heading-seperator\"><span><\/span><\/div><\/header><\/div><\/div><\/div><\/section><\/div> <!-- .tm-element-heading-wrapper container --> [vc_column_text]The mission and values of Teixeira Duarte particularly the \u201cCommitment\u201d value, reflect the Company\u2019s concern for Social Responsibility. This is also reinforced by the principles and rules laid down in the Code of Ethics and Conduct, which particularly applies to human capital, and by the sustainability vision and model that restates the intention of contributing to the development of communities.<\/p>\n<p>The certification of the Social Responsibility Management System, obtained during the year 2009, appears, therefore, as a natural corollary of these practices, demonstrating compliance with the reference standard requirements in this matter, the SA 8000. In this regard, it is suggested that you also consult the\u00a0<a href=\"https:\/\/teixeiraduarteconstrucao.com\/wp-content\/uploads\/2025\/02\/Performance-of-the-Social-Accountability-2024.pdf\" target=\"_blank\" rel=\"noopener noreferrer\">Performance Report of Teixeira Duarte \u2013 Engenharia e Constru\u00e7\u00f5es, S.A. under Social Responsibility<\/a>.<\/p>\n<p>Within the scope of support for social projects and social charity organisations, it should be noted that Teixeira Duarte \u2013 Engenharia e Constru\u00e7\u00f5es, S. A. has intended to adopt an institutionalised position through initiatives that are neither exclusive nor centralised in decisions by the Board of Directors, but rather involve all of its employees in direct actions.[\/vc_column_text][vc_single_image image=&#8221;15158&#8243; img_size=&#8221;500&#215;208&#8243; alignment=&#8221;center&#8221; css=&#8221;.vc_custom_1721236204254{margin-bottom: -20px !important;}&#8221;][vc_column_text css=&#8221;.vc_custom_1721313895214{margin-top: 70px !important;}&#8221;]\n<h4>Todos Doamos<\/h4>\n<p>It was with this aim that Teixeira Duarte adopted, in 2015, the \u201cTODOS DOAMOS\u201d Programme, a project prepared by the Teixeira Group for all its companies, which establishes the possibility for them to reinforce the support that their employees intend to provide to projects and institutions of social solidarity that help people.\u200b<\/p>\n<p>Employees can choose to support institutions with financial donations and\/or by donating time (volunteering).\u200b<\/p>\n<p>In 2023, 35 institutions were supported in 5 countries. The total financial donations given was \u20ac48,602 and volunteering summed 38 days.\u200b<\/p>\n<p><strong>Institutions\u00a0<\/strong>wishing to appear on the database of the TODOS DOAMOS programme, to raise awareness of them among Teixeira Duarte Group company employees and to facilitate their identification during any support processes, may submit their data on the form available <a href=\"https:\/\/www.teixeiraduarte.pt\/en\/sustainability\/projects\/todos-doamos-programme\/\">here<\/a>.[\/vc_column_text][\/vc_column][\/vc_row][vc_row][vc_column][vc_single_image image=&#8221;14245&#8243; img_size=&#8221;120&#215;135&#8243; alignment=&#8221;center&#8221;][vc_column_text]\n<h4>Dar Vida<\/h4>\n<p>In Angola, where the percentage of voluntary blood donations is quite low, Teixeira Duarte identified that many of its employees are directly or indirectly faced with a potential unavailability of blood at some point in their lives. Therefore, in 2019, the Company launched a social responsibility programme aimed at encouraging regular voluntary blood donation among employees, making them aware of the importance of voluntary blood donation and providing them with the conditions for effective donation, through technical partnerships with institutions such as the National Blood Institute and the Sagrada Esperan\u00e7a Clinic.<\/p>\n<p>Since then, the programme has been adopted by several companies of the Teixeira Duarte Group in Angola and extended to Mozambique, with employees donating blood to help save the lives of about 1,400 people.[\/vc_column_text][\/vc_column][\/vc_row][vc_row][vc_column]<section class=\"tm-vc_cta3-container\"><div class=\"tm-vc_general tm-vc_cta3 tm-cta3-only tm-vc_cta3-style-classic tm-vc_cta3-shape-rounded tm-vc_cta3-align-left tm-vc_cta3-color-skincolor tm-vc_cta3-icon-size-md tm-vc_cta3-actions-right tm-cta3-with-desc\"><div class=\"tm-vc_cta3_content-container\"><div class=\"tm-vc_cta3-content\"><header class=\"tm-vc_cta3-content-header tm-wrap\"><div class=\"tm-vc_cta3-headers tm-wrap-cell\"><\/div><div class=\"heading-seperator\"><span><\/span><\/div><\/header><div class=\"tm-cta3-content-wrapper\"><p><strong>Learn more about these and other projects with impact of the Teixeira Duarte Group.<\/strong><\/p><\/div><\/div><div class=\"tm-vc_cta3-actions\">\n\t\t<div class=\"tm-vc_btn3-container tm-vc_btn3-inline\"><a class=\"tm-vc_general tm-vc_btn3 tm-vc_btn3-size-md tm-vc_btn3-shape-square tm-vc_btn3-style-flat tm-vc_btn3-weight-no tm-vc_btn3-icon-right tm-vc_btn3-color-skincolor\" href=\"https:\/\/www.teixeiraduarte.pt\/en\/sustainability\/projects\/\" title=\"\" target=\"_blank\">PROJECTS WITH IMPACT <i class=\"tm-vc_btn3-icon themifyicon ti-arrow-right\"><\/i><\/a><\/div><\/div><\/div><\/div><\/section>[\/vc_column][\/vc_row]\n<\/div>","protected":false},"excerpt":{"rendered":"<p>[vc_row tm_bgimagefixed=&#8221;&#8221;][vc_column][vc_column_text]The mission and values of Teixeira Duarte particularly the \u201cCommitment\u201d value, reflect the Company\u2019s concern for Social Responsibility. This is also reinforced by the principles and rules laid down in the Code of Ethics and Conduct, which particularly applies to human capital, and by the sustainability vision and model that restates the intention of &hellip; <a href=\"https:\/\/teixeiraduarteconstrucao.com\/en\/sustainability\/social-responsibility\/\" class=\"more-link\">Continue reading <span class=\"screen-reader-text\">Social Responsibility<\/span><\/a><\/p>\n","protected":false},"author":2,"featured_media":0,"parent":8792,"menu_order":7,"comment_status":"closed","ping_status":"closed","template":"","meta":{"footnotes":""},"class_list":["post-8802","page","type-page","status-publish","hentry"],"yoast_head":"<!-- This site is optimized with the Yoast SEO plugin v26.7 - https:\/\/yoast.com\/wordpress\/plugins\/seo\/ -->\n<title>Social Responsibility - Teixeira Duarte Constru\u00e7\u00e3o<\/title>\n<meta name=\"description\" content=\"The Mission and Values of Teixeira Duarte, particularly the &quot;Commitment\u201d value, reflect the Company&#039;s concern for Social Responsibility.\" \/>\n<meta name=\"robots\" content=\"index, follow, max-snippet:-1, max-image-preview:large, max-video-preview:-1\" \/>\n<link rel=\"canonical\" href=\"https:\/\/teixeiraduarteconstrucao.com\/en\/sustainability\/social-responsibility\/\" \/>\n<meta property=\"og:locale\" content=\"en_US\" \/>\n<meta property=\"og:type\" content=\"article\" \/>\n<meta property=\"og:title\" content=\"Social Responsibility - Teixeira Duarte Constru\u00e7\u00e3o\" \/>\n<meta property=\"og:description\" content=\"The Mission and Values of Teixeira Duarte, particularly the &quot;Commitment\u201d value, reflect the Company&#039;s concern for Social Responsibility.\" \/>\n<meta property=\"og:url\" content=\"https:\/\/teixeiraduarteconstrucao.com\/en\/sustainability\/social-responsibility\/\" \/>\n<meta property=\"og:site_name\" content=\"Teixeira Duarte Constru\u00e7\u00e3o\" \/>\n<meta property=\"article:publisher\" content=\"https:\/\/www.facebook.com\/teixeiraduarteconstrucao\/?locale=pt_PT\" \/>\n<meta property=\"article:modified_time\" content=\"2025-02-03T14:43:37+00:00\" \/>\n<meta name=\"twitter:card\" content=\"summary_large_image\" \/>\n<meta name=\"twitter:label1\" content=\"Est. reading time\" \/>\n\t<meta name=\"twitter:data1\" content=\"4 minutes\" \/>\n<script type=\"application\/ld+json\" class=\"yoast-schema-graph\">{\"@context\":\"https:\/\/schema.org\",\"@graph\":[{\"@type\":\"WebPage\",\"@id\":\"https:\/\/teixeiraduarteconstrucao.com\/en\/sustainability\/social-responsibility\/\",\"url\":\"https:\/\/teixeiraduarteconstrucao.com\/en\/sustainability\/social-responsibility\/\",\"name\":\"Social Responsibility - Teixeira Duarte Constru\u00e7\u00e3o\",\"isPartOf\":{\"@id\":\"https:\/\/teixeiraduarteconstrucao.com\/en\/#website\"},\"datePublished\":\"2019-04-15T17:49:55+00:00\",\"dateModified\":\"2025-02-03T14:43:37+00:00\",\"description\":\"The Mission and Values of Teixeira Duarte, particularly the \\\"Commitment\u201d value, reflect the Company's concern for Social Responsibility.\",\"breadcrumb\":{\"@id\":\"https:\/\/teixeiraduarteconstrucao.com\/en\/sustainability\/social-responsibility\/#breadcrumb\"},\"inLanguage\":\"en-US\",\"potentialAction\":[{\"@type\":\"ReadAction\",\"target\":[\"https:\/\/teixeiraduarteconstrucao.com\/en\/sustainability\/social-responsibility\/\"]}]},{\"@type\":\"BreadcrumbList\",\"@id\":\"https:\/\/teixeiraduarteconstrucao.com\/en\/sustainability\/social-responsibility\/#breadcrumb\",\"itemListElement\":[{\"@type\":\"ListItem\",\"position\":1,\"name\":\"In\u00edcio\",\"item\":\"https:\/\/teixeiraduarteconstrucao.com\/en\/\"},{\"@type\":\"ListItem\",\"position\":2,\"name\":\"Sustainability\",\"item\":\"https:\/\/teixeiraduarteconstrucao.com\/en\/sustainability\/\"},{\"@type\":\"ListItem\",\"position\":3,\"name\":\"Social Responsibility\"}]},{\"@type\":\"WebSite\",\"@id\":\"https:\/\/teixeiraduarteconstrucao.com\/en\/#website\",\"url\":\"https:\/\/teixeiraduarteconstrucao.com\/en\/\",\"name\":\"Teixeira Duarte Constru\u00e7\u00e3o\",\"description\":\"Pioneirismo e Inova\u00e7\u00e3o desde 1921\",\"publisher\":{\"@id\":\"https:\/\/teixeiraduarteconstrucao.com\/en\/#organization\"},\"potentialAction\":[{\"@type\":\"SearchAction\",\"target\":{\"@type\":\"EntryPoint\",\"urlTemplate\":\"https:\/\/teixeiraduarteconstrucao.com\/en\/?s={search_term_string}\"},\"query-input\":{\"@type\":\"PropertyValueSpecification\",\"valueRequired\":true,\"valueName\":\"search_term_string\"}}],\"inLanguage\":\"en-US\"},{\"@type\":\"Organization\",\"@id\":\"https:\/\/teixeiraduarteconstrucao.com\/en\/#organization\",\"name\":\"Teixeira Duarte - Engenharia e Constru\u00e7\u00f5es, S.A.\",\"url\":\"https:\/\/teixeiraduarteconstrucao.com\/en\/\",\"logo\":{\"@type\":\"ImageObject\",\"inLanguage\":\"en-US\",\"@id\":\"https:\/\/teixeiraduarteconstrucao.com\/en\/#\/schema\/logo\/image\/\",\"url\":\"https:\/\/teixeiraduarteconstrucao.com\/wp-content\/uploads\/2025\/04\/Logotipo-Teixeira-Duarte-EC-2024-positivo.png\",\"contentUrl\":\"https:\/\/teixeiraduarteconstrucao.com\/wp-content\/uploads\/2025\/04\/Logotipo-Teixeira-Duarte-EC-2024-positivo.png\",\"width\":3544,\"height\":1182,\"caption\":\"Teixeira Duarte - Engenharia e Constru\u00e7\u00f5es, S.A.\"},\"image\":{\"@id\":\"https:\/\/teixeiraduarteconstrucao.com\/en\/#\/schema\/logo\/image\/\"},\"sameAs\":[\"https:\/\/www.facebook.com\/teixeiraduarteconstrucao\/?locale=pt_PT\",\"https:\/\/www.linkedin.com\/company\/teixeira-duarte-engenharia-e-construcoes\"]}]}<\/script>\n<!-- \/ Yoast SEO plugin. -->","yoast_head_json":{"title":"Social Responsibility - Teixeira Duarte Constru\u00e7\u00e3o","description":"The Mission and Values of Teixeira Duarte, particularly the \"Commitment\u201d value, reflect the Company's concern for Social Responsibility.","robots":{"index":"index","follow":"follow","max-snippet":"max-snippet:-1","max-image-preview":"max-image-preview:large","max-video-preview":"max-video-preview:-1"},"canonical":"https:\/\/teixeiraduarteconstrucao.com\/en\/sustainability\/social-responsibility\/","og_locale":"en_US","og_type":"article","og_title":"Social Responsibility - Teixeira Duarte Constru\u00e7\u00e3o","og_description":"The Mission and Values of Teixeira Duarte, particularly the \"Commitment\u201d value, reflect the Company's concern for Social Responsibility.","og_url":"https:\/\/teixeiraduarteconstrucao.com\/en\/sustainability\/social-responsibility\/","og_site_name":"Teixeira Duarte Constru\u00e7\u00e3o","article_publisher":"https:\/\/www.facebook.com\/teixeiraduarteconstrucao\/?locale=pt_PT","article_modified_time":"2025-02-03T14:43:37+00:00","twitter_card":"summary_large_image","twitter_misc":{"Est. reading time":"4 minutes"},"schema":{"@context":"https:\/\/schema.org","@graph":[{"@type":"WebPage","@id":"https:\/\/teixeiraduarteconstrucao.com\/en\/sustainability\/social-responsibility\/","url":"https:\/\/teixeiraduarteconstrucao.com\/en\/sustainability\/social-responsibility\/","name":"Social Responsibility - Teixeira Duarte Constru\u00e7\u00e3o","isPartOf":{"@id":"https:\/\/teixeiraduarteconstrucao.com\/en\/#website"},"datePublished":"2019-04-15T17:49:55+00:00","dateModified":"2025-02-03T14:43:37+00:00","description":"The Mission and Values of Teixeira Duarte, particularly the \"Commitment\u201d value, reflect the Company's concern for Social Responsibility.","breadcrumb":{"@id":"https:\/\/teixeiraduarteconstrucao.com\/en\/sustainability\/social-responsibility\/#breadcrumb"},"inLanguage":"en-US","potentialAction":[{"@type":"ReadAction","target":["https:\/\/teixeiraduarteconstrucao.com\/en\/sustainability\/social-responsibility\/"]}]},{"@type":"BreadcrumbList","@id":"https:\/\/teixeiraduarteconstrucao.com\/en\/sustainability\/social-responsibility\/#breadcrumb","itemListElement":[{"@type":"ListItem","position":1,"name":"In\u00edcio","item":"https:\/\/teixeiraduarteconstrucao.com\/en\/"},{"@type":"ListItem","position":2,"name":"Sustainability","item":"https:\/\/teixeiraduarteconstrucao.com\/en\/sustainability\/"},{"@type":"ListItem","position":3,"name":"Social Responsibility"}]},{"@type":"WebSite","@id":"https:\/\/teixeiraduarteconstrucao.com\/en\/#website","url":"https:\/\/teixeiraduarteconstrucao.com\/en\/","name":"Teixeira Duarte Constru\u00e7\u00e3o","description":"Pioneirismo e Inova\u00e7\u00e3o desde 1921","publisher":{"@id":"https:\/\/teixeiraduarteconstrucao.com\/en\/#organization"},"potentialAction":[{"@type":"SearchAction","target":{"@type":"EntryPoint","urlTemplate":"https:\/\/teixeiraduarteconstrucao.com\/en\/?s={search_term_string}"},"query-input":{"@type":"PropertyValueSpecification","valueRequired":true,"valueName":"search_term_string"}}],"inLanguage":"en-US"},{"@type":"Organization","@id":"https:\/\/teixeiraduarteconstrucao.com\/en\/#organization","name":"Teixeira Duarte - Engenharia e Constru\u00e7\u00f5es, S.A.","url":"https:\/\/teixeiraduarteconstrucao.com\/en\/","logo":{"@type":"ImageObject","inLanguage":"en-US","@id":"https:\/\/teixeiraduarteconstrucao.com\/en\/#\/schema\/logo\/image\/","url":"https:\/\/teixeiraduarteconstrucao.com\/wp-content\/uploads\/2025\/04\/Logotipo-Teixeira-Duarte-EC-2024-positivo.png","contentUrl":"https:\/\/teixeiraduarteconstrucao.com\/wp-content\/uploads\/2025\/04\/Logotipo-Teixeira-Duarte-EC-2024-positivo.png","width":3544,"height":1182,"caption":"Teixeira Duarte - Engenharia e Constru\u00e7\u00f5es, S.A."},"image":{"@id":"https:\/\/teixeiraduarteconstrucao.com\/en\/#\/schema\/logo\/image\/"},"sameAs":["https:\/\/www.facebook.com\/teixeiraduarteconstrucao\/?locale=pt_PT","https:\/\/www.linkedin.com\/company\/teixeira-duarte-engenharia-e-construcoes"]}]}},"_links":{"self":[{"href":"https:\/\/teixeiraduarteconstrucao.com\/en\/wp-json\/wp\/v2\/pages\/8802","targetHints":{"allow":["GET"]}}],"collection":[{"href":"https:\/\/teixeiraduarteconstrucao.com\/en\/wp-json\/wp\/v2\/pages"}],"about":[{"href":"https:\/\/teixeiraduarteconstrucao.com\/en\/wp-json\/wp\/v2\/types\/page"}],"author":[{"embeddable":true,"href":"https:\/\/teixeiraduarteconstrucao.com\/en\/wp-json\/wp\/v2\/users\/2"}],"replies":[{"embeddable":true,"href":"https:\/\/teixeiraduarteconstrucao.com\/en\/wp-json\/wp\/v2\/comments?post=8802"}],"version-history":[{"count":10,"href":"https:\/\/teixeiraduarteconstrucao.com\/en\/wp-json\/wp\/v2\/pages\/8802\/revisions"}],"predecessor-version":[{"id":17716,"href":"https:\/\/teixeiraduarteconstrucao.com\/en\/wp-json\/wp\/v2\/pages\/8802\/revisions\/17716"}],"up":[{"embeddable":true,"href":"https:\/\/teixeiraduarteconstrucao.com\/en\/wp-json\/wp\/v2\/pages\/8792"}],"wp:attachment":[{"href":"https:\/\/teixeiraduarteconstrucao.com\/en\/wp-json\/wp\/v2\/media?parent=8802"}],"curies":[{"name":"wp","href":"https:\/\/api.w.org\/{rel}","templated":true}]}}