{"id":8795,"date":"2019-04-15T16:54:10","date_gmt":"2019-04-15T16:54:10","guid":{"rendered":"https:\/\/teixeiraduarteconstrucao.com\/sustentabilidade\/etica-e-conduta\/"},"modified":"2019-07-01T09:59:52","modified_gmt":"2019-07-01T09:59:52","slug":"ethics-and-conduct","status":"publish","type":"page","link":"https:\/\/teixeiraduarteconstrucao.com\/en\/sustainability\/ethics-and-conduct\/","title":{"rendered":"Ethics and Conduct"},"content":{"rendered":"<div class=\"wpb-content-wrapper\">[vc_row tm_bgimagefixed=&#8221;&#8221;][vc_column]<div class=\"tm-element-heading-wrapper tm-heading-inner tm-element-align-left tm-seperator-none tm-heading-style-vertical  vc_custom_1561740973406\"><section class=\"tm-vc_cta3-container\"><div class=\"tm-vc_general tm-vc_cta3 tm-cta3-only tm-vc_cta3-style-classic tm-vc_cta3-shape-rounded tm-vc_cta3-align-left tm-vc_cta3-color-transparent tm-vc_cta3-icon-size-md tm-vc_cta3-actions-no tm-cta3-without-desc\"><div class=\"tm-vc_cta3_content-container\"><div class=\"tm-vc_cta3-content\"><header class=\"tm-vc_cta3-content-header tm-wrap\"><div class=\"tm-vc_cta3-headers tm-wrap-cell\"><h2 style=\"font-size:30px;line-height:30px;font-family:'Titillium Web',Arial,Helvetica;font-weight:600;\" class=\"tm-custom-heading \" >Ethics and Conduct<\/h2>\n<\/div><div class=\"heading-seperator\"><span><\/span><\/div><\/header><\/div><\/div><\/div><\/section><\/div> <!-- .tm-element-heading-wrapper container --> [vc_column_text]One of the main tools that guide the actions of employees of Teixeira Duarte &#8211; Engenharia e Constru\u00e7\u00f5es, S. A.&#8217;s is the company\u2019s <strong>Code of Ethics and Conduct<\/strong>. This code sets out the cross-company principles of action for all employees, as well as for the Company\u2019s involvement with stakeholders. It is a way of strengthening and developing Teixeira Duarte&#8217;s Mission and Values.<\/p>\n<p>The Code is aimed at all Directors, Workers and Other Company Representatives. Furthermore, not only is it the responsibility of all of these employees to know about and grasp the Code, and to implement it within the institution and defend it externally, but also to encourage the application of the respective rules by third parties in the sector, and during the course of relationships that these parties maintain with the Company.<\/p>\n<p>According to this Code, all employees of Teixeira Duarte &#8211; Engenharia e Constru\u00e7\u00f5es, S.A. are committed to complying with, defending and enforcing (as well as among indirect recipients) the legislation and regulations in force in the geographical areas where the group operates, including any global or sector agreements and ethical rules specific to each professional, as well as any and all contractual commitments taken on by the Group.[\/vc_column_text][\/vc_column][\/vc_row][vc_row tm_bgimage_position=&#8221;left_center&#8221; tm_bgimagefixed=&#8221;&#8221;][vc_column tm_bgimage_position=&#8221;left_center&#8221;]\n\t\t<div class=\"tm-vc_btn3-container tm-vc_btn3-left\"><a class=\"tm-vc_general tm-vc_btn3 tm-vc_btn3-size-md tm-vc_btn3-shape-square tm-vc_btn3-style-flat tm-vc_btn3-weight-no tm-vc_btn3-color-skincolor\" href=\"https:\/\/teixeiraduarteconstrucao.com\/wp-content\/uploads\/2019\/07\/Code-of-Ethics-and-Conduct-TD-EC-en.pdf\" title=\"\" target=\"_blank\">Our Code of Ethics and Conduct<\/a><\/div>[\/vc_column][\/vc_row]\n<\/div>","protected":false},"excerpt":{"rendered":"<p>[vc_row tm_bgimagefixed=&#8221;&#8221;][vc_column][vc_column_text]One of the main tools that guide the actions of employees of Teixeira Duarte &#8211; Engenharia e Constru\u00e7\u00f5es, S. A.&#8217;s is the company\u2019s Code of Ethics and Conduct. This code sets out the cross-company principles of action for all employees, as well as for the Company\u2019s involvement with stakeholders. It is a way of &hellip; <a href=\"https:\/\/teixeiraduarteconstrucao.com\/en\/sustainability\/ethics-and-conduct\/\" class=\"more-link\">Continue reading <span class=\"screen-reader-text\">Ethics and Conduct<\/span><\/a><\/p>\n","protected":false},"author":2,"featured_media":0,"parent":8792,"menu_order":1,"comment_status":"closed","ping_status":"closed","template":"","meta":{"footnotes":""},"class_list":["post-8795","page","type-page","status-publish","hentry"],"yoast_head":"<!-- This site is optimized with the Yoast SEO plugin v26.7 - https:\/\/yoast.com\/wordpress\/plugins\/seo\/ -->\n<title>Ethics and Conduct - Teixeira Duarte Constru\u00e7\u00e3o<\/title>\n<meta name=\"description\" content=\"One of the main tools that guide the actions of employees of Teixeira Duarte&#039;s is the company\u2019s Code of Ethics and Conduct.\" \/>\n<meta name=\"robots\" content=\"index, follow, max-snippet:-1, max-image-preview:large, max-video-preview:-1\" \/>\n<link rel=\"canonical\" href=\"https:\/\/teixeiraduarteconstrucao.com\/en\/sustainability\/ethics-and-conduct\/\" \/>\n<meta property=\"og:locale\" content=\"en_US\" \/>\n<meta property=\"og:type\" content=\"article\" \/>\n<meta property=\"og:title\" content=\"Ethics and Conduct - Teixeira Duarte Constru\u00e7\u00e3o\" \/>\n<meta property=\"og:description\" content=\"One of the main tools that guide the actions of employees of Teixeira Duarte&#039;s is the company\u2019s Code of Ethics and Conduct.\" \/>\n<meta property=\"og:url\" content=\"https:\/\/teixeiraduarteconstrucao.com\/en\/sustainability\/ethics-and-conduct\/\" \/>\n<meta property=\"og:site_name\" content=\"Teixeira Duarte Constru\u00e7\u00e3o\" \/>\n<meta property=\"article:publisher\" content=\"https:\/\/www.facebook.com\/teixeiraduarteconstrucao\/?locale=pt_PT\" \/>\n<meta property=\"article:modified_time\" content=\"2019-07-01T09:59:52+00:00\" \/>\n<meta name=\"twitter:card\" content=\"summary_large_image\" \/>\n<meta name=\"twitter:label1\" content=\"Est. reading time\" \/>\n\t<meta name=\"twitter:data1\" content=\"2 minutes\" \/>\n<script type=\"application\/ld+json\" class=\"yoast-schema-graph\">{\"@context\":\"https:\/\/schema.org\",\"@graph\":[{\"@type\":\"WebPage\",\"@id\":\"https:\/\/teixeiraduarteconstrucao.com\/en\/sustainability\/ethics-and-conduct\/\",\"url\":\"https:\/\/teixeiraduarteconstrucao.com\/en\/sustainability\/ethics-and-conduct\/\",\"name\":\"Ethics and Conduct - Teixeira Duarte Constru\u00e7\u00e3o\",\"isPartOf\":{\"@id\":\"https:\/\/teixeiraduarteconstrucao.com\/en\/#website\"},\"datePublished\":\"2019-04-15T16:54:10+00:00\",\"dateModified\":\"2019-07-01T09:59:52+00:00\",\"description\":\"One of the main tools that guide the actions of employees of Teixeira Duarte's is the company\u2019s Code of Ethics and Conduct.\",\"breadcrumb\":{\"@id\":\"https:\/\/teixeiraduarteconstrucao.com\/en\/sustainability\/ethics-and-conduct\/#breadcrumb\"},\"inLanguage\":\"en-US\",\"potentialAction\":[{\"@type\":\"ReadAction\",\"target\":[\"https:\/\/teixeiraduarteconstrucao.com\/en\/sustainability\/ethics-and-conduct\/\"]}]},{\"@type\":\"BreadcrumbList\",\"@id\":\"https:\/\/teixeiraduarteconstrucao.com\/en\/sustainability\/ethics-and-conduct\/#breadcrumb\",\"itemListElement\":[{\"@type\":\"ListItem\",\"position\":1,\"name\":\"In\u00edcio\",\"item\":\"https:\/\/teixeiraduarteconstrucao.com\/en\/\"},{\"@type\":\"ListItem\",\"position\":2,\"name\":\"Sustainability\",\"item\":\"https:\/\/teixeiraduarteconstrucao.com\/en\/sustainability\/\"},{\"@type\":\"ListItem\",\"position\":3,\"name\":\"Ethics and Conduct\"}]},{\"@type\":\"WebSite\",\"@id\":\"https:\/\/teixeiraduarteconstrucao.com\/en\/#website\",\"url\":\"https:\/\/teixeiraduarteconstrucao.com\/en\/\",\"name\":\"Teixeira Duarte Constru\u00e7\u00e3o\",\"description\":\"Pioneirismo e Inova\u00e7\u00e3o desde 1921\",\"publisher\":{\"@id\":\"https:\/\/teixeiraduarteconstrucao.com\/en\/#organization\"},\"potentialAction\":[{\"@type\":\"SearchAction\",\"target\":{\"@type\":\"EntryPoint\",\"urlTemplate\":\"https:\/\/teixeiraduarteconstrucao.com\/en\/?s={search_term_string}\"},\"query-input\":{\"@type\":\"PropertyValueSpecification\",\"valueRequired\":true,\"valueName\":\"search_term_string\"}}],\"inLanguage\":\"en-US\"},{\"@type\":\"Organization\",\"@id\":\"https:\/\/teixeiraduarteconstrucao.com\/en\/#organization\",\"name\":\"Teixeira Duarte - Engenharia e Constru\u00e7\u00f5es, S.A.\",\"url\":\"https:\/\/teixeiraduarteconstrucao.com\/en\/\",\"logo\":{\"@type\":\"ImageObject\",\"inLanguage\":\"en-US\",\"@id\":\"https:\/\/teixeiraduarteconstrucao.com\/en\/#\/schema\/logo\/image\/\",\"url\":\"https:\/\/teixeiraduarteconstrucao.com\/wp-content\/uploads\/2025\/04\/Logotipo-Teixeira-Duarte-EC-2024-positivo.png\",\"contentUrl\":\"https:\/\/teixeiraduarteconstrucao.com\/wp-content\/uploads\/2025\/04\/Logotipo-Teixeira-Duarte-EC-2024-positivo.png\",\"width\":3544,\"height\":1182,\"caption\":\"Teixeira Duarte - Engenharia e Constru\u00e7\u00f5es, S.A.\"},\"image\":{\"@id\":\"https:\/\/teixeiraduarteconstrucao.com\/en\/#\/schema\/logo\/image\/\"},\"sameAs\":[\"https:\/\/www.facebook.com\/teixeiraduarteconstrucao\/?locale=pt_PT\",\"https:\/\/www.linkedin.com\/company\/teixeira-duarte-engenharia-e-construcoes\"]}]}<\/script>\n<!-- \/ Yoast SEO plugin. -->","yoast_head_json":{"title":"Ethics and Conduct - Teixeira Duarte Constru\u00e7\u00e3o","description":"One of the main tools that guide the actions of employees of Teixeira Duarte's is the company\u2019s Code of Ethics and Conduct.","robots":{"index":"index","follow":"follow","max-snippet":"max-snippet:-1","max-image-preview":"max-image-preview:large","max-video-preview":"max-video-preview:-1"},"canonical":"https:\/\/teixeiraduarteconstrucao.com\/en\/sustainability\/ethics-and-conduct\/","og_locale":"en_US","og_type":"article","og_title":"Ethics and Conduct - Teixeira Duarte Constru\u00e7\u00e3o","og_description":"One of the main tools that guide the actions of employees of Teixeira Duarte's is the company\u2019s Code of Ethics and Conduct.","og_url":"https:\/\/teixeiraduarteconstrucao.com\/en\/sustainability\/ethics-and-conduct\/","og_site_name":"Teixeira Duarte Constru\u00e7\u00e3o","article_publisher":"https:\/\/www.facebook.com\/teixeiraduarteconstrucao\/?locale=pt_PT","article_modified_time":"2019-07-01T09:59:52+00:00","twitter_card":"summary_large_image","twitter_misc":{"Est. reading time":"2 minutes"},"schema":{"@context":"https:\/\/schema.org","@graph":[{"@type":"WebPage","@id":"https:\/\/teixeiraduarteconstrucao.com\/en\/sustainability\/ethics-and-conduct\/","url":"https:\/\/teixeiraduarteconstrucao.com\/en\/sustainability\/ethics-and-conduct\/","name":"Ethics and Conduct - Teixeira Duarte Constru\u00e7\u00e3o","isPartOf":{"@id":"https:\/\/teixeiraduarteconstrucao.com\/en\/#website"},"datePublished":"2019-04-15T16:54:10+00:00","dateModified":"2019-07-01T09:59:52+00:00","description":"One of the main tools that guide the actions of employees of Teixeira Duarte's is the company\u2019s Code of Ethics and Conduct.","breadcrumb":{"@id":"https:\/\/teixeiraduarteconstrucao.com\/en\/sustainability\/ethics-and-conduct\/#breadcrumb"},"inLanguage":"en-US","potentialAction":[{"@type":"ReadAction","target":["https:\/\/teixeiraduarteconstrucao.com\/en\/sustainability\/ethics-and-conduct\/"]}]},{"@type":"BreadcrumbList","@id":"https:\/\/teixeiraduarteconstrucao.com\/en\/sustainability\/ethics-and-conduct\/#breadcrumb","itemListElement":[{"@type":"ListItem","position":1,"name":"In\u00edcio","item":"https:\/\/teixeiraduarteconstrucao.com\/en\/"},{"@type":"ListItem","position":2,"name":"Sustainability","item":"https:\/\/teixeiraduarteconstrucao.com\/en\/sustainability\/"},{"@type":"ListItem","position":3,"name":"Ethics and Conduct"}]},{"@type":"WebSite","@id":"https:\/\/teixeiraduarteconstrucao.com\/en\/#website","url":"https:\/\/teixeiraduarteconstrucao.com\/en\/","name":"Teixeira Duarte Constru\u00e7\u00e3o","description":"Pioneirismo e Inova\u00e7\u00e3o desde 1921","publisher":{"@id":"https:\/\/teixeiraduarteconstrucao.com\/en\/#organization"},"potentialAction":[{"@type":"SearchAction","target":{"@type":"EntryPoint","urlTemplate":"https:\/\/teixeiraduarteconstrucao.com\/en\/?s={search_term_string}"},"query-input":{"@type":"PropertyValueSpecification","valueRequired":true,"valueName":"search_term_string"}}],"inLanguage":"en-US"},{"@type":"Organization","@id":"https:\/\/teixeiraduarteconstrucao.com\/en\/#organization","name":"Teixeira Duarte - Engenharia e Constru\u00e7\u00f5es, S.A.","url":"https:\/\/teixeiraduarteconstrucao.com\/en\/","logo":{"@type":"ImageObject","inLanguage":"en-US","@id":"https:\/\/teixeiraduarteconstrucao.com\/en\/#\/schema\/logo\/image\/","url":"https:\/\/teixeiraduarteconstrucao.com\/wp-content\/uploads\/2025\/04\/Logotipo-Teixeira-Duarte-EC-2024-positivo.png","contentUrl":"https:\/\/teixeiraduarteconstrucao.com\/wp-content\/uploads\/2025\/04\/Logotipo-Teixeira-Duarte-EC-2024-positivo.png","width":3544,"height":1182,"caption":"Teixeira Duarte - Engenharia e Constru\u00e7\u00f5es, S.A."},"image":{"@id":"https:\/\/teixeiraduarteconstrucao.com\/en\/#\/schema\/logo\/image\/"},"sameAs":["https:\/\/www.facebook.com\/teixeiraduarteconstrucao\/?locale=pt_PT","https:\/\/www.linkedin.com\/company\/teixeira-duarte-engenharia-e-construcoes"]}]}},"_links":{"self":[{"href":"https:\/\/teixeiraduarteconstrucao.com\/en\/wp-json\/wp\/v2\/pages\/8795","targetHints":{"allow":["GET"]}}],"collection":[{"href":"https:\/\/teixeiraduarteconstrucao.com\/en\/wp-json\/wp\/v2\/pages"}],"about":[{"href":"https:\/\/teixeiraduarteconstrucao.com\/en\/wp-json\/wp\/v2\/types\/page"}],"author":[{"embeddable":true,"href":"https:\/\/teixeiraduarteconstrucao.com\/en\/wp-json\/wp\/v2\/users\/2"}],"replies":[{"embeddable":true,"href":"https:\/\/teixeiraduarteconstrucao.com\/en\/wp-json\/wp\/v2\/comments?post=8795"}],"version-history":[{"count":0,"href":"https:\/\/teixeiraduarteconstrucao.com\/en\/wp-json\/wp\/v2\/pages\/8795\/revisions"}],"up":[{"embeddable":true,"href":"https:\/\/teixeiraduarteconstrucao.com\/en\/wp-json\/wp\/v2\/pages\/8792"}],"wp:attachment":[{"href":"https:\/\/teixeiraduarteconstrucao.com\/en\/wp-json\/wp\/v2\/media?parent=8795"}],"curies":[{"name":"wp","href":"https:\/\/api.w.org\/{rel}","templated":true}]}}