{"id":8793,"date":"2019-04-15T17:46:45","date_gmt":"2019-04-15T17:46:45","guid":{"rendered":"https:\/\/teixeiraduarteconstrucao.com\/sustentabilidade\/programa-de-compliance\/"},"modified":"2024-06-06T15:00:16","modified_gmt":"2024-06-06T15:00:16","slug":"compliance-programme","status":"publish","type":"page","link":"https:\/\/teixeiraduarteconstrucao.com\/en\/sustainability\/compliance-programme\/","title":{"rendered":"Compliance"},"content":{"rendered":"<div class=\"wpb-content-wrapper\">[vc_row tm_bgimagefixed=&#8221;&#8221;][vc_column]<div class=\"tm-element-heading-wrapper tm-heading-inner tm-element-align-left tm-seperator-none tm-heading-style-vertical  vc_custom_1656929141683\"><section class=\"tm-vc_cta3-container\"><div class=\"tm-vc_general tm-vc_cta3 tm-cta3-only tm-vc_cta3-style-classic tm-vc_cta3-shape-rounded tm-vc_cta3-align-left tm-vc_cta3-color-transparent tm-vc_cta3-icon-size-md tm-vc_cta3-actions-no tm-cta3-without-desc\"><div class=\"tm-vc_cta3_content-container\"><div class=\"tm-vc_cta3-content\"><header class=\"tm-vc_cta3-content-header tm-wrap\"><div class=\"tm-vc_cta3-headers tm-wrap-cell\"><h2 style=\"font-size:30px;line-height:30px;font-family:'Titillium Web',Arial,Helvetica;font-weight:600;\" class=\"tm-custom-heading \" >Compliance<\/h2>\n<\/div><div class=\"heading-seperator\"><span><\/span><\/div><\/header><\/div><\/div><\/div><\/section><\/div> <!-- .tm-element-heading-wrapper container --> [vc_column_text]Teixeira Duarte &#8211; Engenharia e Constru\u00e7\u00f5es, S.A. has implemented a <em>compliance<\/em> or conformity management programme, which is mandatory for all employees.<\/p>\n<p>The\u00a0<em>compliance<\/em>\u00a0establishes a set of measures and procedures based on the\u00a0<em>Compliance<\/em> Policy, the <a href=\"https:\/\/teixeiraduarteconstrucao.com\/en\/sustainability\/ethics-and-conduct\/\">Code of Ethics and Conduct<\/a> and the <a href=\"https:\/\/teixeiraduarteconstrucao.com\/en\/who-we-are\/mission-and-values\/\">Mission and Values<\/a> of Teixeira Duarte, aimed at being able to more effectively demonstrate compliance with the law and internal standards, thereby contributing to a climate of integrity and ethical culture during the course of the Company\u2019s activities.<\/p>\n<p>The\u00a0<em>compliance\u00a0<\/em>system includes risk assessment processes and financial and non-financial internal control procedures.<\/p>\n<p><strong>Combating corruption and bribery, money laundering and terrorism financing<\/strong><\/p>\n<p>The <em>compliance\u00a0<\/em>system also ensures the implementation and assessment of the effectiveness of the Code of Ethics and Conduct, according to which employees must act in order to assess and avoid possible conflict of interest situations, as well as to actively or passively prevent any corrupt behaviour, including facilitation payments or gifts, or the creation, maintenance or promise of irregular situations or favours.<\/p>\n<p>They shall be obliged to report any information that constitutes misconduct, including those that constitute possible illegal or illicit practices in financial and accounting matters, fraud, corruption and money laundering, as well as any actions related, directly or indirectly, to terrorist entities or those that may target or support terrorist practices.<\/p>\n<p>Everybody is also responsible for ensuring that indirect recipients of code also do so.<\/p>\n<p>Employees must act in a manner that actively combats possible attempts at money laundering, refusing to participate in any act that as such may be considered, under current legal and regulatory standards, as well as in any attempt, complicity, facilitation or advice to carry it out.<\/p>\n<p>Similarly, employees must also take actions to prevent the Group&#8217;s activity from being able to supply, collect or hold funds or assets in any way that could be used for financing and supporting criminal activities, specifically terrorists.<\/p>\n<p><strong>Relationship with the Competition<\/strong><\/p>\n<p>Competition is a natural and healthy market consequence that promotes business excellence and efficiency. In this sense, Employees must adopt a true and committed attitude towards the Company\u2019s and the Group\u2019s competitors, always in accordance with the law and applicable internal rules.<\/p>\n<p>Employees must therefore assume &#8211; and encourage all Recipients of this Code to also assume &#8211; a commitment to scrupulously respect the market and competition rules, acting in a serious and loyal manner, avoiding restrictive practices or abuses of a dominant position, and must ensure that the Company interacts with the competing entities in a healthy manner, in good faith and that promotes mutual respect.<\/p>\n<p><strong>Corruption and Similar Infractions Risk Prevention Plan<\/strong><\/p>\n<p>On 13 October 2023, by resolution of its Board of Directors, Teixeira Duarte &#8211; Engenharia e Constru\u00e7\u00f5es, S.A. adopted the Plan for the Prevention of Risks of Corruption and Related Offences (PPR).<\/p>\n<p>The PPR and its associated reports can be duly consulted on the <a href=\"https:\/\/www.teixeiraduarte.pt\/en\/group\/compliance\/\" target=\"_blank\" rel=\"noopener\">following Teixeira Duarte, S.A. website<\/a>.[\/vc_column_text][\/vc_column][\/vc_row]\n<\/div>","protected":false},"excerpt":{"rendered":"<p>[vc_row tm_bgimagefixed=&#8221;&#8221;][vc_column][vc_column_text]Teixeira Duarte &#8211; Engenharia e Constru\u00e7\u00f5es, S.A. has implemented a compliance or conformity management programme, which is mandatory for all employees. The\u00a0compliance\u00a0establishes a set of measures and procedures based on the\u00a0Compliance Policy, the Code of Ethics and Conduct and the Mission and Values of Teixeira Duarte, aimed at being able to more effectively demonstrate &hellip; <a href=\"https:\/\/teixeiraduarteconstrucao.com\/en\/sustainability\/compliance-programme\/\" class=\"more-link\">Continue reading <span class=\"screen-reader-text\">Compliance<\/span><\/a><\/p>\n","protected":false},"author":2,"featured_media":0,"parent":8792,"menu_order":0,"comment_status":"closed","ping_status":"closed","template":"","meta":{"footnotes":""},"class_list":["post-8793","page","type-page","status-publish","hentry"],"yoast_head":"<!-- This site is optimized with the Yoast SEO plugin v26.7 - https:\/\/yoast.com\/wordpress\/plugins\/seo\/ -->\n<title>Compliance - Teixeira Duarte Constru\u00e7\u00e3o<\/title>\n<meta name=\"description\" content=\"Teixeira Duarte - Engenharia e Constru\u00e7\u00f5es, S.A. has implemented a compliancemanagement programme, which is mandatory for all employees.\" \/>\n<meta name=\"robots\" content=\"index, follow, max-snippet:-1, max-image-preview:large, max-video-preview:-1\" \/>\n<link rel=\"canonical\" href=\"https:\/\/teixeiraduarteconstrucao.com\/en\/sustainability\/compliance-programme\/\" \/>\n<meta property=\"og:locale\" content=\"en_US\" \/>\n<meta property=\"og:type\" content=\"article\" \/>\n<meta property=\"og:title\" content=\"Compliance - Teixeira Duarte Constru\u00e7\u00e3o\" \/>\n<meta property=\"og:description\" content=\"Teixeira Duarte - Engenharia e Constru\u00e7\u00f5es, S.A. has implemented a compliancemanagement programme, which is mandatory for all employees.\" \/>\n<meta property=\"og:url\" content=\"https:\/\/teixeiraduarteconstrucao.com\/en\/sustainability\/compliance-programme\/\" \/>\n<meta property=\"og:site_name\" content=\"Teixeira Duarte Constru\u00e7\u00e3o\" \/>\n<meta property=\"article:publisher\" content=\"https:\/\/www.facebook.com\/teixeiraduarteconstrucao\/?locale=pt_PT\" \/>\n<meta property=\"article:modified_time\" content=\"2024-06-06T15:00:16+00:00\" \/>\n<meta name=\"twitter:card\" content=\"summary_large_image\" \/>\n<meta name=\"twitter:label1\" content=\"Est. reading time\" \/>\n\t<meta name=\"twitter:data1\" content=\"5 minutes\" \/>\n<script type=\"application\/ld+json\" class=\"yoast-schema-graph\">{\"@context\":\"https:\/\/schema.org\",\"@graph\":[{\"@type\":\"WebPage\",\"@id\":\"https:\/\/teixeiraduarteconstrucao.com\/en\/sustainability\/compliance-programme\/\",\"url\":\"https:\/\/teixeiraduarteconstrucao.com\/en\/sustainability\/compliance-programme\/\",\"name\":\"Compliance - Teixeira Duarte Constru\u00e7\u00e3o\",\"isPartOf\":{\"@id\":\"https:\/\/teixeiraduarteconstrucao.com\/en\/#website\"},\"datePublished\":\"2019-04-15T17:46:45+00:00\",\"dateModified\":\"2024-06-06T15:00:16+00:00\",\"description\":\"Teixeira Duarte - Engenharia e Constru\u00e7\u00f5es, S.A. has implemented a compliancemanagement programme, which is mandatory for all employees.\",\"breadcrumb\":{\"@id\":\"https:\/\/teixeiraduarteconstrucao.com\/en\/sustainability\/compliance-programme\/#breadcrumb\"},\"inLanguage\":\"en-US\",\"potentialAction\":[{\"@type\":\"ReadAction\",\"target\":[\"https:\/\/teixeiraduarteconstrucao.com\/en\/sustainability\/compliance-programme\/\"]}]},{\"@type\":\"BreadcrumbList\",\"@id\":\"https:\/\/teixeiraduarteconstrucao.com\/en\/sustainability\/compliance-programme\/#breadcrumb\",\"itemListElement\":[{\"@type\":\"ListItem\",\"position\":1,\"name\":\"In\u00edcio\",\"item\":\"https:\/\/teixeiraduarteconstrucao.com\/en\/\"},{\"@type\":\"ListItem\",\"position\":2,\"name\":\"Sustainability\",\"item\":\"https:\/\/teixeiraduarteconstrucao.com\/en\/sustainability\/\"},{\"@type\":\"ListItem\",\"position\":3,\"name\":\"Compliance\"}]},{\"@type\":\"WebSite\",\"@id\":\"https:\/\/teixeiraduarteconstrucao.com\/en\/#website\",\"url\":\"https:\/\/teixeiraduarteconstrucao.com\/en\/\",\"name\":\"Teixeira Duarte Constru\u00e7\u00e3o\",\"description\":\"Pioneirismo e Inova\u00e7\u00e3o desde 1921\",\"publisher\":{\"@id\":\"https:\/\/teixeiraduarteconstrucao.com\/en\/#organization\"},\"potentialAction\":[{\"@type\":\"SearchAction\",\"target\":{\"@type\":\"EntryPoint\",\"urlTemplate\":\"https:\/\/teixeiraduarteconstrucao.com\/en\/?s={search_term_string}\"},\"query-input\":{\"@type\":\"PropertyValueSpecification\",\"valueRequired\":true,\"valueName\":\"search_term_string\"}}],\"inLanguage\":\"en-US\"},{\"@type\":\"Organization\",\"@id\":\"https:\/\/teixeiraduarteconstrucao.com\/en\/#organization\",\"name\":\"Teixeira Duarte - Engenharia e Constru\u00e7\u00f5es, S.A.\",\"url\":\"https:\/\/teixeiraduarteconstrucao.com\/en\/\",\"logo\":{\"@type\":\"ImageObject\",\"inLanguage\":\"en-US\",\"@id\":\"https:\/\/teixeiraduarteconstrucao.com\/en\/#\/schema\/logo\/image\/\",\"url\":\"https:\/\/teixeiraduarteconstrucao.com\/wp-content\/uploads\/2025\/04\/Logotipo-Teixeira-Duarte-EC-2024-positivo.png\",\"contentUrl\":\"https:\/\/teixeiraduarteconstrucao.com\/wp-content\/uploads\/2025\/04\/Logotipo-Teixeira-Duarte-EC-2024-positivo.png\",\"width\":3544,\"height\":1182,\"caption\":\"Teixeira Duarte - Engenharia e Constru\u00e7\u00f5es, S.A.\"},\"image\":{\"@id\":\"https:\/\/teixeiraduarteconstrucao.com\/en\/#\/schema\/logo\/image\/\"},\"sameAs\":[\"https:\/\/www.facebook.com\/teixeiraduarteconstrucao\/?locale=pt_PT\",\"https:\/\/www.linkedin.com\/company\/teixeira-duarte-engenharia-e-construcoes\"]}]}<\/script>\n<!-- \/ Yoast SEO plugin. -->","yoast_head_json":{"title":"Compliance - Teixeira Duarte Constru\u00e7\u00e3o","description":"Teixeira Duarte - Engenharia e Constru\u00e7\u00f5es, S.A. has implemented a compliancemanagement programme, which is mandatory for all employees.","robots":{"index":"index","follow":"follow","max-snippet":"max-snippet:-1","max-image-preview":"max-image-preview:large","max-video-preview":"max-video-preview:-1"},"canonical":"https:\/\/teixeiraduarteconstrucao.com\/en\/sustainability\/compliance-programme\/","og_locale":"en_US","og_type":"article","og_title":"Compliance - Teixeira Duarte Constru\u00e7\u00e3o","og_description":"Teixeira Duarte - Engenharia e Constru\u00e7\u00f5es, S.A. has implemented a compliancemanagement programme, which is mandatory for all employees.","og_url":"https:\/\/teixeiraduarteconstrucao.com\/en\/sustainability\/compliance-programme\/","og_site_name":"Teixeira Duarte Constru\u00e7\u00e3o","article_publisher":"https:\/\/www.facebook.com\/teixeiraduarteconstrucao\/?locale=pt_PT","article_modified_time":"2024-06-06T15:00:16+00:00","twitter_card":"summary_large_image","twitter_misc":{"Est. reading time":"5 minutes"},"schema":{"@context":"https:\/\/schema.org","@graph":[{"@type":"WebPage","@id":"https:\/\/teixeiraduarteconstrucao.com\/en\/sustainability\/compliance-programme\/","url":"https:\/\/teixeiraduarteconstrucao.com\/en\/sustainability\/compliance-programme\/","name":"Compliance - Teixeira Duarte Constru\u00e7\u00e3o","isPartOf":{"@id":"https:\/\/teixeiraduarteconstrucao.com\/en\/#website"},"datePublished":"2019-04-15T17:46:45+00:00","dateModified":"2024-06-06T15:00:16+00:00","description":"Teixeira Duarte - Engenharia e Constru\u00e7\u00f5es, S.A. has implemented a compliancemanagement programme, which is mandatory for all employees.","breadcrumb":{"@id":"https:\/\/teixeiraduarteconstrucao.com\/en\/sustainability\/compliance-programme\/#breadcrumb"},"inLanguage":"en-US","potentialAction":[{"@type":"ReadAction","target":["https:\/\/teixeiraduarteconstrucao.com\/en\/sustainability\/compliance-programme\/"]}]},{"@type":"BreadcrumbList","@id":"https:\/\/teixeiraduarteconstrucao.com\/en\/sustainability\/compliance-programme\/#breadcrumb","itemListElement":[{"@type":"ListItem","position":1,"name":"In\u00edcio","item":"https:\/\/teixeiraduarteconstrucao.com\/en\/"},{"@type":"ListItem","position":2,"name":"Sustainability","item":"https:\/\/teixeiraduarteconstrucao.com\/en\/sustainability\/"},{"@type":"ListItem","position":3,"name":"Compliance"}]},{"@type":"WebSite","@id":"https:\/\/teixeiraduarteconstrucao.com\/en\/#website","url":"https:\/\/teixeiraduarteconstrucao.com\/en\/","name":"Teixeira Duarte Constru\u00e7\u00e3o","description":"Pioneirismo e Inova\u00e7\u00e3o desde 1921","publisher":{"@id":"https:\/\/teixeiraduarteconstrucao.com\/en\/#organization"},"potentialAction":[{"@type":"SearchAction","target":{"@type":"EntryPoint","urlTemplate":"https:\/\/teixeiraduarteconstrucao.com\/en\/?s={search_term_string}"},"query-input":{"@type":"PropertyValueSpecification","valueRequired":true,"valueName":"search_term_string"}}],"inLanguage":"en-US"},{"@type":"Organization","@id":"https:\/\/teixeiraduarteconstrucao.com\/en\/#organization","name":"Teixeira Duarte - Engenharia e Constru\u00e7\u00f5es, S.A.","url":"https:\/\/teixeiraduarteconstrucao.com\/en\/","logo":{"@type":"ImageObject","inLanguage":"en-US","@id":"https:\/\/teixeiraduarteconstrucao.com\/en\/#\/schema\/logo\/image\/","url":"https:\/\/teixeiraduarteconstrucao.com\/wp-content\/uploads\/2025\/04\/Logotipo-Teixeira-Duarte-EC-2024-positivo.png","contentUrl":"https:\/\/teixeiraduarteconstrucao.com\/wp-content\/uploads\/2025\/04\/Logotipo-Teixeira-Duarte-EC-2024-positivo.png","width":3544,"height":1182,"caption":"Teixeira Duarte - Engenharia e Constru\u00e7\u00f5es, S.A."},"image":{"@id":"https:\/\/teixeiraduarteconstrucao.com\/en\/#\/schema\/logo\/image\/"},"sameAs":["https:\/\/www.facebook.com\/teixeiraduarteconstrucao\/?locale=pt_PT","https:\/\/www.linkedin.com\/company\/teixeira-duarte-engenharia-e-construcoes"]}]}},"_links":{"self":[{"href":"https:\/\/teixeiraduarteconstrucao.com\/en\/wp-json\/wp\/v2\/pages\/8793","targetHints":{"allow":["GET"]}}],"collection":[{"href":"https:\/\/teixeiraduarteconstrucao.com\/en\/wp-json\/wp\/v2\/pages"}],"about":[{"href":"https:\/\/teixeiraduarteconstrucao.com\/en\/wp-json\/wp\/v2\/types\/page"}],"author":[{"embeddable":true,"href":"https:\/\/teixeiraduarteconstrucao.com\/en\/wp-json\/wp\/v2\/users\/2"}],"replies":[{"embeddable":true,"href":"https:\/\/teixeiraduarteconstrucao.com\/en\/wp-json\/wp\/v2\/comments?post=8793"}],"version-history":[{"count":7,"href":"https:\/\/teixeiraduarteconstrucao.com\/en\/wp-json\/wp\/v2\/pages\/8793\/revisions"}],"predecessor-version":[{"id":14869,"href":"https:\/\/teixeiraduarteconstrucao.com\/en\/wp-json\/wp\/v2\/pages\/8793\/revisions\/14869"}],"up":[{"embeddable":true,"href":"https:\/\/teixeiraduarteconstrucao.com\/en\/wp-json\/wp\/v2\/pages\/8792"}],"wp:attachment":[{"href":"https:\/\/teixeiraduarteconstrucao.com\/en\/wp-json\/wp\/v2\/media?parent=8793"}],"curies":[{"name":"wp","href":"https:\/\/api.w.org\/{rel}","templated":true}]}}