{"id":8722,"date":"2019-04-01T10:23:36","date_gmt":"2019-04-01T10:23:36","guid":{"rendered":"https:\/\/teixeiraduarteconstrucao.com\/competencies\/epc-engineering-procurement-construction\/"},"modified":"2019-08-12T15:58:47","modified_gmt":"2019-08-12T15:58:47","slug":"epc-engineering-procurement-construction","status":"publish","type":"page","link":"https:\/\/teixeiraduarteconstrucao.com\/en\/competencies\/epc-engineering-procurement-construction\/","title":{"rendered":"EPC &#8211; Engineering, Procurement &#038; Construction"},"content":{"rendered":"<div class=\"wpb-content-wrapper\">[vc_row tm_bgimagefixed=&#8221;&#8221;][vc_column]<div class=\"tm-element-heading-wrapper tm-heading-inner tm-element-align-left tm-seperator-none tm-heading-style-vertical  vc_custom_1554125621687\"><section class=\"tm-vc_cta3-container\"><div class=\"tm-vc_general tm-vc_cta3 tm-cta3-only tm-vc_cta3-style-classic tm-vc_cta3-shape-rounded tm-vc_cta3-align-left tm-vc_cta3-color-transparent tm-vc_cta3-icon-size-md tm-vc_cta3-actions-no tm-cta3-without-desc\"><div class=\"tm-vc_cta3_content-container\"><div class=\"tm-vc_cta3-content\"><header class=\"tm-vc_cta3-content-header tm-wrap\"><div class=\"tm-vc_cta3-headers tm-wrap-cell\"><h2 style=\"font-size:30px;line-height:30px;font-family:'Titillium Web',Arial,Helvetica;font-weight:600;\" class=\"tm-custom-heading \" >EPC (Engineering, Procurement and Construction)<\/h2>\n<\/div><div class=\"heading-seperator\"><span><\/span><\/div><\/header><\/div><\/div><\/div><\/section><\/div> <!-- .tm-element-heading-wrapper container --> [vc_column_text]\u201cEPC\u201d (\u201c<em>Engineering, procurement and construction<\/em>\u201c) is a type of contract that includes the construction, purchase of equipment and assembly for a certain project or development in a single instrument.<\/p>\n<p>This type of contract establishes a full set of obligations for the Contractor, from the design to supervision of the assembly, including civil, mechanical and electrical works, as well as procuring and purchasing the necessary equipment.[\/vc_column_text][\/vc_column][\/vc_row][vc_row][vc_column width=&#8221;2\/3&#8243; css=&#8221;.vc_custom_1517036857159{padding-right: 5px !important;}&#8221;][vc_single_image image=&#8221;12401&#8243; img_size=&#8221;600&#215;594&#8243; css=&#8221;.vc_custom_1556484571252{margin-bottom: 5px !important;}&#8221;][\/vc_column][vc_column width=&#8221;1\/3&#8243; css=&#8221;.vc_custom_1534494449960{padding-left: 0px !important;}&#8221; el_class=&#8221;padding-left-15px-768&#8243;][vc_single_image image=&#8221;12035&#8243; img_size=&#8221;500&#215;500&#8243; css=&#8221;.vc_custom_1556484398965{margin-bottom: 5px !important;}&#8221;][vc_single_image image=&#8221;12225&#8243; img_size=&#8221;500&#215;500&#8243; css=&#8221;.vc_custom_1556484434492{margin-bottom: 5px !important;}&#8221;][\/vc_column][\/vc_row][vc_row tm_bgimagefixed=&#8221;&#8221; css=&#8221;.vc_custom_1554228732429{margin-top: 30px !important;}&#8221;][vc_column]<div class=\"tm-element-heading-wrapper tm-heading-inner tm-element-align-left tm-seperator-none tm-heading-style-vertical  vc_custom_1561740282028\"><section class=\"tm-vc_cta3-container\"><div class=\"tm-vc_general tm-vc_cta3 tm-cta3-only tm-vc_cta3-style-classic tm-vc_cta3-shape-rounded tm-vc_cta3-align-left tm-vc_cta3-color-transparent tm-vc_cta3-icon-size-md tm-vc_cta3-actions-no tm-cta3-without-desc\"><div class=\"tm-vc_cta3_content-container\"><div class=\"tm-vc_cta3-content\"><header class=\"tm-vc_cta3-content-header tm-wrap\"><div class=\"tm-vc_cta3-headers tm-wrap-cell\"><h2 style=\"font-size:30px;line-height:35px;font-family:'Titillium Web',Arial,Helvetica;font-weight:600;\" class=\"tm-custom-heading \" >Turnkey Projects<\/h2>\n<\/div><div class=\"heading-seperator\"><span><\/span><\/div><\/header><\/div><\/div><\/div><\/section><\/div> <!-- .tm-element-heading-wrapper container --> [vc_column_text]\u201cEPC\u201d contracts are similar to \u201cDesign-Build\u201d contracts, as there is a single contract for design and construction. However, it is usual in an \u201cEPC\u201d contract for the Contractor to take on more responsibilities, and this type of contract is generally more commonly used for major engineering and infrastructure projects, or industrial projects.<\/p>\n<p>Teixeira Duarte also implements complex projects under these types of contracts, in which Engineering, Procurement Management and Construction are interconnected with construction activities, specifically in the maritime sector, roads and buildings in Portugal and overseas, specifically in Angola, Algeria, Brazil and Venezuela.[\/vc_column_text][\/vc_column][\/vc_row][vc_row][vc_column]\n\t\t<div class=\"tm-vc_btn3-container tm-vc_btn3-center\"><a class=\"tm-vc_general tm-vc_btn3 tm-vc_btn3-size-md tm-vc_btn3-shape-square tm-vc_btn3-style-flat tm-vc_btn3-weight-no tm-vc_btn3-color-skincolor\" href=\"https:\/\/teixeiraduarteconstrucao.com\/en\/projects\/?tex_skills=epc-engineering-procurement-construction-en\" title=\"\">See EPC projects<\/a><\/div>[\/vc_column][\/vc_row]\n<\/div>","protected":false},"excerpt":{"rendered":"<p>[vc_row tm_bgimagefixed=&#8221;&#8221;][vc_column][vc_column_text]\u201cEPC\u201d (\u201cEngineering, procurement and construction\u201c) is a type of contract that includes the construction, purchase of equipment and assembly for a certain project or development in a single instrument. This type of contract establishes a full set of obligations for the Contractor, from the design to supervision of the assembly, including civil, mechanical and &hellip; <a href=\"https:\/\/teixeiraduarteconstrucao.com\/en\/competencies\/epc-engineering-procurement-construction\/\" class=\"more-link\">Continue reading <span class=\"screen-reader-text\">EPC &#8211; Engineering, Procurement &#038; Construction<\/span><\/a><\/p>\n","protected":false},"author":2,"featured_media":0,"parent":8683,"menu_order":8,"comment_status":"closed","ping_status":"closed","template":"","meta":{"footnotes":""},"class_list":["post-8722","page","type-page","status-publish","hentry"],"yoast_head":"<!-- This site is optimized with the Yoast SEO plugin v26.7 - https:\/\/yoast.com\/wordpress\/plugins\/seo\/ -->\n<title>Engineering, Procurement and Construction - Teixeira Duarte Constru\u00e7\u00e3o<\/title>\n<meta name=\"description\" content=\"\u201cEPC\u201d is a type of contract that includes the construction, purchase of equipment and assembly for a certain project or development in a single instrument.\" \/>\n<meta name=\"robots\" content=\"index, follow, max-snippet:-1, max-image-preview:large, max-video-preview:-1\" \/>\n<link rel=\"canonical\" href=\"https:\/\/teixeiraduarteconstrucao.com\/en\/competencies\/epc-engineering-procurement-construction\/\" \/>\n<meta property=\"og:locale\" content=\"en_US\" \/>\n<meta property=\"og:type\" content=\"article\" \/>\n<meta property=\"og:title\" content=\"Engineering, Procurement and Construction - Teixeira Duarte Constru\u00e7\u00e3o\" \/>\n<meta property=\"og:description\" content=\"\u201cEPC\u201d is a type of contract that includes the construction, purchase of equipment and assembly for a certain project or development in a single instrument.\" \/>\n<meta property=\"og:url\" content=\"https:\/\/teixeiraduarteconstrucao.com\/en\/competencies\/epc-engineering-procurement-construction\/\" \/>\n<meta property=\"og:site_name\" content=\"Teixeira Duarte Constru\u00e7\u00e3o\" \/>\n<meta property=\"article:publisher\" content=\"https:\/\/www.facebook.com\/teixeiraduarteconstrucao\/?locale=pt_PT\" \/>\n<meta property=\"article:modified_time\" content=\"2019-08-12T15:58:47+00:00\" \/>\n<meta name=\"twitter:card\" content=\"summary_large_image\" \/>\n<meta name=\"twitter:label1\" content=\"Est. reading time\" \/>\n\t<meta name=\"twitter:data1\" content=\"2 minutes\" \/>\n<script type=\"application\/ld+json\" class=\"yoast-schema-graph\">{\"@context\":\"https:\/\/schema.org\",\"@graph\":[{\"@type\":\"WebPage\",\"@id\":\"https:\/\/teixeiraduarteconstrucao.com\/en\/competencies\/epc-engineering-procurement-construction\/\",\"url\":\"https:\/\/teixeiraduarteconstrucao.com\/en\/competencies\/epc-engineering-procurement-construction\/\",\"name\":\"Engineering, Procurement and Construction - Teixeira Duarte Constru\u00e7\u00e3o\",\"isPartOf\":{\"@id\":\"https:\/\/teixeiraduarteconstrucao.com\/en\/#website\"},\"datePublished\":\"2019-04-01T10:23:36+00:00\",\"dateModified\":\"2019-08-12T15:58:47+00:00\",\"description\":\"\u201cEPC\u201d is a type of contract that includes the construction, purchase of equipment and assembly for a certain project or development in a single instrument.\",\"breadcrumb\":{\"@id\":\"https:\/\/teixeiraduarteconstrucao.com\/en\/competencies\/epc-engineering-procurement-construction\/#breadcrumb\"},\"inLanguage\":\"en-US\",\"potentialAction\":[{\"@type\":\"ReadAction\",\"target\":[\"https:\/\/teixeiraduarteconstrucao.com\/en\/competencies\/epc-engineering-procurement-construction\/\"]}]},{\"@type\":\"BreadcrumbList\",\"@id\":\"https:\/\/teixeiraduarteconstrucao.com\/en\/competencies\/epc-engineering-procurement-construction\/#breadcrumb\",\"itemListElement\":[{\"@type\":\"ListItem\",\"position\":1,\"name\":\"In\u00edcio\",\"item\":\"https:\/\/teixeiraduarteconstrucao.com\/en\/\"},{\"@type\":\"ListItem\",\"position\":2,\"name\":\"Competencies\",\"item\":\"https:\/\/teixeiraduarteconstrucao.com\/en\/competencies\/\"},{\"@type\":\"ListItem\",\"position\":3,\"name\":\"EPC &#8211; Engineering, Procurement &#038; Construction\"}]},{\"@type\":\"WebSite\",\"@id\":\"https:\/\/teixeiraduarteconstrucao.com\/en\/#website\",\"url\":\"https:\/\/teixeiraduarteconstrucao.com\/en\/\",\"name\":\"Teixeira Duarte Constru\u00e7\u00e3o\",\"description\":\"Pioneirismo e Inova\u00e7\u00e3o desde 1921\",\"publisher\":{\"@id\":\"https:\/\/teixeiraduarteconstrucao.com\/en\/#organization\"},\"potentialAction\":[{\"@type\":\"SearchAction\",\"target\":{\"@type\":\"EntryPoint\",\"urlTemplate\":\"https:\/\/teixeiraduarteconstrucao.com\/en\/?s={search_term_string}\"},\"query-input\":{\"@type\":\"PropertyValueSpecification\",\"valueRequired\":true,\"valueName\":\"search_term_string\"}}],\"inLanguage\":\"en-US\"},{\"@type\":\"Organization\",\"@id\":\"https:\/\/teixeiraduarteconstrucao.com\/en\/#organization\",\"name\":\"Teixeira Duarte - Engenharia e Constru\u00e7\u00f5es, S.A.\",\"url\":\"https:\/\/teixeiraduarteconstrucao.com\/en\/\",\"logo\":{\"@type\":\"ImageObject\",\"inLanguage\":\"en-US\",\"@id\":\"https:\/\/teixeiraduarteconstrucao.com\/en\/#\/schema\/logo\/image\/\",\"url\":\"https:\/\/teixeiraduarteconstrucao.com\/wp-content\/uploads\/2025\/04\/Logotipo-Teixeira-Duarte-EC-2024-positivo.png\",\"contentUrl\":\"https:\/\/teixeiraduarteconstrucao.com\/wp-content\/uploads\/2025\/04\/Logotipo-Teixeira-Duarte-EC-2024-positivo.png\",\"width\":3544,\"height\":1182,\"caption\":\"Teixeira Duarte - Engenharia e Constru\u00e7\u00f5es, S.A.\"},\"image\":{\"@id\":\"https:\/\/teixeiraduarteconstrucao.com\/en\/#\/schema\/logo\/image\/\"},\"sameAs\":[\"https:\/\/www.facebook.com\/teixeiraduarteconstrucao\/?locale=pt_PT\",\"https:\/\/www.linkedin.com\/company\/teixeira-duarte-engenharia-e-construcoes\"]}]}<\/script>\n<!-- \/ Yoast SEO plugin. -->","yoast_head_json":{"title":"Engineering, Procurement and Construction - Teixeira Duarte Constru\u00e7\u00e3o","description":"\u201cEPC\u201d is a type of contract that includes the construction, purchase of equipment and assembly for a certain project or development in a single instrument.","robots":{"index":"index","follow":"follow","max-snippet":"max-snippet:-1","max-image-preview":"max-image-preview:large","max-video-preview":"max-video-preview:-1"},"canonical":"https:\/\/teixeiraduarteconstrucao.com\/en\/competencies\/epc-engineering-procurement-construction\/","og_locale":"en_US","og_type":"article","og_title":"Engineering, Procurement and Construction - Teixeira Duarte Constru\u00e7\u00e3o","og_description":"\u201cEPC\u201d is a type of contract that includes the construction, purchase of equipment and assembly for a certain project or development in a single instrument.","og_url":"https:\/\/teixeiraduarteconstrucao.com\/en\/competencies\/epc-engineering-procurement-construction\/","og_site_name":"Teixeira Duarte Constru\u00e7\u00e3o","article_publisher":"https:\/\/www.facebook.com\/teixeiraduarteconstrucao\/?locale=pt_PT","article_modified_time":"2019-08-12T15:58:47+00:00","twitter_card":"summary_large_image","twitter_misc":{"Est. reading time":"2 minutes"},"schema":{"@context":"https:\/\/schema.org","@graph":[{"@type":"WebPage","@id":"https:\/\/teixeiraduarteconstrucao.com\/en\/competencies\/epc-engineering-procurement-construction\/","url":"https:\/\/teixeiraduarteconstrucao.com\/en\/competencies\/epc-engineering-procurement-construction\/","name":"Engineering, Procurement and Construction - Teixeira Duarte Constru\u00e7\u00e3o","isPartOf":{"@id":"https:\/\/teixeiraduarteconstrucao.com\/en\/#website"},"datePublished":"2019-04-01T10:23:36+00:00","dateModified":"2019-08-12T15:58:47+00:00","description":"\u201cEPC\u201d is a type of contract that includes the construction, purchase of equipment and assembly for a certain project or development in a single instrument.","breadcrumb":{"@id":"https:\/\/teixeiraduarteconstrucao.com\/en\/competencies\/epc-engineering-procurement-construction\/#breadcrumb"},"inLanguage":"en-US","potentialAction":[{"@type":"ReadAction","target":["https:\/\/teixeiraduarteconstrucao.com\/en\/competencies\/epc-engineering-procurement-construction\/"]}]},{"@type":"BreadcrumbList","@id":"https:\/\/teixeiraduarteconstrucao.com\/en\/competencies\/epc-engineering-procurement-construction\/#breadcrumb","itemListElement":[{"@type":"ListItem","position":1,"name":"In\u00edcio","item":"https:\/\/teixeiraduarteconstrucao.com\/en\/"},{"@type":"ListItem","position":2,"name":"Competencies","item":"https:\/\/teixeiraduarteconstrucao.com\/en\/competencies\/"},{"@type":"ListItem","position":3,"name":"EPC &#8211; Engineering, Procurement &#038; Construction"}]},{"@type":"WebSite","@id":"https:\/\/teixeiraduarteconstrucao.com\/en\/#website","url":"https:\/\/teixeiraduarteconstrucao.com\/en\/","name":"Teixeira Duarte Constru\u00e7\u00e3o","description":"Pioneirismo e Inova\u00e7\u00e3o desde 1921","publisher":{"@id":"https:\/\/teixeiraduarteconstrucao.com\/en\/#organization"},"potentialAction":[{"@type":"SearchAction","target":{"@type":"EntryPoint","urlTemplate":"https:\/\/teixeiraduarteconstrucao.com\/en\/?s={search_term_string}"},"query-input":{"@type":"PropertyValueSpecification","valueRequired":true,"valueName":"search_term_string"}}],"inLanguage":"en-US"},{"@type":"Organization","@id":"https:\/\/teixeiraduarteconstrucao.com\/en\/#organization","name":"Teixeira Duarte - Engenharia e Constru\u00e7\u00f5es, S.A.","url":"https:\/\/teixeiraduarteconstrucao.com\/en\/","logo":{"@type":"ImageObject","inLanguage":"en-US","@id":"https:\/\/teixeiraduarteconstrucao.com\/en\/#\/schema\/logo\/image\/","url":"https:\/\/teixeiraduarteconstrucao.com\/wp-content\/uploads\/2025\/04\/Logotipo-Teixeira-Duarte-EC-2024-positivo.png","contentUrl":"https:\/\/teixeiraduarteconstrucao.com\/wp-content\/uploads\/2025\/04\/Logotipo-Teixeira-Duarte-EC-2024-positivo.png","width":3544,"height":1182,"caption":"Teixeira Duarte - Engenharia e Constru\u00e7\u00f5es, S.A."},"image":{"@id":"https:\/\/teixeiraduarteconstrucao.com\/en\/#\/schema\/logo\/image\/"},"sameAs":["https:\/\/www.facebook.com\/teixeiraduarteconstrucao\/?locale=pt_PT","https:\/\/www.linkedin.com\/company\/teixeira-duarte-engenharia-e-construcoes"]}]}},"_links":{"self":[{"href":"https:\/\/teixeiraduarteconstrucao.com\/en\/wp-json\/wp\/v2\/pages\/8722","targetHints":{"allow":["GET"]}}],"collection":[{"href":"https:\/\/teixeiraduarteconstrucao.com\/en\/wp-json\/wp\/v2\/pages"}],"about":[{"href":"https:\/\/teixeiraduarteconstrucao.com\/en\/wp-json\/wp\/v2\/types\/page"}],"author":[{"embeddable":true,"href":"https:\/\/teixeiraduarteconstrucao.com\/en\/wp-json\/wp\/v2\/users\/2"}],"replies":[{"embeddable":true,"href":"https:\/\/teixeiraduarteconstrucao.com\/en\/wp-json\/wp\/v2\/comments?post=8722"}],"version-history":[{"count":0,"href":"https:\/\/teixeiraduarteconstrucao.com\/en\/wp-json\/wp\/v2\/pages\/8722\/revisions"}],"up":[{"embeddable":true,"href":"https:\/\/teixeiraduarteconstrucao.com\/en\/wp-json\/wp\/v2\/pages\/8683"}],"wp:attachment":[{"href":"https:\/\/teixeiraduarteconstrucao.com\/en\/wp-json\/wp\/v2\/media?parent=8722"}],"curies":[{"name":"wp","href":"https:\/\/api.w.org\/{rel}","templated":true}]}}