{"id":8716,"date":"2019-04-01T10:21:11","date_gmt":"2019-04-01T10:21:11","guid":{"rendered":"https:\/\/teixeiraduarteconstrucao.com\/competencies\/obras-subterraneas\/"},"modified":"2019-08-12T15:56:50","modified_gmt":"2019-08-12T15:56:50","slug":"underground-works","status":"publish","type":"page","link":"https:\/\/teixeiraduarteconstrucao.com\/en\/competencies\/underground-works\/","title":{"rendered":"Underground Works"},"content":{"rendered":"<div class=\"wpb-content-wrapper\">[vc_row tm_bgimagefixed=&#8221;&#8221;][vc_column]<div class=\"tm-element-heading-wrapper tm-heading-inner tm-element-align-left tm-seperator-none tm-heading-style-vertical  vc_custom_1561739632242\"><section class=\"tm-vc_cta3-container\"><div class=\"tm-vc_general tm-vc_cta3 tm-cta3-only tm-vc_cta3-style-classic tm-vc_cta3-shape-rounded tm-vc_cta3-align-left tm-vc_cta3-color-transparent tm-vc_cta3-icon-size-md tm-vc_cta3-actions-no tm-cta3-without-desc\"><div class=\"tm-vc_cta3_content-container\"><div class=\"tm-vc_cta3-content\"><header class=\"tm-vc_cta3-content-header tm-wrap\"><div class=\"tm-vc_cta3-headers tm-wrap-cell\"><h2 style=\"font-size:30px;line-height:30px;font-family:'Titillium Web',Arial,Helvetica;font-weight:600;\" class=\"tm-custom-heading \" >Underground Works<\/h2>\n<\/div><div class=\"heading-seperator\"><span><\/span><\/div><\/header><\/div><\/div><\/div><\/section><\/div> <!-- .tm-element-heading-wrapper container --> [vc_column_text]In the Underground Works sector, the Teixeira Duarte Group includes\u00a0<a href=\"http:\/\/www.epos.pt\/\">EPOS &#8211; Empresa Portuguesa de Obras Subterr\u00e2neas S.A.<\/a> which, with extensive experience in this area, is a leader in the execution of major projects of a wide range of natures.<\/p>\n<p>Founded in 1986, it quickly established itself as a specialist company in its field. For more than thirty years, EPOS has been recognised on the market for the high technology of its means of production, the quality of its work and highly trained professionals.[\/vc_column_text][\/vc_column][\/vc_row][vc_row][vc_column width=&#8221;2\/3&#8243; css=&#8221;.vc_custom_1517036857159{padding-right: 5px !important;}&#8221;][vc_single_image image=&#8221;5911&#8243; img_size=&#8221;600&#215;594&#8243; css=&#8221;.vc_custom_1556483569152{margin-bottom: 5px !important;}&#8221;][\/vc_column][vc_column width=&#8221;1\/3&#8243; css=&#8221;.vc_custom_1534494449960{padding-left: 0px !important;}&#8221; el_class=&#8221;padding-left-15px-768&#8243;][vc_single_image image=&#8221;5935&#8243; img_size=&#8221;500&#215;500&#8243; css=&#8221;.vc_custom_1556483588027{margin-bottom: 5px !important;}&#8221;][vc_single_image image=&#8221;5919&#8243; img_size=&#8221;500&#215;500&#8243; css=&#8221;.vc_custom_1556483611379{margin-bottom: 5px !important;}&#8221;][\/vc_column][\/vc_row][vc_row][vc_column]\n\t\t<div class=\"tm-vc_btn3-container tm-vc_btn3-center\"><a class=\"tm-vc_general tm-vc_btn3 tm-vc_btn3-size-md tm-vc_btn3-shape-square tm-vc_btn3-style-flat tm-vc_btn3-weight-no tm-vc_btn3-color-skincolor\" href=\"https:\/\/teixeiraduarteconstrucao.com\/en\/projects\/?tex_skills=underground-works\" title=\"\">See Underground Works projects<\/a><\/div>[\/vc_column][\/vc_row]\n<\/div>","protected":false},"excerpt":{"rendered":"<p>[vc_row tm_bgimagefixed=&#8221;&#8221;][vc_column][vc_column_text]In the Underground Works sector, the Teixeira Duarte Group includes\u00a0EPOS &#8211; Empresa Portuguesa de Obras Subterr\u00e2neas S.A. which, with extensive experience in this area, is a leader in the execution of major projects of a wide range of natures. Founded in 1986, it quickly established itself as a specialist company in its field. For &hellip; <a href=\"https:\/\/teixeiraduarteconstrucao.com\/en\/competencies\/underground-works\/\" class=\"more-link\">Continue reading <span class=\"screen-reader-text\">Underground Works<\/span><\/a><\/p>\n","protected":false},"author":2,"featured_media":0,"parent":8683,"menu_order":5,"comment_status":"closed","ping_status":"closed","template":"","meta":{"footnotes":""},"class_list":["post-8716","page","type-page","status-publish","hentry"],"yoast_head":"<!-- This site is optimized with the Yoast SEO plugin v26.7 - https:\/\/yoast.com\/wordpress\/plugins\/seo\/ -->\n<title>Underground Works - Teixeira Duarte Constru\u00e7\u00e3o<\/title>\n<meta name=\"description\" content=\"In the Underground Works sector, Teixeira Duarte includes EPOS S.A. which, with extensive experience, is a leader in the execution of major projects.\" \/>\n<meta name=\"robots\" content=\"index, follow, max-snippet:-1, max-image-preview:large, max-video-preview:-1\" \/>\n<link rel=\"canonical\" href=\"https:\/\/teixeiraduarteconstrucao.com\/en\/competencies\/underground-works\/\" \/>\n<meta property=\"og:locale\" content=\"en_US\" \/>\n<meta property=\"og:type\" content=\"article\" \/>\n<meta property=\"og:title\" content=\"Underground Works - Teixeira Duarte Constru\u00e7\u00e3o\" \/>\n<meta property=\"og:description\" content=\"In the Underground Works sector, Teixeira Duarte includes EPOS S.A. which, with extensive experience, is a leader in the execution of major projects.\" \/>\n<meta property=\"og:url\" content=\"https:\/\/teixeiraduarteconstrucao.com\/en\/competencies\/underground-works\/\" \/>\n<meta property=\"og:site_name\" content=\"Teixeira Duarte Constru\u00e7\u00e3o\" \/>\n<meta property=\"article:publisher\" content=\"https:\/\/www.facebook.com\/teixeiraduarteconstrucao\/?locale=pt_PT\" \/>\n<meta property=\"article:modified_time\" content=\"2019-08-12T15:56:50+00:00\" \/>\n<meta name=\"twitter:card\" content=\"summary_large_image\" \/>\n<meta name=\"twitter:label1\" content=\"Est. reading time\" \/>\n\t<meta name=\"twitter:data1\" content=\"1 minute\" \/>\n<script type=\"application\/ld+json\" class=\"yoast-schema-graph\">{\"@context\":\"https:\/\/schema.org\",\"@graph\":[{\"@type\":\"WebPage\",\"@id\":\"https:\/\/teixeiraduarteconstrucao.com\/en\/competencies\/underground-works\/\",\"url\":\"https:\/\/teixeiraduarteconstrucao.com\/en\/competencies\/underground-works\/\",\"name\":\"Underground Works - Teixeira Duarte Constru\u00e7\u00e3o\",\"isPartOf\":{\"@id\":\"https:\/\/teixeiraduarteconstrucao.com\/en\/#website\"},\"datePublished\":\"2019-04-01T10:21:11+00:00\",\"dateModified\":\"2019-08-12T15:56:50+00:00\",\"description\":\"In the Underground Works sector, Teixeira Duarte includes EPOS S.A. which, with extensive experience, is a leader in the execution of major projects.\",\"breadcrumb\":{\"@id\":\"https:\/\/teixeiraduarteconstrucao.com\/en\/competencies\/underground-works\/#breadcrumb\"},\"inLanguage\":\"en-US\",\"potentialAction\":[{\"@type\":\"ReadAction\",\"target\":[\"https:\/\/teixeiraduarteconstrucao.com\/en\/competencies\/underground-works\/\"]}]},{\"@type\":\"BreadcrumbList\",\"@id\":\"https:\/\/teixeiraduarteconstrucao.com\/en\/competencies\/underground-works\/#breadcrumb\",\"itemListElement\":[{\"@type\":\"ListItem\",\"position\":1,\"name\":\"In\u00edcio\",\"item\":\"https:\/\/teixeiraduarteconstrucao.com\/en\/\"},{\"@type\":\"ListItem\",\"position\":2,\"name\":\"Competencies\",\"item\":\"https:\/\/teixeiraduarteconstrucao.com\/en\/competencies\/\"},{\"@type\":\"ListItem\",\"position\":3,\"name\":\"Underground Works\"}]},{\"@type\":\"WebSite\",\"@id\":\"https:\/\/teixeiraduarteconstrucao.com\/en\/#website\",\"url\":\"https:\/\/teixeiraduarteconstrucao.com\/en\/\",\"name\":\"Teixeira Duarte Constru\u00e7\u00e3o\",\"description\":\"Pioneirismo e Inova\u00e7\u00e3o desde 1921\",\"publisher\":{\"@id\":\"https:\/\/teixeiraduarteconstrucao.com\/en\/#organization\"},\"potentialAction\":[{\"@type\":\"SearchAction\",\"target\":{\"@type\":\"EntryPoint\",\"urlTemplate\":\"https:\/\/teixeiraduarteconstrucao.com\/en\/?s={search_term_string}\"},\"query-input\":{\"@type\":\"PropertyValueSpecification\",\"valueRequired\":true,\"valueName\":\"search_term_string\"}}],\"inLanguage\":\"en-US\"},{\"@type\":\"Organization\",\"@id\":\"https:\/\/teixeiraduarteconstrucao.com\/en\/#organization\",\"name\":\"Teixeira Duarte - Engenharia e Constru\u00e7\u00f5es, S.A.\",\"url\":\"https:\/\/teixeiraduarteconstrucao.com\/en\/\",\"logo\":{\"@type\":\"ImageObject\",\"inLanguage\":\"en-US\",\"@id\":\"https:\/\/teixeiraduarteconstrucao.com\/en\/#\/schema\/logo\/image\/\",\"url\":\"https:\/\/teixeiraduarteconstrucao.com\/wp-content\/uploads\/2025\/04\/Logotipo-Teixeira-Duarte-EC-2024-positivo.png\",\"contentUrl\":\"https:\/\/teixeiraduarteconstrucao.com\/wp-content\/uploads\/2025\/04\/Logotipo-Teixeira-Duarte-EC-2024-positivo.png\",\"width\":3544,\"height\":1182,\"caption\":\"Teixeira Duarte - Engenharia e Constru\u00e7\u00f5es, S.A.\"},\"image\":{\"@id\":\"https:\/\/teixeiraduarteconstrucao.com\/en\/#\/schema\/logo\/image\/\"},\"sameAs\":[\"https:\/\/www.facebook.com\/teixeiraduarteconstrucao\/?locale=pt_PT\",\"https:\/\/www.linkedin.com\/company\/teixeira-duarte-engenharia-e-construcoes\"]}]}<\/script>\n<!-- \/ Yoast SEO plugin. -->","yoast_head_json":{"title":"Underground Works - Teixeira Duarte Constru\u00e7\u00e3o","description":"In the Underground Works sector, Teixeira Duarte includes EPOS S.A. which, with extensive experience, is a leader in the execution of major projects.","robots":{"index":"index","follow":"follow","max-snippet":"max-snippet:-1","max-image-preview":"max-image-preview:large","max-video-preview":"max-video-preview:-1"},"canonical":"https:\/\/teixeiraduarteconstrucao.com\/en\/competencies\/underground-works\/","og_locale":"en_US","og_type":"article","og_title":"Underground Works - Teixeira Duarte Constru\u00e7\u00e3o","og_description":"In the Underground Works sector, Teixeira Duarte includes EPOS S.A. which, with extensive experience, is a leader in the execution of major projects.","og_url":"https:\/\/teixeiraduarteconstrucao.com\/en\/competencies\/underground-works\/","og_site_name":"Teixeira Duarte Constru\u00e7\u00e3o","article_publisher":"https:\/\/www.facebook.com\/teixeiraduarteconstrucao\/?locale=pt_PT","article_modified_time":"2019-08-12T15:56:50+00:00","twitter_card":"summary_large_image","twitter_misc":{"Est. reading time":"1 minute"},"schema":{"@context":"https:\/\/schema.org","@graph":[{"@type":"WebPage","@id":"https:\/\/teixeiraduarteconstrucao.com\/en\/competencies\/underground-works\/","url":"https:\/\/teixeiraduarteconstrucao.com\/en\/competencies\/underground-works\/","name":"Underground Works - Teixeira Duarte Constru\u00e7\u00e3o","isPartOf":{"@id":"https:\/\/teixeiraduarteconstrucao.com\/en\/#website"},"datePublished":"2019-04-01T10:21:11+00:00","dateModified":"2019-08-12T15:56:50+00:00","description":"In the Underground Works sector, Teixeira Duarte includes EPOS S.A. which, with extensive experience, is a leader in the execution of major projects.","breadcrumb":{"@id":"https:\/\/teixeiraduarteconstrucao.com\/en\/competencies\/underground-works\/#breadcrumb"},"inLanguage":"en-US","potentialAction":[{"@type":"ReadAction","target":["https:\/\/teixeiraduarteconstrucao.com\/en\/competencies\/underground-works\/"]}]},{"@type":"BreadcrumbList","@id":"https:\/\/teixeiraduarteconstrucao.com\/en\/competencies\/underground-works\/#breadcrumb","itemListElement":[{"@type":"ListItem","position":1,"name":"In\u00edcio","item":"https:\/\/teixeiraduarteconstrucao.com\/en\/"},{"@type":"ListItem","position":2,"name":"Competencies","item":"https:\/\/teixeiraduarteconstrucao.com\/en\/competencies\/"},{"@type":"ListItem","position":3,"name":"Underground Works"}]},{"@type":"WebSite","@id":"https:\/\/teixeiraduarteconstrucao.com\/en\/#website","url":"https:\/\/teixeiraduarteconstrucao.com\/en\/","name":"Teixeira Duarte Constru\u00e7\u00e3o","description":"Pioneirismo e Inova\u00e7\u00e3o desde 1921","publisher":{"@id":"https:\/\/teixeiraduarteconstrucao.com\/en\/#organization"},"potentialAction":[{"@type":"SearchAction","target":{"@type":"EntryPoint","urlTemplate":"https:\/\/teixeiraduarteconstrucao.com\/en\/?s={search_term_string}"},"query-input":{"@type":"PropertyValueSpecification","valueRequired":true,"valueName":"search_term_string"}}],"inLanguage":"en-US"},{"@type":"Organization","@id":"https:\/\/teixeiraduarteconstrucao.com\/en\/#organization","name":"Teixeira Duarte - Engenharia e Constru\u00e7\u00f5es, S.A.","url":"https:\/\/teixeiraduarteconstrucao.com\/en\/","logo":{"@type":"ImageObject","inLanguage":"en-US","@id":"https:\/\/teixeiraduarteconstrucao.com\/en\/#\/schema\/logo\/image\/","url":"https:\/\/teixeiraduarteconstrucao.com\/wp-content\/uploads\/2025\/04\/Logotipo-Teixeira-Duarte-EC-2024-positivo.png","contentUrl":"https:\/\/teixeiraduarteconstrucao.com\/wp-content\/uploads\/2025\/04\/Logotipo-Teixeira-Duarte-EC-2024-positivo.png","width":3544,"height":1182,"caption":"Teixeira Duarte - Engenharia e Constru\u00e7\u00f5es, S.A."},"image":{"@id":"https:\/\/teixeiraduarteconstrucao.com\/en\/#\/schema\/logo\/image\/"},"sameAs":["https:\/\/www.facebook.com\/teixeiraduarteconstrucao\/?locale=pt_PT","https:\/\/www.linkedin.com\/company\/teixeira-duarte-engenharia-e-construcoes"]}]}},"_links":{"self":[{"href":"https:\/\/teixeiraduarteconstrucao.com\/en\/wp-json\/wp\/v2\/pages\/8716","targetHints":{"allow":["GET"]}}],"collection":[{"href":"https:\/\/teixeiraduarteconstrucao.com\/en\/wp-json\/wp\/v2\/pages"}],"about":[{"href":"https:\/\/teixeiraduarteconstrucao.com\/en\/wp-json\/wp\/v2\/types\/page"}],"author":[{"embeddable":true,"href":"https:\/\/teixeiraduarteconstrucao.com\/en\/wp-json\/wp\/v2\/users\/2"}],"replies":[{"embeddable":true,"href":"https:\/\/teixeiraduarteconstrucao.com\/en\/wp-json\/wp\/v2\/comments?post=8716"}],"version-history":[{"count":0,"href":"https:\/\/teixeiraduarteconstrucao.com\/en\/wp-json\/wp\/v2\/pages\/8716\/revisions"}],"up":[{"embeddable":true,"href":"https:\/\/teixeiraduarteconstrucao.com\/en\/wp-json\/wp\/v2\/pages\/8683"}],"wp:attachment":[{"href":"https:\/\/teixeiraduarteconstrucao.com\/en\/wp-json\/wp\/v2\/media?parent=8716"}],"curies":[{"name":"wp","href":"https:\/\/api.w.org\/{rel}","templated":true}]}}