{"id":8712,"date":"2019-04-01T10:18:58","date_gmt":"2019-04-01T10:18:54","guid":{"rendered":"https:\/\/teixeiraduarteconstrucao.com\/competencies\/infraestruturas\/"},"modified":"2021-05-03T11:10:09","modified_gmt":"2021-05-03T11:10:09","slug":"infrastructures","status":"publish","type":"page","link":"https:\/\/teixeiraduarteconstrucao.com\/en\/competencies\/infrastructures\/","title":{"rendered":"Infrastructures"},"content":{"rendered":"<div class=\"wpb-content-wrapper\">[vc_row tm_bgimagefixed=&#8221;&#8221;][vc_column]<div class=\"tm-element-heading-wrapper tm-heading-inner tm-element-align-left tm-seperator-none tm-heading-style-vertical  vc_custom_1561738400513\"><section class=\"tm-vc_cta3-container\"><div class=\"tm-vc_general tm-vc_cta3 tm-cta3-only tm-vc_cta3-style-classic tm-vc_cta3-shape-rounded tm-vc_cta3-align-left tm-vc_cta3-color-transparent tm-vc_cta3-icon-size-md tm-vc_cta3-actions-no tm-cta3-without-desc\"><div class=\"tm-vc_cta3_content-container\"><div class=\"tm-vc_cta3-content\"><header class=\"tm-vc_cta3-content-header tm-wrap\"><div class=\"tm-vc_cta3-headers tm-wrap-cell\"><h2 style=\"font-size:30px;line-height:30px;font-family:'Titillium Web',Arial,Helvetica;font-weight:600;\" class=\"tm-custom-heading \" >Infrastructures<\/h2>\n<\/div><div class=\"heading-seperator\"><span><\/span><\/div><\/header><\/div><\/div><\/div><\/section><\/div> <!-- .tm-element-heading-wrapper container --> [vc_column_text]The Infrastructures area is known for its high technological level and the implementation of major engineering projects. The area became fundamental for the development and growth of Teixeira Duarte&#8217;s activity, particularly from the 1980s onwards.[\/vc_column_text][\/vc_column][\/vc_row][vc_row][vc_column width=&#8221;2\/3&#8243; css=&#8221;.vc_custom_1517036857159{padding-right: 5px !important;}&#8221;][vc_single_image image=&#8221;12429&#8243; img_size=&#8221;600&#215;594&#8243; css=&#8221;.vc_custom_1556482622020{margin-bottom: 5px !important;}&#8221;][\/vc_column][vc_column width=&#8221;1\/3&#8243; css=&#8221;.vc_custom_1534494449960{padding-left: 0px !important;}&#8221; el_class=&#8221;padding-left-15px-768&#8243;][vc_single_image image=&#8221;12159&#8243; img_size=&#8221;500&#215;500&#8243; css=&#8221;.vc_custom_1556482706233{margin-bottom: 5px !important;}&#8221;][vc_single_image image=&#8221;12599&#8243; img_size=&#8221;500&#215;500&#8243; css=&#8221;.vc_custom_1556482750225{margin-bottom: 5px !important;}&#8221;][\/vc_column][\/vc_row][vc_row tm_bgimage_position=&#8221;center_bottom&#8221; tm_bgimagefixed=&#8221;&#8221; full_width=&#8221;stretch_row&#8221; css=&#8221;.vc_custom_1554225278150{padding-top: 40px !important;padding-bottom: 50px !important;background-position: center !important;background-repeat: no-repeat !important;background-size: cover !important;}&#8221;][vc_column]<div class=\"tm-element-heading-wrapper tm-heading-inner tm-element-align-left tm-seperator-none tm-heading-style-vertical \"><section class=\"tm-vc_cta3-container\"><div class=\"tm-vc_general tm-vc_cta3 tm-cta3-only tm-vc_cta3-style-classic tm-vc_cta3-shape-rounded tm-vc_cta3-align-left tm-vc_cta3-color-transparent tm-vc_cta3-icon-size-md tm-vc_cta3-actions-no tm-cta3-with-desc\"><div class=\"tm-vc_cta3_content-container\"><div class=\"tm-vc_cta3-content\"><header class=\"tm-vc_cta3-content-header tm-wrap\"><div class=\"tm-vc_cta3-headers tm-wrap-cell\"><h2 style=\"font-size:30px;line-height:35px;font-family:'Titillium Web',Arial,Helvetica;font-weight:600;\" class=\"tm-custom-heading \" >What we do<\/h2>\n<\/div><div class=\"heading-seperator\"><span><\/span><\/div><\/header><div class=\"tm-cta3-content-wrapper\"><p>The activity of Teixeira Duarte &#8211; Engenharia e Constru\u00e7\u00f5es, S. A. includes all types of projects for public and private customers.<\/p><\/div><\/div><\/div><\/div><\/section><\/div> <!-- .tm-element-heading-wrapper container --> [vc_row_inner break_in_responsive=&#8221;991&#8243; el_class=&#8221;sbox-hover-borderbox&#8221;][vc_column_inner width=&#8221;1\/3&#8243;][vc_column_text]\n<ul>\n<li>\n<h6>Roads and Motorways<\/h6>\n<\/li>\n<li>\n<h6>Bridges and Viaducts<\/h6>\n<\/li>\n<li>\n<h6>Dams and Hydroelectric Power Plants<\/h6>\n<\/li>\n<\/ul>\n[\/vc_column_text][\/vc_column_inner][vc_column_inner width=&#8221;1\/3&#8243;][vc_column_text]\n<ul>\n<li>\n<h6>Railways<\/h6>\n<\/li>\n<li>\n<h6>Intermodal Terminals<\/h6>\n<\/li>\n<li>\n<h6>Tunnels<\/h6>\n<\/li>\n<\/ul>\n[\/vc_column_text][\/vc_column_inner][vc_column_inner width=&#8221;1\/3&#8243;][vc_column_text]\n<ul>\n<li>\n<h6>Port Structures<\/h6>\n<\/li>\n<li>\n<h6>Environmental Constructions<\/h6>\n<\/li>\n<li>\n<h6>Water and Natural Gas Infrastructure<\/h6>\n<\/li>\n<\/ul>\n[\/vc_column_text][\/vc_column_inner][\/vc_row_inner][\/vc_column][\/vc_row][vc_row tm_bgimagefixed=&#8221;&#8221;][vc_column]<div class=\"tm-element-heading-wrapper tm-heading-inner tm-element-align-left tm-seperator-none tm-heading-style-vertical  vc_custom_1561738539067\"><section class=\"tm-vc_cta3-container\"><div class=\"tm-vc_general tm-vc_cta3 tm-cta3-only tm-vc_cta3-style-classic tm-vc_cta3-shape-rounded tm-vc_cta3-align-left tm-vc_cta3-color-transparent tm-vc_cta3-icon-size-md tm-vc_cta3-actions-no tm-cta3-with-desc\"><div class=\"tm-vc_cta3_content-container\"><div class=\"tm-vc_cta3-content\"><header class=\"tm-vc_cta3-content-header tm-wrap\"><div class=\"tm-vc_cta3-headers tm-wrap-cell\"><h2 style=\"font-size:30px;line-height:35px;font-family:'Titillium Web',Arial,Helvetica;font-weight:600;\" class=\"tm-custom-heading \" >Experienced and highly qualified teams<\/h2>\n<\/div><div class=\"heading-seperator\"><span><\/span><\/div><\/header><div class=\"tm-cta3-content-wrapper\"><p>With experienced and highly qualified teams, supported whenever necessary by other areas of the Company, specifically the areas of Geotechnics and Metalworking, as well as Group companies specialising in underground or railway projects, Teixeira Duarte &#8211; Engenharia e Constru\u00e7\u00f5es, S. A. ensures that all of its challenges are overcome, always with the objective of customer satisfaction in mind.<\/p><\/div><\/div><\/div><\/div><\/section><\/div> <!-- .tm-element-heading-wrapper container --> [vc_column_text]With experienced and highly qualified teams, supported whenever necessary by other areas of the Company, specifically the areas of Geotechnics and Metalwork, as well as Group companies specialising in underground or railway projects, Teixeira Duarte &#8211; Engenharia e Constru\u00e7\u00f5es, S. A. ensures that all of its challenges are overcome, always with the objective of customer satisfaction in mind.[\/vc_column_text][\/vc_column][\/vc_row][vc_row][vc_column]\n\t\t<div class=\"tm-vc_btn3-container tm-vc_btn3-center\"><a class=\"tm-vc_general tm-vc_btn3 tm-vc_btn3-size-md tm-vc_btn3-shape-square tm-vc_btn3-style-flat tm-vc_btn3-weight-no tm-vc_btn3-color-skincolor\" href=\"https:\/\/teixeiraduarteconstrucao.com\/en\/projects\/?tex_skills=infrastructures\" title=\"\">See Infrastructure projects<\/a><\/div>[\/vc_column][\/vc_row]\n<\/div>","protected":false},"excerpt":{"rendered":"<p>[vc_row tm_bgimagefixed=&#8221;&#8221;][vc_column][vc_column_text]The Infrastructures area is known for its high technological level and the implementation of major engineering projects. The area became fundamental for the development and growth of Teixeira Duarte&#8217;s activity, particularly from the 1980s onwards.[\/vc_column_text][\/vc_column][\/vc_row][vc_row][vc_column width=&#8221;2\/3&#8243; css=&#8221;.vc_custom_1517036857159{padding-right: 5px !important;}&#8221;][vc_single_image image=&#8221;12429&#8243; img_size=&#8221;600&#215;594&#8243; css=&#8221;.vc_custom_1556482622020{margin-bottom: 5px !important;}&#8221;][\/vc_column][vc_column width=&#8221;1\/3&#8243; css=&#8221;.vc_custom_1534494449960{padding-left: 0px !important;}&#8221; el_class=&#8221;padding-left-15px-768&#8243;][vc_single_image image=&#8221;12159&#8243; img_size=&#8221;500&#215;500&#8243; css=&#8221;.vc_custom_1556482706233{margin-bottom: 5px !important;}&#8221;][vc_single_image &hellip; <a href=\"https:\/\/teixeiraduarteconstrucao.com\/en\/competencies\/infrastructures\/\" class=\"more-link\">Continue reading <span class=\"screen-reader-text\">Infrastructures<\/span><\/a><\/p>\n","protected":false},"author":2,"featured_media":0,"parent":8683,"menu_order":3,"comment_status":"closed","ping_status":"closed","template":"","meta":{"footnotes":""},"class_list":["post-8712","page","type-page","status-publish","hentry"],"yoast_head":"<!-- This site is optimized with the Yoast SEO plugin v26.7 - https:\/\/yoast.com\/wordpress\/plugins\/seo\/ -->\n<title>Infrastructures - Teixeira Duarte Constru\u00e7\u00e3o<\/title>\n<meta name=\"description\" content=\"High technological level and the implementation of major engineering projects\" \/>\n<meta name=\"robots\" content=\"index, follow, max-snippet:-1, max-image-preview:large, max-video-preview:-1\" \/>\n<link rel=\"canonical\" href=\"https:\/\/teixeiraduarteconstrucao.com\/en\/competencies\/infrastructures\/\" \/>\n<meta property=\"og:locale\" content=\"en_US\" \/>\n<meta property=\"og:type\" content=\"article\" \/>\n<meta property=\"og:title\" content=\"Infrastructures - Teixeira Duarte Constru\u00e7\u00e3o\" \/>\n<meta property=\"og:description\" content=\"High technological level and the implementation of major engineering projects\" \/>\n<meta property=\"og:url\" content=\"https:\/\/teixeiraduarteconstrucao.com\/en\/competencies\/infrastructures\/\" \/>\n<meta property=\"og:site_name\" content=\"Teixeira Duarte Constru\u00e7\u00e3o\" \/>\n<meta property=\"article:publisher\" content=\"https:\/\/www.facebook.com\/teixeiraduarteconstrucao\/?locale=pt_PT\" \/>\n<meta property=\"article:modified_time\" content=\"2021-05-03T11:10:09+00:00\" \/>\n<meta name=\"twitter:card\" content=\"summary_large_image\" \/>\n<meta name=\"twitter:label1\" content=\"Est. reading time\" \/>\n\t<meta name=\"twitter:data1\" content=\"3 minutes\" \/>\n<script type=\"application\/ld+json\" class=\"yoast-schema-graph\">{\"@context\":\"https:\/\/schema.org\",\"@graph\":[{\"@type\":\"WebPage\",\"@id\":\"https:\/\/teixeiraduarteconstrucao.com\/en\/competencies\/infrastructures\/\",\"url\":\"https:\/\/teixeiraduarteconstrucao.com\/en\/competencies\/infrastructures\/\",\"name\":\"Infrastructures - Teixeira Duarte Constru\u00e7\u00e3o\",\"isPartOf\":{\"@id\":\"https:\/\/teixeiraduarteconstrucao.com\/en\/#website\"},\"datePublished\":\"2019-04-01T10:18:54+00:00\",\"dateModified\":\"2021-05-03T11:10:09+00:00\",\"description\":\"High technological level and the implementation of major engineering projects\",\"breadcrumb\":{\"@id\":\"https:\/\/teixeiraduarteconstrucao.com\/en\/competencies\/infrastructures\/#breadcrumb\"},\"inLanguage\":\"en-US\",\"potentialAction\":[{\"@type\":\"ReadAction\",\"target\":[\"https:\/\/teixeiraduarteconstrucao.com\/en\/competencies\/infrastructures\/\"]}]},{\"@type\":\"BreadcrumbList\",\"@id\":\"https:\/\/teixeiraduarteconstrucao.com\/en\/competencies\/infrastructures\/#breadcrumb\",\"itemListElement\":[{\"@type\":\"ListItem\",\"position\":1,\"name\":\"In\u00edcio\",\"item\":\"https:\/\/teixeiraduarteconstrucao.com\/en\/\"},{\"@type\":\"ListItem\",\"position\":2,\"name\":\"Competencies\",\"item\":\"https:\/\/teixeiraduarteconstrucao.com\/en\/competencies\/\"},{\"@type\":\"ListItem\",\"position\":3,\"name\":\"Infrastructures\"}]},{\"@type\":\"WebSite\",\"@id\":\"https:\/\/teixeiraduarteconstrucao.com\/en\/#website\",\"url\":\"https:\/\/teixeiraduarteconstrucao.com\/en\/\",\"name\":\"Teixeira Duarte Constru\u00e7\u00e3o\",\"description\":\"Pioneirismo e Inova\u00e7\u00e3o desde 1921\",\"publisher\":{\"@id\":\"https:\/\/teixeiraduarteconstrucao.com\/en\/#organization\"},\"potentialAction\":[{\"@type\":\"SearchAction\",\"target\":{\"@type\":\"EntryPoint\",\"urlTemplate\":\"https:\/\/teixeiraduarteconstrucao.com\/en\/?s={search_term_string}\"},\"query-input\":{\"@type\":\"PropertyValueSpecification\",\"valueRequired\":true,\"valueName\":\"search_term_string\"}}],\"inLanguage\":\"en-US\"},{\"@type\":\"Organization\",\"@id\":\"https:\/\/teixeiraduarteconstrucao.com\/en\/#organization\",\"name\":\"Teixeira Duarte - Engenharia e Constru\u00e7\u00f5es, S.A.\",\"url\":\"https:\/\/teixeiraduarteconstrucao.com\/en\/\",\"logo\":{\"@type\":\"ImageObject\",\"inLanguage\":\"en-US\",\"@id\":\"https:\/\/teixeiraduarteconstrucao.com\/en\/#\/schema\/logo\/image\/\",\"url\":\"https:\/\/teixeiraduarteconstrucao.com\/wp-content\/uploads\/2025\/04\/Logotipo-Teixeira-Duarte-EC-2024-positivo.png\",\"contentUrl\":\"https:\/\/teixeiraduarteconstrucao.com\/wp-content\/uploads\/2025\/04\/Logotipo-Teixeira-Duarte-EC-2024-positivo.png\",\"width\":3544,\"height\":1182,\"caption\":\"Teixeira Duarte - Engenharia e Constru\u00e7\u00f5es, S.A.\"},\"image\":{\"@id\":\"https:\/\/teixeiraduarteconstrucao.com\/en\/#\/schema\/logo\/image\/\"},\"sameAs\":[\"https:\/\/www.facebook.com\/teixeiraduarteconstrucao\/?locale=pt_PT\",\"https:\/\/www.linkedin.com\/company\/teixeira-duarte-engenharia-e-construcoes\"]}]}<\/script>\n<!-- \/ Yoast SEO plugin. -->","yoast_head_json":{"title":"Infrastructures - Teixeira Duarte Constru\u00e7\u00e3o","description":"High technological level and the implementation of major engineering projects","robots":{"index":"index","follow":"follow","max-snippet":"max-snippet:-1","max-image-preview":"max-image-preview:large","max-video-preview":"max-video-preview:-1"},"canonical":"https:\/\/teixeiraduarteconstrucao.com\/en\/competencies\/infrastructures\/","og_locale":"en_US","og_type":"article","og_title":"Infrastructures - Teixeira Duarte Constru\u00e7\u00e3o","og_description":"High technological level and the implementation of major engineering projects","og_url":"https:\/\/teixeiraduarteconstrucao.com\/en\/competencies\/infrastructures\/","og_site_name":"Teixeira Duarte Constru\u00e7\u00e3o","article_publisher":"https:\/\/www.facebook.com\/teixeiraduarteconstrucao\/?locale=pt_PT","article_modified_time":"2021-05-03T11:10:09+00:00","twitter_card":"summary_large_image","twitter_misc":{"Est. reading time":"3 minutes"},"schema":{"@context":"https:\/\/schema.org","@graph":[{"@type":"WebPage","@id":"https:\/\/teixeiraduarteconstrucao.com\/en\/competencies\/infrastructures\/","url":"https:\/\/teixeiraduarteconstrucao.com\/en\/competencies\/infrastructures\/","name":"Infrastructures - Teixeira Duarte Constru\u00e7\u00e3o","isPartOf":{"@id":"https:\/\/teixeiraduarteconstrucao.com\/en\/#website"},"datePublished":"2019-04-01T10:18:54+00:00","dateModified":"2021-05-03T11:10:09+00:00","description":"High technological level and the implementation of major engineering projects","breadcrumb":{"@id":"https:\/\/teixeiraduarteconstrucao.com\/en\/competencies\/infrastructures\/#breadcrumb"},"inLanguage":"en-US","potentialAction":[{"@type":"ReadAction","target":["https:\/\/teixeiraduarteconstrucao.com\/en\/competencies\/infrastructures\/"]}]},{"@type":"BreadcrumbList","@id":"https:\/\/teixeiraduarteconstrucao.com\/en\/competencies\/infrastructures\/#breadcrumb","itemListElement":[{"@type":"ListItem","position":1,"name":"In\u00edcio","item":"https:\/\/teixeiraduarteconstrucao.com\/en\/"},{"@type":"ListItem","position":2,"name":"Competencies","item":"https:\/\/teixeiraduarteconstrucao.com\/en\/competencies\/"},{"@type":"ListItem","position":3,"name":"Infrastructures"}]},{"@type":"WebSite","@id":"https:\/\/teixeiraduarteconstrucao.com\/en\/#website","url":"https:\/\/teixeiraduarteconstrucao.com\/en\/","name":"Teixeira Duarte Constru\u00e7\u00e3o","description":"Pioneirismo e Inova\u00e7\u00e3o desde 1921","publisher":{"@id":"https:\/\/teixeiraduarteconstrucao.com\/en\/#organization"},"potentialAction":[{"@type":"SearchAction","target":{"@type":"EntryPoint","urlTemplate":"https:\/\/teixeiraduarteconstrucao.com\/en\/?s={search_term_string}"},"query-input":{"@type":"PropertyValueSpecification","valueRequired":true,"valueName":"search_term_string"}}],"inLanguage":"en-US"},{"@type":"Organization","@id":"https:\/\/teixeiraduarteconstrucao.com\/en\/#organization","name":"Teixeira Duarte - Engenharia e Constru\u00e7\u00f5es, S.A.","url":"https:\/\/teixeiraduarteconstrucao.com\/en\/","logo":{"@type":"ImageObject","inLanguage":"en-US","@id":"https:\/\/teixeiraduarteconstrucao.com\/en\/#\/schema\/logo\/image\/","url":"https:\/\/teixeiraduarteconstrucao.com\/wp-content\/uploads\/2025\/04\/Logotipo-Teixeira-Duarte-EC-2024-positivo.png","contentUrl":"https:\/\/teixeiraduarteconstrucao.com\/wp-content\/uploads\/2025\/04\/Logotipo-Teixeira-Duarte-EC-2024-positivo.png","width":3544,"height":1182,"caption":"Teixeira Duarte - Engenharia e Constru\u00e7\u00f5es, S.A."},"image":{"@id":"https:\/\/teixeiraduarteconstrucao.com\/en\/#\/schema\/logo\/image\/"},"sameAs":["https:\/\/www.facebook.com\/teixeiraduarteconstrucao\/?locale=pt_PT","https:\/\/www.linkedin.com\/company\/teixeira-duarte-engenharia-e-construcoes"]}]}},"_links":{"self":[{"href":"https:\/\/teixeiraduarteconstrucao.com\/en\/wp-json\/wp\/v2\/pages\/8712","targetHints":{"allow":["GET"]}}],"collection":[{"href":"https:\/\/teixeiraduarteconstrucao.com\/en\/wp-json\/wp\/v2\/pages"}],"about":[{"href":"https:\/\/teixeiraduarteconstrucao.com\/en\/wp-json\/wp\/v2\/types\/page"}],"author":[{"embeddable":true,"href":"https:\/\/teixeiraduarteconstrucao.com\/en\/wp-json\/wp\/v2\/users\/2"}],"replies":[{"embeddable":true,"href":"https:\/\/teixeiraduarteconstrucao.com\/en\/wp-json\/wp\/v2\/comments?post=8712"}],"version-history":[{"count":0,"href":"https:\/\/teixeiraduarteconstrucao.com\/en\/wp-json\/wp\/v2\/pages\/8712\/revisions"}],"up":[{"embeddable":true,"href":"https:\/\/teixeiraduarteconstrucao.com\/en\/wp-json\/wp\/v2\/pages\/8683"}],"wp:attachment":[{"href":"https:\/\/teixeiraduarteconstrucao.com\/en\/wp-json\/wp\/v2\/media?parent=8712"}],"curies":[{"name":"wp","href":"https:\/\/api.w.org\/{rel}","templated":true}]}}