{"id":8710,"date":"2019-04-01T10:18:25","date_gmt":"2019-04-01T10:18:25","guid":{"rendered":"https:\/\/teixeiraduarteconstrucao.com\/competencies\/edificacoes\/"},"modified":"2019-08-12T15:54:09","modified_gmt":"2019-08-12T15:54:09","slug":"buildings","status":"publish","type":"page","link":"https:\/\/teixeiraduarteconstrucao.com\/en\/competencies\/buildings\/","title":{"rendered":"Buildings"},"content":{"rendered":"<div class=\"wpb-content-wrapper\">[vc_row tm_bgimagefixed=&#8221;&#8221;][vc_column]<div class=\"tm-element-heading-wrapper tm-heading-inner tm-element-align-left tm-seperator-none tm-heading-style-vertical  vc_custom_1561738191124\"><section class=\"tm-vc_cta3-container\"><div class=\"tm-vc_general tm-vc_cta3 tm-cta3-only tm-vc_cta3-style-classic tm-vc_cta3-shape-rounded tm-vc_cta3-align-left tm-vc_cta3-color-transparent tm-vc_cta3-icon-size-md tm-vc_cta3-actions-no tm-cta3-without-desc\"><div class=\"tm-vc_cta3_content-container\"><div class=\"tm-vc_cta3-content\"><header class=\"tm-vc_cta3-content-header tm-wrap\"><div class=\"tm-vc_cta3-headers tm-wrap-cell\"><h2 style=\"font-size:30px;line-height:30px;font-family:'Titillium Web',Arial,Helvetica;font-weight:600;\" class=\"tm-custom-heading \" >Buildings<\/h2>\n<\/div><div class=\"heading-seperator\"><span><\/span><\/div><\/header><\/div><\/div><\/div><\/section><\/div> <!-- .tm-element-heading-wrapper container --> [vc_column_text]In the construction sector, Teixeira Duarte &#8211; Engenharia e Constru\u00e7\u00f5es, S. A. has maintained its highly dynamic activity, which has been of particular significance since the 60s, with a great international presence.<\/p>\n<p>In this area, the Company&#8217;s intervention features the development of large scale and technically complex projects, encompassing all types of construction.<\/p>\n<p>Recognised on the international market, Teixeira Duarte dedicates its skills to improving quality of life, by ensuring that its projects offer the functionality and comfort required for the well-being of their uses.[\/vc_column_text][\/vc_column][\/vc_row][vc_row][vc_column width=&#8221;2\/3&#8243; css=&#8221;.vc_custom_1517036857159{padding-right: 5px !important;}&#8221;][vc_single_image image=&#8221;12434&#8243; img_size=&#8221;600&#215;594&#8243; onclick=&#8221;custom_link&#8221; css=&#8221;.vc_custom_1556482510029{margin-bottom: 5px !important;}&#8221; link=&#8221;\/projetos\/complexo-de-edificios-do-banco-de-mocambique\/&#8221;][\/vc_column][vc_column width=&#8221;1\/3&#8243; css=&#8221;.vc_custom_1534494449960{padding-left: 0px !important;}&#8221; el_class=&#8221;padding-left-15px-768&#8243;][vc_single_image image=&#8221;5580&#8243; img_size=&#8221;500&#215;500&#8243; css=&#8221;.vc_custom_1556482297488{margin-bottom: 5px !important;}&#8221;][vc_single_image image=&#8221;12459&#8243; img_size=&#8221;500&#215;500&#8243; css=&#8221;.vc_custom_1556482351880{margin-bottom: 5px !important;}&#8221;][\/vc_column][\/vc_row][vc_row tm_bgimage_position=&#8221;center_bottom&#8221; tm_bgimagefixed=&#8221;&#8221; full_width=&#8221;stretch_row&#8221; css=&#8221;.vc_custom_1554225278150{padding-top: 40px !important;padding-bottom: 50px !important;background-position: center !important;background-repeat: no-repeat !important;background-size: cover !important;}&#8221;][vc_column]<div class=\"tm-element-heading-wrapper tm-heading-inner tm-element-align-left tm-seperator-none tm-heading-style-vertical \"><section class=\"tm-vc_cta3-container\"><div class=\"tm-vc_general tm-vc_cta3 tm-cta3-only tm-vc_cta3-style-classic tm-vc_cta3-shape-rounded tm-vc_cta3-align-left tm-vc_cta3-color-transparent tm-vc_cta3-icon-size-md tm-vc_cta3-actions-no tm-cta3-with-desc\"><div class=\"tm-vc_cta3_content-container\"><div class=\"tm-vc_cta3-content\"><header class=\"tm-vc_cta3-content-header tm-wrap\"><div class=\"tm-vc_cta3-headers tm-wrap-cell\"><h2 style=\"font-size:30px;line-height:35px;font-family:'Titillium Web',Arial,Helvetica;font-weight:600;\" class=\"tm-custom-heading \" >What we do<\/h2>\n<\/div><div class=\"heading-seperator\"><span><\/span><\/div><\/header><div class=\"tm-cta3-content-wrapper\"><p>Teixeira Duarte &#8211; Engenharia e Constru\u00e7\u00f5es, S. A. ensures that projects are managed on a global scale, including technical engineering studies with high quality standards and a high technological level, allowing the company to work in all areas of this specialist sector.<\/p><\/div><\/div><\/div><\/div><\/section><\/div> <!-- .tm-element-heading-wrapper container --> [vc_row_inner break_in_responsive=&#8221;991&#8243; el_class=&#8221;sbox-hover-borderbox&#8221;][vc_column_inner width=&#8221;1\/3&#8243;][vc_column_text]\n<ul>\n<li>\n<h6>Large multi-functional buildings<\/h6>\n<\/li>\n<li>\n<h6>Public, residential and service buildings<\/h6>\n<\/li>\n<li>\n<h6>Industrial complexes<\/h6>\n<\/li>\n<\/ul>\n[\/vc_column_text][\/vc_column_inner][vc_column_inner width=&#8221;1\/3&#8243;][vc_column_text]\n<ul>\n<li>\n<h6>Schools<\/h6>\n<\/li>\n<li>\n<h6>Tourist developments<\/h6>\n<\/li>\n<li>\n<h6>Hospitals<\/h6>\n<\/li>\n<\/ul>\n[\/vc_column_text][\/vc_column_inner][vc_column_inner width=&#8221;1\/3&#8243;][\/vc_column_inner][\/vc_row_inner][\/vc_column][\/vc_row][vc_row tm_bgimagefixed=&#8221;&#8221;][vc_column]<div class=\"tm-element-heading-wrapper tm-heading-inner tm-element-align-left tm-seperator-none tm-heading-style-vertical  vc_custom_1561738273797\"><section class=\"tm-vc_cta3-container\"><div class=\"tm-vc_general tm-vc_cta3 tm-cta3-only tm-vc_cta3-style-classic tm-vc_cta3-shape-rounded tm-vc_cta3-align-left tm-vc_cta3-color-transparent tm-vc_cta3-icon-size-md tm-vc_cta3-actions-no tm-cta3-without-desc\"><div class=\"tm-vc_cta3_content-container\"><div class=\"tm-vc_cta3-content\"><header class=\"tm-vc_cta3-content-header tm-wrap\"><div class=\"tm-vc_cta3-headers tm-wrap-cell\"><h2 style=\"font-size:30px;line-height:35px;font-family:'Titillium Web',Arial,Helvetica;font-weight:600;\" class=\"tm-custom-heading \" >Quality and Safety<\/h2>\n<\/div><div class=\"heading-seperator\"><span><\/span><\/div><\/header><\/div><\/div><\/div><\/section><\/div> <!-- .tm-element-heading-wrapper container --> [vc_column_text]Teixeira Duarte permanently invests in optimising its activities, through training, the improvement of management systems and technical evolution. In other words, it invests in means that allow it to offer high quality and safe services, leading to better results for customers.[\/vc_column_text][\/vc_column][\/vc_row][vc_row][vc_column]\n\t\t<div class=\"tm-vc_btn3-container tm-vc_btn3-center\"><a class=\"tm-vc_general tm-vc_btn3 tm-vc_btn3-size-md tm-vc_btn3-shape-square tm-vc_btn3-style-flat tm-vc_btn3-weight-no tm-vc_btn3-color-skincolor\" href=\"https:\/\/teixeiraduarteconstrucao.com\/en\/projects\/?tex_skills=buildings\" title=\"\">See Buildings projects<\/a><\/div>[\/vc_column][\/vc_row]\n<\/div>","protected":false},"excerpt":{"rendered":"<p>[vc_row tm_bgimagefixed=&#8221;&#8221;][vc_column][vc_column_text]In the construction sector, Teixeira Duarte &#8211; Engenharia e Constru\u00e7\u00f5es, S. A. has maintained its highly dynamic activity, which has been of particular significance since the 60s, with a great international presence. In this area, the Company&#8217;s intervention features the development of large scale and technically complex projects, encompassing all types of construction. Recognised &hellip; <a href=\"https:\/\/teixeiraduarteconstrucao.com\/en\/competencies\/buildings\/\" class=\"more-link\">Continue reading <span class=\"screen-reader-text\">Buildings<\/span><\/a><\/p>\n","protected":false},"author":2,"featured_media":0,"parent":8683,"menu_order":2,"comment_status":"closed","ping_status":"closed","template":"","meta":{"footnotes":""},"class_list":["post-8710","page","type-page","status-publish","hentry"],"yoast_head":"<!-- This site is optimized with the Yoast SEO plugin v26.7 - https:\/\/yoast.com\/wordpress\/plugins\/seo\/ -->\n<title>Buildings - Teixeira Duarte Constru\u00e7\u00e3o<\/title>\n<meta name=\"description\" content=\"An activity where the Company has a high dynamism, namely in the construction of large multifunctional and industrial buildings, schools or hospitals.\" \/>\n<meta name=\"robots\" content=\"index, follow, max-snippet:-1, max-image-preview:large, max-video-preview:-1\" \/>\n<link rel=\"canonical\" href=\"https:\/\/teixeiraduarteconstrucao.com\/en\/competencies\/buildings\/\" \/>\n<meta property=\"og:locale\" content=\"en_US\" \/>\n<meta property=\"og:type\" content=\"article\" \/>\n<meta property=\"og:title\" content=\"Buildings - Teixeira Duarte Constru\u00e7\u00e3o\" \/>\n<meta property=\"og:description\" content=\"An activity where the Company has a high dynamism, namely in the construction of large multifunctional and industrial buildings, schools or hospitals.\" \/>\n<meta property=\"og:url\" content=\"https:\/\/teixeiraduarteconstrucao.com\/en\/competencies\/buildings\/\" \/>\n<meta property=\"og:site_name\" content=\"Teixeira Duarte Constru\u00e7\u00e3o\" \/>\n<meta property=\"article:publisher\" content=\"https:\/\/www.facebook.com\/teixeiraduarteconstrucao\/?locale=pt_PT\" \/>\n<meta property=\"article:modified_time\" content=\"2019-08-12T15:54:09+00:00\" \/>\n<meta name=\"twitter:card\" content=\"summary_large_image\" \/>\n<meta name=\"twitter:label1\" content=\"Est. reading time\" \/>\n\t<meta name=\"twitter:data1\" content=\"3 minutes\" \/>\n<script type=\"application\/ld+json\" class=\"yoast-schema-graph\">{\"@context\":\"https:\/\/schema.org\",\"@graph\":[{\"@type\":\"WebPage\",\"@id\":\"https:\/\/teixeiraduarteconstrucao.com\/en\/competencies\/buildings\/\",\"url\":\"https:\/\/teixeiraduarteconstrucao.com\/en\/competencies\/buildings\/\",\"name\":\"Buildings - Teixeira Duarte Constru\u00e7\u00e3o\",\"isPartOf\":{\"@id\":\"https:\/\/teixeiraduarteconstrucao.com\/en\/#website\"},\"datePublished\":\"2019-04-01T10:18:25+00:00\",\"dateModified\":\"2019-08-12T15:54:09+00:00\",\"description\":\"An activity where the Company has a high dynamism, namely in the construction of large multifunctional and industrial buildings, schools or hospitals.\",\"breadcrumb\":{\"@id\":\"https:\/\/teixeiraduarteconstrucao.com\/en\/competencies\/buildings\/#breadcrumb\"},\"inLanguage\":\"en-US\",\"potentialAction\":[{\"@type\":\"ReadAction\",\"target\":[\"https:\/\/teixeiraduarteconstrucao.com\/en\/competencies\/buildings\/\"]}]},{\"@type\":\"BreadcrumbList\",\"@id\":\"https:\/\/teixeiraduarteconstrucao.com\/en\/competencies\/buildings\/#breadcrumb\",\"itemListElement\":[{\"@type\":\"ListItem\",\"position\":1,\"name\":\"In\u00edcio\",\"item\":\"https:\/\/teixeiraduarteconstrucao.com\/en\/\"},{\"@type\":\"ListItem\",\"position\":2,\"name\":\"Competencies\",\"item\":\"https:\/\/teixeiraduarteconstrucao.com\/en\/competencies\/\"},{\"@type\":\"ListItem\",\"position\":3,\"name\":\"Buildings\"}]},{\"@type\":\"WebSite\",\"@id\":\"https:\/\/teixeiraduarteconstrucao.com\/en\/#website\",\"url\":\"https:\/\/teixeiraduarteconstrucao.com\/en\/\",\"name\":\"Teixeira Duarte Constru\u00e7\u00e3o\",\"description\":\"Pioneirismo e Inova\u00e7\u00e3o desde 1921\",\"publisher\":{\"@id\":\"https:\/\/teixeiraduarteconstrucao.com\/en\/#organization\"},\"potentialAction\":[{\"@type\":\"SearchAction\",\"target\":{\"@type\":\"EntryPoint\",\"urlTemplate\":\"https:\/\/teixeiraduarteconstrucao.com\/en\/?s={search_term_string}\"},\"query-input\":{\"@type\":\"PropertyValueSpecification\",\"valueRequired\":true,\"valueName\":\"search_term_string\"}}],\"inLanguage\":\"en-US\"},{\"@type\":\"Organization\",\"@id\":\"https:\/\/teixeiraduarteconstrucao.com\/en\/#organization\",\"name\":\"Teixeira Duarte - Engenharia e Constru\u00e7\u00f5es, S.A.\",\"url\":\"https:\/\/teixeiraduarteconstrucao.com\/en\/\",\"logo\":{\"@type\":\"ImageObject\",\"inLanguage\":\"en-US\",\"@id\":\"https:\/\/teixeiraduarteconstrucao.com\/en\/#\/schema\/logo\/image\/\",\"url\":\"https:\/\/teixeiraduarteconstrucao.com\/wp-content\/uploads\/2025\/04\/Logotipo-Teixeira-Duarte-EC-2024-positivo.png\",\"contentUrl\":\"https:\/\/teixeiraduarteconstrucao.com\/wp-content\/uploads\/2025\/04\/Logotipo-Teixeira-Duarte-EC-2024-positivo.png\",\"width\":3544,\"height\":1182,\"caption\":\"Teixeira Duarte - Engenharia e Constru\u00e7\u00f5es, S.A.\"},\"image\":{\"@id\":\"https:\/\/teixeiraduarteconstrucao.com\/en\/#\/schema\/logo\/image\/\"},\"sameAs\":[\"https:\/\/www.facebook.com\/teixeiraduarteconstrucao\/?locale=pt_PT\",\"https:\/\/www.linkedin.com\/company\/teixeira-duarte-engenharia-e-construcoes\"]}]}<\/script>\n<!-- \/ Yoast SEO plugin. -->","yoast_head_json":{"title":"Buildings - Teixeira Duarte Constru\u00e7\u00e3o","description":"An activity where the Company has a high dynamism, namely in the construction of large multifunctional and industrial buildings, schools or hospitals.","robots":{"index":"index","follow":"follow","max-snippet":"max-snippet:-1","max-image-preview":"max-image-preview:large","max-video-preview":"max-video-preview:-1"},"canonical":"https:\/\/teixeiraduarteconstrucao.com\/en\/competencies\/buildings\/","og_locale":"en_US","og_type":"article","og_title":"Buildings - Teixeira Duarte Constru\u00e7\u00e3o","og_description":"An activity where the Company has a high dynamism, namely in the construction of large multifunctional and industrial buildings, schools or hospitals.","og_url":"https:\/\/teixeiraduarteconstrucao.com\/en\/competencies\/buildings\/","og_site_name":"Teixeira Duarte Constru\u00e7\u00e3o","article_publisher":"https:\/\/www.facebook.com\/teixeiraduarteconstrucao\/?locale=pt_PT","article_modified_time":"2019-08-12T15:54:09+00:00","twitter_card":"summary_large_image","twitter_misc":{"Est. reading time":"3 minutes"},"schema":{"@context":"https:\/\/schema.org","@graph":[{"@type":"WebPage","@id":"https:\/\/teixeiraduarteconstrucao.com\/en\/competencies\/buildings\/","url":"https:\/\/teixeiraduarteconstrucao.com\/en\/competencies\/buildings\/","name":"Buildings - Teixeira Duarte Constru\u00e7\u00e3o","isPartOf":{"@id":"https:\/\/teixeiraduarteconstrucao.com\/en\/#website"},"datePublished":"2019-04-01T10:18:25+00:00","dateModified":"2019-08-12T15:54:09+00:00","description":"An activity where the Company has a high dynamism, namely in the construction of large multifunctional and industrial buildings, schools or hospitals.","breadcrumb":{"@id":"https:\/\/teixeiraduarteconstrucao.com\/en\/competencies\/buildings\/#breadcrumb"},"inLanguage":"en-US","potentialAction":[{"@type":"ReadAction","target":["https:\/\/teixeiraduarteconstrucao.com\/en\/competencies\/buildings\/"]}]},{"@type":"BreadcrumbList","@id":"https:\/\/teixeiraduarteconstrucao.com\/en\/competencies\/buildings\/#breadcrumb","itemListElement":[{"@type":"ListItem","position":1,"name":"In\u00edcio","item":"https:\/\/teixeiraduarteconstrucao.com\/en\/"},{"@type":"ListItem","position":2,"name":"Competencies","item":"https:\/\/teixeiraduarteconstrucao.com\/en\/competencies\/"},{"@type":"ListItem","position":3,"name":"Buildings"}]},{"@type":"WebSite","@id":"https:\/\/teixeiraduarteconstrucao.com\/en\/#website","url":"https:\/\/teixeiraduarteconstrucao.com\/en\/","name":"Teixeira Duarte Constru\u00e7\u00e3o","description":"Pioneirismo e Inova\u00e7\u00e3o desde 1921","publisher":{"@id":"https:\/\/teixeiraduarteconstrucao.com\/en\/#organization"},"potentialAction":[{"@type":"SearchAction","target":{"@type":"EntryPoint","urlTemplate":"https:\/\/teixeiraduarteconstrucao.com\/en\/?s={search_term_string}"},"query-input":{"@type":"PropertyValueSpecification","valueRequired":true,"valueName":"search_term_string"}}],"inLanguage":"en-US"},{"@type":"Organization","@id":"https:\/\/teixeiraduarteconstrucao.com\/en\/#organization","name":"Teixeira Duarte - Engenharia e Constru\u00e7\u00f5es, S.A.","url":"https:\/\/teixeiraduarteconstrucao.com\/en\/","logo":{"@type":"ImageObject","inLanguage":"en-US","@id":"https:\/\/teixeiraduarteconstrucao.com\/en\/#\/schema\/logo\/image\/","url":"https:\/\/teixeiraduarteconstrucao.com\/wp-content\/uploads\/2025\/04\/Logotipo-Teixeira-Duarte-EC-2024-positivo.png","contentUrl":"https:\/\/teixeiraduarteconstrucao.com\/wp-content\/uploads\/2025\/04\/Logotipo-Teixeira-Duarte-EC-2024-positivo.png","width":3544,"height":1182,"caption":"Teixeira Duarte - Engenharia e Constru\u00e7\u00f5es, S.A."},"image":{"@id":"https:\/\/teixeiraduarteconstrucao.com\/en\/#\/schema\/logo\/image\/"},"sameAs":["https:\/\/www.facebook.com\/teixeiraduarteconstrucao\/?locale=pt_PT","https:\/\/www.linkedin.com\/company\/teixeira-duarte-engenharia-e-construcoes"]}]}},"_links":{"self":[{"href":"https:\/\/teixeiraduarteconstrucao.com\/en\/wp-json\/wp\/v2\/pages\/8710","targetHints":{"allow":["GET"]}}],"collection":[{"href":"https:\/\/teixeiraduarteconstrucao.com\/en\/wp-json\/wp\/v2\/pages"}],"about":[{"href":"https:\/\/teixeiraduarteconstrucao.com\/en\/wp-json\/wp\/v2\/types\/page"}],"author":[{"embeddable":true,"href":"https:\/\/teixeiraduarteconstrucao.com\/en\/wp-json\/wp\/v2\/users\/2"}],"replies":[{"embeddable":true,"href":"https:\/\/teixeiraduarteconstrucao.com\/en\/wp-json\/wp\/v2\/comments?post=8710"}],"version-history":[{"count":0,"href":"https:\/\/teixeiraduarteconstrucao.com\/en\/wp-json\/wp\/v2\/pages\/8710\/revisions"}],"up":[{"embeddable":true,"href":"https:\/\/teixeiraduarteconstrucao.com\/en\/wp-json\/wp\/v2\/pages\/8683"}],"wp:attachment":[{"href":"https:\/\/teixeiraduarteconstrucao.com\/en\/wp-json\/wp\/v2\/media?parent=8710"}],"curies":[{"name":"wp","href":"https:\/\/api.w.org\/{rel}","templated":true}]}}