{"id":8682,"date":"2019-04-16T17:58:57","date_gmt":"2019-04-16T17:58:57","guid":{"rendered":"https:\/\/teixeiraduarteconstrucao.com\/who-we-are\/canal-de-etica\/"},"modified":"2023-11-20T12:42:57","modified_gmt":"2023-11-20T12:42:57","slug":"ethics-channel","status":"publish","type":"page","link":"https:\/\/teixeiraduarteconstrucao.com\/en\/who-we-are\/ethics-channel\/","title":{"rendered":"Ethics Channel"},"content":{"rendered":"<div class=\"wpb-content-wrapper\">[vc_row tm_bgimagefixed=&#8221;&#8221;][vc_column]<div class=\"tm-element-heading-wrapper tm-heading-inner tm-element-align-left tm-seperator-none tm-heading-style-vertical  vc_custom_1561736101186\"><section class=\"tm-vc_cta3-container\"><div class=\"tm-vc_general tm-vc_cta3 tm-cta3-only tm-vc_cta3-style-classic tm-vc_cta3-shape-rounded tm-vc_cta3-align-left tm-vc_cta3-color-transparent tm-vc_cta3-icon-size-md tm-vc_cta3-actions-no tm-cta3-without-desc\"><div class=\"tm-vc_cta3_content-container\"><div class=\"tm-vc_cta3-content\"><header class=\"tm-vc_cta3-content-header tm-wrap\"><div class=\"tm-vc_cta3-headers tm-wrap-cell\"><h2 style=\"font-size:30px;line-height:30px;font-family:'Titillium Web',Arial,Helvetica;font-weight:600;\" class=\"tm-custom-heading \" >Ethics Channel<\/h2>\n<\/div><div class=\"heading-seperator\"><span><\/span><\/div><\/header><\/div><\/div><\/div><\/section><\/div> <!-- .tm-element-heading-wrapper container --> [vc_column_text]Based on the Mission and Values and enshrined in the Teixeira Duarte Group <a href=\"https:\/\/www.teixeiraduarte.pt\/wp-content\/uploads\/2023\/01\/Politica-de-Comunicacao-de-Irregularidades-Teixeira-Duarte-SA.pdf\" target=\"_blank\" rel=\"noopener\">Whistleblowing Policy<\/a>\u00a0and in the\u00a0<a href=\"https:\/\/www.teixeiraduarte.pt\/wp-content\/uploads\/2020\/12\/Codigo-de-Etica-e-Conduta-do-Grupo-TD-05.02.2018-EN.pdf\" target=\"_blank\" rel=\"noopener\">Code of Ethics and Conduct<\/a>, the activity of Teixeira Duarte &#8211; Engenharia e Constru\u00e7\u00f5es, S.A. and of its employees is guided by actions that prioritize the prevention and prohibition of non-compliant practices, such as bribery, corruption or the violation of principles of corporate ethics and thus abide by the anti-corruption laws and regulations applicable in the countries where it operates, as well as the internal rules of Teixeira Duarte.<\/p>\n<p>In compliance with its Whistleblowing Policy and Code of Ethics and Conduct, the Teixeira Duarte Group has implemented a reporting channel, the Ethics Channel, which allows the reporting of facts related to corruption, as well as any other non-compliant facts that may involve the practice of illicit acts, such as harassment or discrimination. A procedure is in place that establishes how to report, control and handle reports received within the business structure as a measure to prevent and combat improper practices, which, if they so wish, guarantees the anonymity of the whistleblowers.<\/p>\n<p>Reports of violations of applicable external and internal rules can be received through the\u00a0<a href=\"https:\/\/teixeiraduarte.integrity.complylog.com\/\" target=\"_blank\" rel=\"noopener\">Teixeira Duarte Reporting Channel<\/a>\u00a0or the following channels:<\/p>\n<ul>\n<li>Correspondence addressed to the Board of Directors or to the Supervisory Board at their respective Corporate addresses;<\/li>\n<li>E-mail to the address\u00a0<a href=\"mailto:compliance@teixeiraduarte.com\">compliance@teixeiraduarte.com<\/a>, with exclusive access from the Ethics Team;<\/li>\n<li>E-mail to the address\u00a0<a href=\"mailto:conselhofiscal@teixeiraduarte.com\">conselhofiscal@teixeiraduarte.com<\/a>, with exclusive access from the Supervisory Board.<\/li>\n<\/ul>\n<p>All employees, customers, suppliers or other interested parties of Teixeira Duarte Group companies can use the Ethics Channel. If you become aware of the practice of an act that you consider not to comply with legal norms or internal regulations, be sure to report it. Teixeira Duarte guarantees the anonymity of the communications received, if the whistleblowers so wish, the absence of any reprisals against whistleblowers for reporting in good faith and the protection of the personal data of the whistleblower and of the suspected offender.[\/vc_column_text][\/vc_column][\/vc_row]\n<\/div>","protected":false},"excerpt":{"rendered":"<p>[vc_row tm_bgimagefixed=&#8221;&#8221;][vc_column][vc_column_text]Based on the Mission and Values and enshrined in the Teixeira Duarte Group Whistleblowing Policy\u00a0and in the\u00a0Code of Ethics and Conduct, the activity of Teixeira Duarte &#8211; Engenharia e Constru\u00e7\u00f5es, S.A. and of its employees is guided by actions that prioritize the prevention and prohibition of non-compliant practices, such as bribery, corruption or the &hellip; <a href=\"https:\/\/teixeiraduarteconstrucao.com\/en\/who-we-are\/ethics-channel\/\" class=\"more-link\">Continue reading <span class=\"screen-reader-text\">Ethics Channel<\/span><\/a><\/p>\n","protected":false},"author":2,"featured_media":0,"parent":8463,"menu_order":7,"comment_status":"closed","ping_status":"closed","template":"","meta":{"footnotes":""},"class_list":["post-8682","page","type-page","status-publish","hentry"],"yoast_head":"<!-- This site is optimized with the Yoast SEO plugin v26.7 - https:\/\/yoast.com\/wordpress\/plugins\/seo\/ -->\n<title>Ethics Channel - Teixeira Duarte Constru\u00e7\u00e3o<\/title>\n<meta name=\"description\" content=\"Teixeira Duarte encourages all employees and entities with which it has relationships to report any irregularities related to any regulations.\" \/>\n<meta name=\"robots\" content=\"index, follow, max-snippet:-1, max-image-preview:large, max-video-preview:-1\" \/>\n<link rel=\"canonical\" href=\"https:\/\/teixeiraduarteconstrucao.com\/en\/who-we-are\/ethics-channel\/\" \/>\n<meta property=\"og:locale\" content=\"en_US\" \/>\n<meta property=\"og:type\" content=\"article\" \/>\n<meta property=\"og:title\" content=\"Ethics Channel - Teixeira Duarte Constru\u00e7\u00e3o\" \/>\n<meta property=\"og:description\" content=\"Teixeira Duarte encourages all employees and entities with which it has relationships to report any irregularities related to any regulations.\" \/>\n<meta property=\"og:url\" content=\"https:\/\/teixeiraduarteconstrucao.com\/en\/who-we-are\/ethics-channel\/\" \/>\n<meta property=\"og:site_name\" content=\"Teixeira Duarte Constru\u00e7\u00e3o\" \/>\n<meta property=\"article:publisher\" content=\"https:\/\/www.facebook.com\/teixeiraduarteconstrucao\/?locale=pt_PT\" \/>\n<meta property=\"article:modified_time\" content=\"2023-11-20T12:42:57+00:00\" \/>\n<meta name=\"twitter:card\" content=\"summary_large_image\" \/>\n<meta name=\"twitter:label1\" content=\"Est. reading time\" \/>\n\t<meta name=\"twitter:data1\" content=\"2 minutes\" \/>\n<script type=\"application\/ld+json\" class=\"yoast-schema-graph\">{\"@context\":\"https:\/\/schema.org\",\"@graph\":[{\"@type\":\"WebPage\",\"@id\":\"https:\/\/teixeiraduarteconstrucao.com\/en\/who-we-are\/ethics-channel\/\",\"url\":\"https:\/\/teixeiraduarteconstrucao.com\/en\/who-we-are\/ethics-channel\/\",\"name\":\"Ethics Channel - Teixeira Duarte Constru\u00e7\u00e3o\",\"isPartOf\":{\"@id\":\"https:\/\/teixeiraduarteconstrucao.com\/en\/#website\"},\"datePublished\":\"2019-04-16T17:58:57+00:00\",\"dateModified\":\"2023-11-20T12:42:57+00:00\",\"description\":\"Teixeira Duarte encourages all employees and entities with which it has relationships to report any irregularities related to any regulations.\",\"breadcrumb\":{\"@id\":\"https:\/\/teixeiraduarteconstrucao.com\/en\/who-we-are\/ethics-channel\/#breadcrumb\"},\"inLanguage\":\"en-US\",\"potentialAction\":[{\"@type\":\"ReadAction\",\"target\":[\"https:\/\/teixeiraduarteconstrucao.com\/en\/who-we-are\/ethics-channel\/\"]}]},{\"@type\":\"BreadcrumbList\",\"@id\":\"https:\/\/teixeiraduarteconstrucao.com\/en\/who-we-are\/ethics-channel\/#breadcrumb\",\"itemListElement\":[{\"@type\":\"ListItem\",\"position\":1,\"name\":\"In\u00edcio\",\"item\":\"https:\/\/teixeiraduarteconstrucao.com\/en\/\"},{\"@type\":\"ListItem\",\"position\":2,\"name\":\"Who We Are\",\"item\":\"https:\/\/teixeiraduarteconstrucao.com\/en\/who-we-are\/\"},{\"@type\":\"ListItem\",\"position\":3,\"name\":\"Ethics Channel\"}]},{\"@type\":\"WebSite\",\"@id\":\"https:\/\/teixeiraduarteconstrucao.com\/en\/#website\",\"url\":\"https:\/\/teixeiraduarteconstrucao.com\/en\/\",\"name\":\"Teixeira Duarte Constru\u00e7\u00e3o\",\"description\":\"Pioneirismo e Inova\u00e7\u00e3o desde 1921\",\"publisher\":{\"@id\":\"https:\/\/teixeiraduarteconstrucao.com\/en\/#organization\"},\"potentialAction\":[{\"@type\":\"SearchAction\",\"target\":{\"@type\":\"EntryPoint\",\"urlTemplate\":\"https:\/\/teixeiraduarteconstrucao.com\/en\/?s={search_term_string}\"},\"query-input\":{\"@type\":\"PropertyValueSpecification\",\"valueRequired\":true,\"valueName\":\"search_term_string\"}}],\"inLanguage\":\"en-US\"},{\"@type\":\"Organization\",\"@id\":\"https:\/\/teixeiraduarteconstrucao.com\/en\/#organization\",\"name\":\"Teixeira Duarte - Engenharia e Constru\u00e7\u00f5es, S.A.\",\"url\":\"https:\/\/teixeiraduarteconstrucao.com\/en\/\",\"logo\":{\"@type\":\"ImageObject\",\"inLanguage\":\"en-US\",\"@id\":\"https:\/\/teixeiraduarteconstrucao.com\/en\/#\/schema\/logo\/image\/\",\"url\":\"https:\/\/teixeiraduarteconstrucao.com\/wp-content\/uploads\/2025\/04\/Logotipo-Teixeira-Duarte-EC-2024-positivo.png\",\"contentUrl\":\"https:\/\/teixeiraduarteconstrucao.com\/wp-content\/uploads\/2025\/04\/Logotipo-Teixeira-Duarte-EC-2024-positivo.png\",\"width\":3544,\"height\":1182,\"caption\":\"Teixeira Duarte - Engenharia e Constru\u00e7\u00f5es, S.A.\"},\"image\":{\"@id\":\"https:\/\/teixeiraduarteconstrucao.com\/en\/#\/schema\/logo\/image\/\"},\"sameAs\":[\"https:\/\/www.facebook.com\/teixeiraduarteconstrucao\/?locale=pt_PT\",\"https:\/\/www.linkedin.com\/company\/teixeira-duarte-engenharia-e-construcoes\"]}]}<\/script>\n<!-- \/ Yoast SEO plugin. -->","yoast_head_json":{"title":"Ethics Channel - Teixeira Duarte Constru\u00e7\u00e3o","description":"Teixeira Duarte encourages all employees and entities with which it has relationships to report any irregularities related to any regulations.","robots":{"index":"index","follow":"follow","max-snippet":"max-snippet:-1","max-image-preview":"max-image-preview:large","max-video-preview":"max-video-preview:-1"},"canonical":"https:\/\/teixeiraduarteconstrucao.com\/en\/who-we-are\/ethics-channel\/","og_locale":"en_US","og_type":"article","og_title":"Ethics Channel - Teixeira Duarte Constru\u00e7\u00e3o","og_description":"Teixeira Duarte encourages all employees and entities with which it has relationships to report any irregularities related to any regulations.","og_url":"https:\/\/teixeiraduarteconstrucao.com\/en\/who-we-are\/ethics-channel\/","og_site_name":"Teixeira Duarte Constru\u00e7\u00e3o","article_publisher":"https:\/\/www.facebook.com\/teixeiraduarteconstrucao\/?locale=pt_PT","article_modified_time":"2023-11-20T12:42:57+00:00","twitter_card":"summary_large_image","twitter_misc":{"Est. reading time":"2 minutes"},"schema":{"@context":"https:\/\/schema.org","@graph":[{"@type":"WebPage","@id":"https:\/\/teixeiraduarteconstrucao.com\/en\/who-we-are\/ethics-channel\/","url":"https:\/\/teixeiraduarteconstrucao.com\/en\/who-we-are\/ethics-channel\/","name":"Ethics Channel - Teixeira Duarte Constru\u00e7\u00e3o","isPartOf":{"@id":"https:\/\/teixeiraduarteconstrucao.com\/en\/#website"},"datePublished":"2019-04-16T17:58:57+00:00","dateModified":"2023-11-20T12:42:57+00:00","description":"Teixeira Duarte encourages all employees and entities with which it has relationships to report any irregularities related to any regulations.","breadcrumb":{"@id":"https:\/\/teixeiraduarteconstrucao.com\/en\/who-we-are\/ethics-channel\/#breadcrumb"},"inLanguage":"en-US","potentialAction":[{"@type":"ReadAction","target":["https:\/\/teixeiraduarteconstrucao.com\/en\/who-we-are\/ethics-channel\/"]}]},{"@type":"BreadcrumbList","@id":"https:\/\/teixeiraduarteconstrucao.com\/en\/who-we-are\/ethics-channel\/#breadcrumb","itemListElement":[{"@type":"ListItem","position":1,"name":"In\u00edcio","item":"https:\/\/teixeiraduarteconstrucao.com\/en\/"},{"@type":"ListItem","position":2,"name":"Who We Are","item":"https:\/\/teixeiraduarteconstrucao.com\/en\/who-we-are\/"},{"@type":"ListItem","position":3,"name":"Ethics Channel"}]},{"@type":"WebSite","@id":"https:\/\/teixeiraduarteconstrucao.com\/en\/#website","url":"https:\/\/teixeiraduarteconstrucao.com\/en\/","name":"Teixeira Duarte Constru\u00e7\u00e3o","description":"Pioneirismo e Inova\u00e7\u00e3o desde 1921","publisher":{"@id":"https:\/\/teixeiraduarteconstrucao.com\/en\/#organization"},"potentialAction":[{"@type":"SearchAction","target":{"@type":"EntryPoint","urlTemplate":"https:\/\/teixeiraduarteconstrucao.com\/en\/?s={search_term_string}"},"query-input":{"@type":"PropertyValueSpecification","valueRequired":true,"valueName":"search_term_string"}}],"inLanguage":"en-US"},{"@type":"Organization","@id":"https:\/\/teixeiraduarteconstrucao.com\/en\/#organization","name":"Teixeira Duarte - Engenharia e Constru\u00e7\u00f5es, S.A.","url":"https:\/\/teixeiraduarteconstrucao.com\/en\/","logo":{"@type":"ImageObject","inLanguage":"en-US","@id":"https:\/\/teixeiraduarteconstrucao.com\/en\/#\/schema\/logo\/image\/","url":"https:\/\/teixeiraduarteconstrucao.com\/wp-content\/uploads\/2025\/04\/Logotipo-Teixeira-Duarte-EC-2024-positivo.png","contentUrl":"https:\/\/teixeiraduarteconstrucao.com\/wp-content\/uploads\/2025\/04\/Logotipo-Teixeira-Duarte-EC-2024-positivo.png","width":3544,"height":1182,"caption":"Teixeira Duarte - Engenharia e Constru\u00e7\u00f5es, S.A."},"image":{"@id":"https:\/\/teixeiraduarteconstrucao.com\/en\/#\/schema\/logo\/image\/"},"sameAs":["https:\/\/www.facebook.com\/teixeiraduarteconstrucao\/?locale=pt_PT","https:\/\/www.linkedin.com\/company\/teixeira-duarte-engenharia-e-construcoes"]}]}},"_links":{"self":[{"href":"https:\/\/teixeiraduarteconstrucao.com\/en\/wp-json\/wp\/v2\/pages\/8682","targetHints":{"allow":["GET"]}}],"collection":[{"href":"https:\/\/teixeiraduarteconstrucao.com\/en\/wp-json\/wp\/v2\/pages"}],"about":[{"href":"https:\/\/teixeiraduarteconstrucao.com\/en\/wp-json\/wp\/v2\/types\/page"}],"author":[{"embeddable":true,"href":"https:\/\/teixeiraduarteconstrucao.com\/en\/wp-json\/wp\/v2\/users\/2"}],"replies":[{"embeddable":true,"href":"https:\/\/teixeiraduarteconstrucao.com\/en\/wp-json\/wp\/v2\/comments?post=8682"}],"version-history":[{"count":3,"href":"https:\/\/teixeiraduarteconstrucao.com\/en\/wp-json\/wp\/v2\/pages\/8682\/revisions"}],"predecessor-version":[{"id":14719,"href":"https:\/\/teixeiraduarteconstrucao.com\/en\/wp-json\/wp\/v2\/pages\/8682\/revisions\/14719"}],"up":[{"embeddable":true,"href":"https:\/\/teixeiraduarteconstrucao.com\/en\/wp-json\/wp\/v2\/pages\/8463"}],"wp:attachment":[{"href":"https:\/\/teixeiraduarteconstrucao.com\/en\/wp-json\/wp\/v2\/media?parent=8682"}],"curies":[{"name":"wp","href":"https:\/\/api.w.org\/{rel}","templated":true}]}}