{"id":8539,"date":"2019-03-14T10:23:55","date_gmt":"2019-03-14T10:23:55","guid":{"rendered":"https:\/\/teixeiraduarteconstrucao.com\/who-we-are\/historia\/"},"modified":"2021-08-03T09:29:38","modified_gmt":"2021-08-03T09:29:38","slug":"history","status":"publish","type":"page","link":"https:\/\/teixeiraduarteconstrucao.com\/en\/who-we-are\/history\/","title":{"rendered":"History"},"content":{"rendered":"<div class=\"wpb-content-wrapper\">[vc_row tm_bgcolor=&#8221;grey&#8221; tm_bgimagefixed=&#8221;&#8221; break_in_responsive=&#8221;991&#8243; full_width=&#8221;stretch_row&#8221; tm_responsive_css=&#8221;92183170|colbreak_no|||||||||colbreak_no|0px||65px||||||colbreak_no|||0px|||||||colbreak_no|||||||||&#8221; css=&#8221;.vc_custom_1554215440214{margin-top: 50px !important;}&#8221;][vc_column css=&#8221;.vc_custom_1552565317296{padding-top: -50px !important;padding-right: 35px !important;padding-bottom: 35px !important;padding-left: 35px !important;}&#8221; tm_responsive_css=&#8221;28822975|colbreak_no|||||||||colbreak_no||||||||15px|colbreak_no||||||||||colbreak_no|||||||||&#8221;]<div class=\"tm-element-heading-wrapper tm-heading-inner tm-element-align-left tm-seperator-solid tm-heading-style-vertical \"><section class=\"tm-vc_cta3-container\"><div class=\"tm-vc_general tm-vc_cta3 tm-cta3-only tm-vc_cta3-style-classic tm-vc_cta3-shape-rounded tm-vc_cta3-align-left tm-vc_cta3-color-transparent tm-vc_cta3-icon-size-md tm-vc_cta3-actions-no tm-cta3-without-desc\"><div class=\"tm-vc_cta3_content-container\"><div class=\"tm-vc_cta3-content\"><header class=\"tm-vc_cta3-content-header tm-wrap\"><div class=\"tm-vc_cta3-headers tm-wrap-cell\"><h4 class=\"tm-custom-heading \" >TEIXEIRA DUARTE<\/h4>\n<h2 class=\"tm-custom-heading \" >A 100-year history<\/h2>\n<\/div><div class=\"heading-seperator\"><span><\/span><\/div><\/header><\/div><\/div><\/div><\/section><\/div> <!-- .tm-element-heading-wrapper container --> [\/vc_column][\/vc_row][vc_row tm_bgcolor=&#8221;white&#8221; tm_bgimagefixed=&#8221;&#8221; break_in_responsive=&#8221;991&#8243; full_width=&#8221;stretch_row&#8221; tm_responsive_css=&#8221;92183170|colbreak_no|||||||||colbreak_no|0px||65px||||||colbreak_no|||0px|||||||colbreak_no|||||||||&#8221; css=&#8221;.vc_custom_1626964201907{padding-top: 50px !important;}&#8221;][vc_column width=&#8221;1\/2&#8243; css=&#8221;.vc_custom_1552565317296{padding-top: -50px !important;padding-right: 35px !important;padding-bottom: 35px !important;padding-left: 35px !important;}&#8221; tm_responsive_css=&#8221;28822975|colbreak_no|||||||||colbreak_no||||||||15px|colbreak_no||||||||||colbreak_no|||||||||&#8221;][vc_column_text]&#8221;Teixeira Duarte &#8211; Engenharia e Constru\u00e7\u00f5es, S.A.&#8221; is a Portuguese company whose origins date back to the individual activity of its founder, Engineer Ricardo Esqu\u00edvel Teixeira Duarte, in 1921, 100 years from the current date.<\/p>\n<p>The company&#8217;s first areas of activity were water collection, drilling, hydrological work and great depth geological drilling.<\/p>\n<p>Given its Engineering House character, it soon became involved in more complex works, having, from the 1930s, extended its performance to other aspects of geotechnics and foundations, executing works in some of Lisbon\u2019s prime construction projects.[\/vc_column_text][\/vc_column][vc_column width=&#8221;1\/2&#8243;][vc_column_text]The company\u2019s technical worth and availability of capable human resources, enabled it to have the opportunity to execute, in the 1950s, geotechnics and foundations works in India and concrete injections at the Bi\u00f3pio dam in Angola.<\/p>\n<p>It was only in the 1960s, however, that the company extended its operations to buildings and in the mid-1980s to the infrastructure area, performing various types of works ranging from bridges, highways, dams, underground works. In the 1990s it also consolidated a position in railway and marine works.[\/vc_column_text][\/vc_column][\/vc_row][vc_row tm_bgimagefixed=&#8221;true&#8221; break_in_responsive=&#8221;991&#8243; full_width=&#8221;stretch_row&#8221; tm_responsive_css=&#8221;92183170|colbreak_no|||||||||colbreak_no|0px||65px||||||colbreak_no|||0px|||||||colbreak_no|||||||||&#8221; css=&#8221;.vc_custom_1627036629946{padding-top: 150px !important;padding-bottom: 150px !important;background-image: url(https:\/\/teixeiraduarteconstrucao.com\/wp-content\/uploads\/2019\/03\/porto-de-vila-real-de-santo-antonio.jpg?id=4080) !important;background-position: center !important;background-repeat: no-repeat !important;background-size: cover !important;}&#8221;][vc_column css=&#8221;.vc_custom_1552565317296{padding-top: -50px !important;padding-right: 35px !important;padding-bottom: 35px !important;padding-left: 35px !important;}&#8221; tm_responsive_css=&#8221;28822975|colbreak_no|||||||||colbreak_no||||||||15px|colbreak_no||||||||||colbreak_no|||||||||&#8221;][\/vc_column][\/vc_row][vc_row tm_bgcolor=&#8221;white&#8221; tm_bgimagefixed=&#8221;&#8221; break_in_responsive=&#8221;991&#8243; full_width=&#8221;stretch_row&#8221; tm_responsive_css=&#8221;92183170|colbreak_no|||||||||colbreak_no|0px||65px||||||colbreak_no|||0px|||||||colbreak_no|||||||||&#8221; css=&#8221;.vc_custom_1626964201907{padding-top: 50px !important;}&#8221;][vc_column width=&#8221;1\/2&#8243; css=&#8221;.vc_custom_1552565317296{padding-top: -50px !important;padding-right: 35px !important;padding-bottom: 35px !important;padding-left: 35px !important;}&#8221; tm_responsive_css=&#8221;28822975|colbreak_no|||||||||colbreak_no||||||||15px|colbreak_no||||||||||colbreak_no|||||||||&#8221;][vc_column_text]This sustained growth resulted from the large number of tenders launched and infrastructure developed in Portugal during these periods, allowing Teixeira Duarte to expand its technical capacity, human and equipment resources, as well as production, studies and projects.<\/p>\n<p>Internationally, since the late 1970s, early 1980s, Teixeira Duarte limited its operations to Portugal, Venezuela (since 1978), Angola (since 1979), Mozambique (since 1982) and the Macao Special Administrative Region (since 1984). Countries whose historical and cultural roots are close to Portugal[\/vc_column_text][\/vc_column][vc_column width=&#8221;1\/2&#8243;][vc_column_text]At the beginning of the 21st century, Teixeira Duarte extended its scope to other countries beyond those mentioned above, namely Algeria, Brazil, Cape Verde, Colombia, Spain, Ecuador, Kuwait, Morocco and Peru.<\/p>\n<p>The cyclical variations characteristic of these different geographies allowed Teixeira Duarte to promote a rotation of technical resources and resources directly to these countries, where production varied, in the same way as it allocated studies\u2019 central resources, projects and proposals to these various markets according to each one\u2019s work intensity.[\/vc_column_text][\/vc_column][\/vc_row][vc_row tm_bgimagefixed=&#8221;true&#8221; break_in_responsive=&#8221;991&#8243; full_width=&#8221;stretch_row&#8221; tm_responsive_css=&#8221;92183170|colbreak_no|||||||||colbreak_no|0px||65px||||||colbreak_no|||0px|||||||colbreak_no|||||||||&#8221; css=&#8221;.vc_custom_1627037223087{padding-top: 150px !important;padding-bottom: 150px !important;background-image: url(https:\/\/teixeiraduarteconstrucao.com\/wp-content\/uploads\/2019\/03\/sede-cgd-05.jpg?id=6229) !important;background-position: center !important;background-repeat: no-repeat !important;background-size: cover !important;}&#8221;][vc_column css=&#8221;.vc_custom_1552565317296{padding-top: -50px !important;padding-right: 35px !important;padding-bottom: 35px !important;padding-left: 35px !important;}&#8221; tm_responsive_css=&#8221;28822975|colbreak_no|||||||||colbreak_no||||||||15px|colbreak_no||||||||||colbreak_no|||||||||&#8221;][\/vc_column][\/vc_row][vc_row tm_bgcolor=&#8221;white&#8221; tm_bgimagefixed=&#8221;&#8221; break_in_responsive=&#8221;991&#8243; full_width=&#8221;stretch_row&#8221; tm_responsive_css=&#8221;92183170|colbreak_no|||||||||colbreak_no|0px||65px||||||colbreak_no|||0px|||||||colbreak_no|||||||||&#8221; css=&#8221;.vc_custom_1626964201907{padding-top: 50px !important;}&#8221;][vc_column width=&#8221;1\/2&#8243; css=&#8221;.vc_custom_1552565317296{padding-top: -50px !important;padding-right: 35px !important;padding-bottom: 35px !important;padding-left: 35px !important;}&#8221; tm_responsive_css=&#8221;28822975|colbreak_no|||||||||colbreak_no||||||||15px|colbreak_no||||||||||colbreak_no|||||||||&#8221;][vc_column_text]Both directly and through its branches and holdings in societies and groupings, &#8220;Teixeira Duarte &#8211; Engenharia e Constru\u00e7\u00f5es, S.A.&#8221;, pursued, during these last 100 years, the positioning of an Engineering House that operates on the basis of its Mission and Values and, thus, continues to &#8220;Execute, contributing towards the construction of a better world&#8221;.[\/vc_column_text][\/vc_column][vc_column width=&#8221;1\/2&#8243;]\n\t\t<div class=\"tm-vc_btn3-container tm-vc_btn3-center\"><a class=\"tm-vc_general tm-vc_btn3 tm-vc_btn3-size-md tm-vc_btn3-shape-square tm-vc_btn3-style-flat tm-vc_btn3-weight-yes tm-vc_btn3-color-skincolor\" href=\"https:\/\/www.teixeiraduarte.pt\/en\/group\/history\/\" title=\"\">Find more about Teixeira Duarte Group's History<\/a><\/div>[\/vc_column][\/vc_row]\n<\/div>","protected":false},"excerpt":{"rendered":"<p>[vc_row tm_bgcolor=&#8221;grey&#8221; tm_bgimagefixed=&#8221;&#8221; break_in_responsive=&#8221;991&#8243; full_width=&#8221;stretch_row&#8221; tm_responsive_css=&#8221;92183170|colbreak_no|||||||||colbreak_no|0px||65px||||||colbreak_no|||0px|||||||colbreak_no|||||||||&#8221; css=&#8221;.vc_custom_1554215440214{margin-top: 50px !important;}&#8221;][vc_column css=&#8221;.vc_custom_1552565317296{padding-top: -50px !important;padding-right: 35px !important;padding-bottom: 35px !important;padding-left: 35px !important;}&#8221; tm_responsive_css=&#8221;28822975|colbreak_no|||||||||colbreak_no||||||||15px|colbreak_no||||||||||colbreak_no|||||||||&#8221;][\/vc_column][\/vc_row][vc_row tm_bgcolor=&#8221;white&#8221; tm_bgimagefixed=&#8221;&#8221; break_in_responsive=&#8221;991&#8243; full_width=&#8221;stretch_row&#8221; tm_responsive_css=&#8221;92183170|colbreak_no|||||||||colbreak_no|0px||65px||||||colbreak_no|||0px|||||||colbreak_no|||||||||&#8221; css=&#8221;.vc_custom_1626964201907{padding-top: 50px !important;}&#8221;][vc_column width=&#8221;1\/2&#8243; css=&#8221;.vc_custom_1552565317296{padding-top: -50px !important;padding-right: 35px !important;padding-bottom: 35px !important;padding-left: 35px !important;}&#8221; tm_responsive_css=&#8221;28822975|colbreak_no|||||||||colbreak_no||||||||15px|colbreak_no||||||||||colbreak_no|||||||||&#8221;][vc_column_text]&#8221;Teixeira Duarte &#8211; Engenharia e Constru\u00e7\u00f5es, S.A.&#8221; is a Portuguese company whose origins date back to the individual &hellip; <a href=\"https:\/\/teixeiraduarteconstrucao.com\/en\/who-we-are\/history\/\" class=\"more-link\">Continue reading <span class=\"screen-reader-text\">History<\/span><\/a><\/p>\n","protected":false},"author":2,"featured_media":0,"parent":8463,"menu_order":1,"comment_status":"closed","ping_status":"closed","template":"","meta":{"footnotes":""},"class_list":["post-8539","page","type-page","status-publish","hentry"],"yoast_head":"<!-- This site is optimized with the Yoast SEO plugin v26.7 - https:\/\/yoast.com\/wordpress\/plugins\/seo\/ -->\n<title>History - Teixeira Duarte Constru\u00e7\u00e3o<\/title>\n<meta name=\"description\" content=\"In Construction, Teixeira Duarte has a long history and experience in highly complex engineering projects and services.\" \/>\n<meta name=\"robots\" content=\"index, follow, max-snippet:-1, max-image-preview:large, max-video-preview:-1\" \/>\n<link rel=\"canonical\" href=\"https:\/\/teixeiraduarteconstrucao.com\/en\/who-we-are\/history\/\" \/>\n<meta property=\"og:locale\" content=\"en_US\" \/>\n<meta property=\"og:type\" content=\"article\" \/>\n<meta property=\"og:title\" content=\"History - Teixeira Duarte Constru\u00e7\u00e3o\" \/>\n<meta property=\"og:description\" content=\"In Construction, Teixeira Duarte has a long history and experience in highly complex engineering projects and services.\" \/>\n<meta property=\"og:url\" content=\"https:\/\/teixeiraduarteconstrucao.com\/en\/who-we-are\/history\/\" \/>\n<meta property=\"og:site_name\" content=\"Teixeira Duarte Constru\u00e7\u00e3o\" \/>\n<meta property=\"article:publisher\" content=\"https:\/\/www.facebook.com\/teixeiraduarteconstrucao\/?locale=pt_PT\" \/>\n<meta property=\"article:modified_time\" content=\"2021-08-03T09:29:38+00:00\" \/>\n<meta name=\"twitter:card\" content=\"summary_large_image\" \/>\n<meta name=\"twitter:label1\" content=\"Est. reading time\" \/>\n\t<meta name=\"twitter:data1\" content=\"3 minutes\" \/>\n<script type=\"application\/ld+json\" class=\"yoast-schema-graph\">{\"@context\":\"https:\/\/schema.org\",\"@graph\":[{\"@type\":\"WebPage\",\"@id\":\"https:\/\/teixeiraduarteconstrucao.com\/en\/who-we-are\/history\/\",\"url\":\"https:\/\/teixeiraduarteconstrucao.com\/en\/who-we-are\/history\/\",\"name\":\"History - Teixeira Duarte Constru\u00e7\u00e3o\",\"isPartOf\":{\"@id\":\"https:\/\/teixeiraduarteconstrucao.com\/en\/#website\"},\"datePublished\":\"2019-03-14T10:23:55+00:00\",\"dateModified\":\"2021-08-03T09:29:38+00:00\",\"description\":\"In Construction, Teixeira Duarte has a long history and experience in highly complex engineering projects and services.\",\"breadcrumb\":{\"@id\":\"https:\/\/teixeiraduarteconstrucao.com\/en\/who-we-are\/history\/#breadcrumb\"},\"inLanguage\":\"en-US\",\"potentialAction\":[{\"@type\":\"ReadAction\",\"target\":[\"https:\/\/teixeiraduarteconstrucao.com\/en\/who-we-are\/history\/\"]}]},{\"@type\":\"BreadcrumbList\",\"@id\":\"https:\/\/teixeiraduarteconstrucao.com\/en\/who-we-are\/history\/#breadcrumb\",\"itemListElement\":[{\"@type\":\"ListItem\",\"position\":1,\"name\":\"In\u00edcio\",\"item\":\"https:\/\/teixeiraduarteconstrucao.com\/en\/\"},{\"@type\":\"ListItem\",\"position\":2,\"name\":\"Who We Are\",\"item\":\"https:\/\/teixeiraduarteconstrucao.com\/en\/who-we-are\/\"},{\"@type\":\"ListItem\",\"position\":3,\"name\":\"History\"}]},{\"@type\":\"WebSite\",\"@id\":\"https:\/\/teixeiraduarteconstrucao.com\/en\/#website\",\"url\":\"https:\/\/teixeiraduarteconstrucao.com\/en\/\",\"name\":\"Teixeira Duarte Constru\u00e7\u00e3o\",\"description\":\"Pioneirismo e Inova\u00e7\u00e3o desde 1921\",\"publisher\":{\"@id\":\"https:\/\/teixeiraduarteconstrucao.com\/en\/#organization\"},\"potentialAction\":[{\"@type\":\"SearchAction\",\"target\":{\"@type\":\"EntryPoint\",\"urlTemplate\":\"https:\/\/teixeiraduarteconstrucao.com\/en\/?s={search_term_string}\"},\"query-input\":{\"@type\":\"PropertyValueSpecification\",\"valueRequired\":true,\"valueName\":\"search_term_string\"}}],\"inLanguage\":\"en-US\"},{\"@type\":\"Organization\",\"@id\":\"https:\/\/teixeiraduarteconstrucao.com\/en\/#organization\",\"name\":\"Teixeira Duarte - Engenharia e Constru\u00e7\u00f5es, S.A.\",\"url\":\"https:\/\/teixeiraduarteconstrucao.com\/en\/\",\"logo\":{\"@type\":\"ImageObject\",\"inLanguage\":\"en-US\",\"@id\":\"https:\/\/teixeiraduarteconstrucao.com\/en\/#\/schema\/logo\/image\/\",\"url\":\"https:\/\/teixeiraduarteconstrucao.com\/wp-content\/uploads\/2025\/04\/Logotipo-Teixeira-Duarte-EC-2024-positivo.png\",\"contentUrl\":\"https:\/\/teixeiraduarteconstrucao.com\/wp-content\/uploads\/2025\/04\/Logotipo-Teixeira-Duarte-EC-2024-positivo.png\",\"width\":3544,\"height\":1182,\"caption\":\"Teixeira Duarte - Engenharia e Constru\u00e7\u00f5es, S.A.\"},\"image\":{\"@id\":\"https:\/\/teixeiraduarteconstrucao.com\/en\/#\/schema\/logo\/image\/\"},\"sameAs\":[\"https:\/\/www.facebook.com\/teixeiraduarteconstrucao\/?locale=pt_PT\",\"https:\/\/www.linkedin.com\/company\/teixeira-duarte-engenharia-e-construcoes\"]}]}<\/script>\n<!-- \/ Yoast SEO plugin. -->","yoast_head_json":{"title":"History - Teixeira Duarte Constru\u00e7\u00e3o","description":"In Construction, Teixeira Duarte has a long history and experience in highly complex engineering projects and services.","robots":{"index":"index","follow":"follow","max-snippet":"max-snippet:-1","max-image-preview":"max-image-preview:large","max-video-preview":"max-video-preview:-1"},"canonical":"https:\/\/teixeiraduarteconstrucao.com\/en\/who-we-are\/history\/","og_locale":"en_US","og_type":"article","og_title":"History - Teixeira Duarte Constru\u00e7\u00e3o","og_description":"In Construction, Teixeira Duarte has a long history and experience in highly complex engineering projects and services.","og_url":"https:\/\/teixeiraduarteconstrucao.com\/en\/who-we-are\/history\/","og_site_name":"Teixeira Duarte Constru\u00e7\u00e3o","article_publisher":"https:\/\/www.facebook.com\/teixeiraduarteconstrucao\/?locale=pt_PT","article_modified_time":"2021-08-03T09:29:38+00:00","twitter_card":"summary_large_image","twitter_misc":{"Est. reading time":"3 minutes"},"schema":{"@context":"https:\/\/schema.org","@graph":[{"@type":"WebPage","@id":"https:\/\/teixeiraduarteconstrucao.com\/en\/who-we-are\/history\/","url":"https:\/\/teixeiraduarteconstrucao.com\/en\/who-we-are\/history\/","name":"History - Teixeira Duarte Constru\u00e7\u00e3o","isPartOf":{"@id":"https:\/\/teixeiraduarteconstrucao.com\/en\/#website"},"datePublished":"2019-03-14T10:23:55+00:00","dateModified":"2021-08-03T09:29:38+00:00","description":"In Construction, Teixeira Duarte has a long history and experience in highly complex engineering projects and services.","breadcrumb":{"@id":"https:\/\/teixeiraduarteconstrucao.com\/en\/who-we-are\/history\/#breadcrumb"},"inLanguage":"en-US","potentialAction":[{"@type":"ReadAction","target":["https:\/\/teixeiraduarteconstrucao.com\/en\/who-we-are\/history\/"]}]},{"@type":"BreadcrumbList","@id":"https:\/\/teixeiraduarteconstrucao.com\/en\/who-we-are\/history\/#breadcrumb","itemListElement":[{"@type":"ListItem","position":1,"name":"In\u00edcio","item":"https:\/\/teixeiraduarteconstrucao.com\/en\/"},{"@type":"ListItem","position":2,"name":"Who We Are","item":"https:\/\/teixeiraduarteconstrucao.com\/en\/who-we-are\/"},{"@type":"ListItem","position":3,"name":"History"}]},{"@type":"WebSite","@id":"https:\/\/teixeiraduarteconstrucao.com\/en\/#website","url":"https:\/\/teixeiraduarteconstrucao.com\/en\/","name":"Teixeira Duarte Constru\u00e7\u00e3o","description":"Pioneirismo e Inova\u00e7\u00e3o desde 1921","publisher":{"@id":"https:\/\/teixeiraduarteconstrucao.com\/en\/#organization"},"potentialAction":[{"@type":"SearchAction","target":{"@type":"EntryPoint","urlTemplate":"https:\/\/teixeiraduarteconstrucao.com\/en\/?s={search_term_string}"},"query-input":{"@type":"PropertyValueSpecification","valueRequired":true,"valueName":"search_term_string"}}],"inLanguage":"en-US"},{"@type":"Organization","@id":"https:\/\/teixeiraduarteconstrucao.com\/en\/#organization","name":"Teixeira Duarte - Engenharia e Constru\u00e7\u00f5es, S.A.","url":"https:\/\/teixeiraduarteconstrucao.com\/en\/","logo":{"@type":"ImageObject","inLanguage":"en-US","@id":"https:\/\/teixeiraduarteconstrucao.com\/en\/#\/schema\/logo\/image\/","url":"https:\/\/teixeiraduarteconstrucao.com\/wp-content\/uploads\/2025\/04\/Logotipo-Teixeira-Duarte-EC-2024-positivo.png","contentUrl":"https:\/\/teixeiraduarteconstrucao.com\/wp-content\/uploads\/2025\/04\/Logotipo-Teixeira-Duarte-EC-2024-positivo.png","width":3544,"height":1182,"caption":"Teixeira Duarte - Engenharia e Constru\u00e7\u00f5es, S.A."},"image":{"@id":"https:\/\/teixeiraduarteconstrucao.com\/en\/#\/schema\/logo\/image\/"},"sameAs":["https:\/\/www.facebook.com\/teixeiraduarteconstrucao\/?locale=pt_PT","https:\/\/www.linkedin.com\/company\/teixeira-duarte-engenharia-e-construcoes"]}]}},"_links":{"self":[{"href":"https:\/\/teixeiraduarteconstrucao.com\/en\/wp-json\/wp\/v2\/pages\/8539","targetHints":{"allow":["GET"]}}],"collection":[{"href":"https:\/\/teixeiraduarteconstrucao.com\/en\/wp-json\/wp\/v2\/pages"}],"about":[{"href":"https:\/\/teixeiraduarteconstrucao.com\/en\/wp-json\/wp\/v2\/types\/page"}],"author":[{"embeddable":true,"href":"https:\/\/teixeiraduarteconstrucao.com\/en\/wp-json\/wp\/v2\/users\/2"}],"replies":[{"embeddable":true,"href":"https:\/\/teixeiraduarteconstrucao.com\/en\/wp-json\/wp\/v2\/comments?post=8539"}],"version-history":[{"count":0,"href":"https:\/\/teixeiraduarteconstrucao.com\/en\/wp-json\/wp\/v2\/pages\/8539\/revisions"}],"up":[{"embeddable":true,"href":"https:\/\/teixeiraduarteconstrucao.com\/en\/wp-json\/wp\/v2\/pages\/8463"}],"wp:attachment":[{"href":"https:\/\/teixeiraduarteconstrucao.com\/en\/wp-json\/wp\/v2\/media?parent=8539"}],"curies":[{"name":"wp","href":"https:\/\/api.w.org\/{rel}","templated":true}]}}