{"id":8468,"date":"2019-03-04T16:41:04","date_gmt":"2019-03-04T16:41:04","guid":{"rendered":"https:\/\/teixeiraduarteconstrucao.com\/who-we-are\/missao-e-valores\/"},"modified":"2019-06-28T11:12:58","modified_gmt":"2019-06-28T11:12:58","slug":"mission-and-values","status":"publish","type":"page","link":"https:\/\/teixeiraduarteconstrucao.com\/en\/who-we-are\/mission-and-values\/","title":{"rendered":"Mission and Values"},"content":{"rendered":"<div class=\"wpb-content-wrapper\">[vc_row tm_bgcolor=&#8221;grey&#8221; tm_bgimagefixed=&#8221;&#8221; full_width=&#8221;stretch_row&#8221; css=&#8221;.vc_custom_1536922640343{padding-bottom: 100px !important;}&#8221; tm_responsive_css=&#8221;76751761|colbreak_no|||||||||colbreak_no|||||0px||0px||colbreak_no||||||||||colbreak_no|||||||||&#8221;][vc_column][\/vc_column][\/vc_row][vc_row tm_bgcolor=&#8221;white&#8221; tm_bgimagefixed=&#8221;&#8221; break_in_responsive=&#8221;991&#8243; tm_shadow=&#8221;yes&#8221; css=&#8221;.vc_custom_1536906762055{margin-top: -110px !important;margin-bottom: 94px !important;padding-top: 0px !important;padding-bottom: 10px !important;}&#8221; tm_responsive_css=&#8221;92183170|colbreak_no|||||||||colbreak_no|0px||65px||||||colbreak_no|||0px|||||||colbreak_no|||||||||&#8221;][vc_column width=&#8221;7\/12&#8243; css=&#8221;.vc_custom_1537173403783{padding-top: 66px !important;padding-right: 35px !important;padding-bottom: 35px !important;padding-left: 35px !important;}&#8221; tm_responsive_css=&#8221;28822975|colbreak_no|||||||||colbreak_no||||||||15px|colbreak_no||||||||||colbreak_no|||||||||&#8221;]<div class=\"tm-element-heading-wrapper tm-heading-inner tm-element-align-left tm-seperator-solid tm-heading-style-vertical \"><section class=\"tm-vc_cta3-container\"><div class=\"tm-vc_general tm-vc_cta3 tm-cta3-only tm-vc_cta3-style-classic tm-vc_cta3-shape-rounded tm-vc_cta3-align-left tm-vc_cta3-color-transparent tm-vc_cta3-icon-size-md tm-vc_cta3-actions-no tm-cta3-with-desc\"><div class=\"tm-vc_cta3_content-container\"><div class=\"tm-vc_cta3-content\"><header class=\"tm-vc_cta3-content-header tm-wrap\"><div class=\"tm-vc_cta3-headers tm-wrap-cell\"><h4 class=\"tm-custom-heading \" >OUR MISSION<\/h4>\n<h2 class=\"tm-custom-heading \" >Execute, contributing towards the construction of a better world.<\/h2>\n<\/div><div class=\"heading-seperator\"><span><\/span><\/div><\/header><div class=\"tm-cta3-content-wrapper\"><p>The mission of Teixeira Duarte defines what moves its employees day-by-day, and establishes the objective shared by all regardless of their area of operation, geography or work team.<\/p><\/div><\/div><\/div><\/div><\/section><\/div> <!-- .tm-element-heading-wrapper container --> [\/vc_column][vc_column width=&#8221;5\/12&#8243; css=&#8221;.vc_custom_1537173714107{padding-top: 60px !important;padding-bottom: 60px !important;padding-left: 20px !important;}&#8221; tm_responsive_css=&#8221;26195292|colbreak_no|||||||||colbreak_no|||||25px||||colbreak_no||||||||||colbreak_no|||||||||&#8221;][vc_row_inner css=&#8221;.vc_custom_1536905549410{margin-right: -150px !important;}&#8221; tm_responsive_css=&#8221;63863606|colbreak_no|||||||||colbreak_no|||||||||colbreak_no|||||||||1460|colbreak_no||0px|||||||&#8221;][vc_column_inner][vc_single_image image=&#8221;4047&#8243; img_size=&#8221;980&#215;780&#8243; css=&#8221;.vc_custom_1552557992121{margin-bottom: 0px !important;}&#8221; el_class=&#8221;ttm-custom-rightmargin-0px-991&#8243;][\/vc_column_inner][\/vc_row_inner][\/vc_column][\/vc_row][vc_row tm_bgcolor=&#8221;darkgrey&#8221; tm_bgimagefixed=&#8221;&#8221; break_in_responsive=&#8221;991&#8243; full_width=&#8221;stretch_row&#8221; equal_height=&#8221;yes&#8221; css=&#8221;.vc_custom_1561720341587{margin-top: 60px !important;padding-top: 0px !important;padding-bottom: 0px !important;}&#8221; tm_responsive_css=&#8221;31766833|colbreak_no|||||||||colbreak_no|0px||||||||colbreak_no||||||||||colbreak_no|||||||||&#8221;][vc_column tm_col_bg_expand=&#8221;left&#8221; tm_bgimage_position=&#8221;left_center&#8221; tm_zindex=&#8221;2&#8243; css=&#8221;.vc_custom_1561720312217{margin-top: 60px !important;background-position: center !important;background-repeat: no-repeat !important;background-size: cover !important;}&#8221;]<div class=\"tm-element-heading-wrapper tm-heading-inner tm-element-align-left tm-seperator-solid tm-heading-style-vertical \"><section class=\"tm-vc_cta3-container\"><div class=\"tm-vc_general tm-vc_cta3 tm-cta3-only tm-vc_cta3-style-classic tm-vc_cta3-shape-rounded tm-vc_cta3-align-left tm-vc_cta3-color-transparent tm-vc_cta3-icon-size-md tm-vc_cta3-actions-no tm-cta3-with-desc\"><div class=\"tm-vc_cta3_content-container\"><div class=\"tm-vc_cta3-content\"><header class=\"tm-vc_cta3-content-header tm-wrap\"><div class=\"tm-vc_cta3-headers tm-wrap-cell\"><h4 class=\"tm-custom-heading \" >OUR VALUES<\/h4>\n<h2 class=\"tm-custom-heading \" >Our guiding principles<\/h2>\n<\/div><div class=\"heading-seperator\"><span><\/span><\/div><\/header><div class=\"tm-cta3-content-wrapper\"><p>The group&#8217;s employees have always known about and understood its core values \u2013\u00a0<strong>Ingenuity<\/strong>,\u00a0<strong>Truth<\/strong>\u00a0and\u00a0<strong>Commitment<\/strong> \u2013 which form the cornerstones for the Company\u2019s activity.<\/p><\/div><\/div><\/div><\/div><\/section><\/div> <!-- .tm-element-heading-wrapper container --> [\/vc_column][\/vc_row][vc_row tm_bgcolor=&#8221;darkgrey&#8221; tm_bgimagefixed=&#8221;&#8221; break_in_responsive=&#8221;991&#8243; full_width=&#8221;stretch_row&#8221; equal_height=&#8221;yes&#8221; css=&#8221;.vc_custom_1561720371331{margin-top: 0px !important;margin-bottom: 60px !important;padding-top: 0px !important;padding-bottom: 0px !important;}&#8221; tm_responsive_css=&#8221;31766833|colbreak_no|||||||||colbreak_no|0px||||||||colbreak_no||||||||||colbreak_no|||||||||&#8221;][vc_column tm_col_bg_expand=&#8221;left&#8221; tm_bgimage_position=&#8221;left_center&#8221; tm_zindex=&#8221;2&#8243; width=&#8221;1\/3&#8243; css=&#8221;.vc_custom_1561720003249{background-position: center !important;background-repeat: no-repeat !important;background-size: cover !important;}&#8221;][vc_row_inner el_class=&#8221;tm-column-inline&#8221;][vc_column_inner width=&#8221;1\/4&#8243; css=&#8221;.vc_custom_1536906271370{padding-right: 0px !important;padding-left: 0px !important;}&#8221; tm_responsive_css=&#8221;87974215|colbreak_no|||||||||colbreak_no||||||15px||15px|colbreak_no||||||||15px||colbreak_no|||||||||&#8221;]<div class=\"tm-vc_icon_element tm-vc_icon_element-outer tm-vc_icon_element-align-left  vc_custom_1552556341098\"><div class=\"tm-vc_icon_element-inner  tm-vc_icon_element-color-white tm-vc_icon_element-size-sm tm-vc_icon_element-style- tm-vc_icon_element-background-color-grey\" ><span class=\"tm-vc_icon_element-icon themifyicon ti-settings\" ><\/span><\/div><\/div>[\/vc_column_inner][vc_column_inner width=&#8221;3\/4&#8243; css=&#8221;.vc_custom_1536906458682{padding-left: 0px !important;}&#8221; tm_responsive_css=&#8221;82396160|colbreak_no|||||||||colbreak_no|||||||||colbreak_no||||||||15px||colbreak_no|||||||||&#8221;]<h2 style=\"text-align:left;font-size:23px;line-height:28px;color:#ffb901;\" class=\"tm-custom-heading vc_custom_1561719811378\" >INGENUITY<\/h2>\n[\/vc_column_inner][\/vc_row_inner][vc_row_inner css=&#8221;.vc_custom_1536899770550{padding-right: 85px !important;}&#8221; tm_responsive_css=&#8221;73394271|colbreak_no||||||0px|||colbreak_no|||||||||colbreak_no||||||||||colbreak_no|||||||||&#8221;][vc_column_inner][vc_column_text]A value based on the origin and design of the Company: \u201cA House of Engineering,\u201d where, from the research and domination of the principles of science, it innovates and develop the knowledge and techniques to apply, with efficiency and the minimum of waste, in the resolution of practical issues, forming, encouraging and relying to the \u201cin-house\u201d people.[\/vc_column_text][\/vc_column_inner][\/vc_row_inner][\/vc_column][vc_column tm_zindex=&#8221;2&#8243; width=&#8221;1\/3&#8243; css=&#8221;.vc_custom_1561720265451{margin-top: 0px !important;margin-left: 0px !important;padding-top: 0px !important;padding-right: 0px !important;padding-bottom: 0px !important;padding-left: 0px !important;}&#8221; tm_responsive_css=&#8221;58794642|colbreak_no|||||||||colbreak_no||||0px|35px|15px|35px|15px|colbreak_no||||||||||colbreak_no|||||||||&#8221;][vc_row_inner el_class=&#8221;tm-column-inline&#8221;][vc_column_inner width=&#8221;1\/4&#8243; css=&#8221;.vc_custom_1536906280482{padding-right: 0px !important;padding-left: 0px !important;}&#8221; tm_responsive_css=&#8221;87974215|colbreak_no|||||||||colbreak_no||||||15px||15px|colbreak_no||||||||15px||colbreak_no|||||||||&#8221;]<div class=\"tm-vc_icon_element tm-vc_icon_element-outer tm-vc_icon_element-align-left  vc_custom_1552556452026\"><div class=\"tm-vc_icon_element-inner  tm-vc_icon_element-color-white tm-vc_icon_element-size-sm tm-vc_icon_element-style- tm-vc_icon_element-background-color-grey\" ><span class=\"tm-vc_icon_element-icon themifyicon ti-check\" ><\/span><\/div><\/div>[\/vc_column_inner][vc_column_inner width=&#8221;3\/4&#8243; css=&#8221;.vc_custom_1536906450162{padding-left: 0px !important;}&#8221; tm_responsive_css=&#8221;35001208|colbreak_no|||||||||colbreak_no|||||||||colbreak_no||||||||15px||colbreak_no|||||||||&#8221;]<h2 style=\"text-align:left;font-size:23px;line-height:28px;color:#ffb901;\" class=\"tm-custom-heading vc_custom_1561719837202\" >TRUTH<\/h2>\n[\/vc_column_inner][\/vc_row_inner][vc_row_inner css=&#8221;.vc_custom_1536899770550{padding-right: 85px !important;}&#8221; tm_responsive_css=&#8221;73394271|colbreak_no||||||0px|||colbreak_no|||||||||colbreak_no||||||||||colbreak_no|||||||||&#8221;][vc_column_inner][vc_column_text]It consists in the straight appreciation of the facts, exposing the things as they are, with good faith and with great accuracy, assuming the mistakes and limitations, as well as the successes and capabilities, and always reporting in a transparent and adequate the Company areas of performance and responsibilities.[\/vc_column_text][\/vc_column_inner][\/vc_row_inner][\/vc_column][vc_column width=&#8221;1\/3&#8243;][vc_row_inner el_class=&#8221;tm-column-inline&#8221;][vc_column_inner width=&#8221;1\/4&#8243; css=&#8221;.vc_custom_1536906280482{padding-right: 0px !important;padding-left: 0px !important;}&#8221; tm_responsive_css=&#8221;87974215|colbreak_no|||||||||colbreak_no||||||15px||15px|colbreak_no||||||||15px||colbreak_no|||||||||&#8221;]<div class=\"tm-vc_icon_element tm-vc_icon_element-outer tm-vc_icon_element-align-left  vc_custom_1552556479914\"><div class=\"tm-vc_icon_element-inner  tm-vc_icon_element-color-white tm-vc_icon_element-size-sm tm-vc_icon_element-style- tm-vc_icon_element-background-color-grey\" ><span class=\"tm-vc_icon_element-icon themifyicon ti-link\" ><\/span><\/div><\/div>[\/vc_column_inner][vc_column_inner width=&#8221;3\/4&#8243; css=&#8221;.vc_custom_1536906450162{padding-left: 0px !important;}&#8221; tm_responsive_css=&#8221;35001208|colbreak_no|||||||||colbreak_no|||||||||colbreak_no||||||||15px||colbreak_no|||||||||&#8221;]<h2 style=\"text-align:left;font-size:23px;line-height:28px;color:#ffb901;\" class=\"tm-custom-heading vc_custom_1561719851058\" >COMMITMENT<\/h2>\n[\/vc_column_inner][\/vc_row_inner][vc_row_inner css=&#8221;.vc_custom_1536899770550{padding-right: 85px !important;}&#8221; tm_responsive_css=&#8221;73394271|colbreak_no||||||0px|||colbreak_no|||||||||colbreak_no||||||||||colbreak_no|||||||||&#8221;][vc_column_inner][vc_column_text]Corresponds to a responsible and committed way of accepting challenges and responsibilities, on the importance of the &#8220;given word&#8221; and on the fulfilment of all obligations, with others as well as on the loyalty and complicity with their own colleagues and the Company itself, with respect for others, for the dignity of every human person and for the sustainability of the community.[\/vc_column_text][\/vc_column_inner][\/vc_row_inner][\/vc_column][\/vc_row]\n<\/div>","protected":false},"excerpt":{"rendered":"<p>[vc_row tm_bgcolor=&#8221;grey&#8221; tm_bgimagefixed=&#8221;&#8221; full_width=&#8221;stretch_row&#8221; css=&#8221;.vc_custom_1536922640343{padding-bottom: 100px !important;}&#8221; tm_responsive_css=&#8221;76751761|colbreak_no|||||||||colbreak_no|||||0px||0px||colbreak_no||||||||||colbreak_no|||||||||&#8221;][vc_column][\/vc_column][\/vc_row][vc_row tm_bgcolor=&#8221;white&#8221; tm_bgimagefixed=&#8221;&#8221; break_in_responsive=&#8221;991&#8243; tm_shadow=&#8221;yes&#8221; css=&#8221;.vc_custom_1536906762055{margin-top: -110px !important;margin-bottom: 94px !important;padding-top: 0px !important;padding-bottom: 10px !important;}&#8221; tm_responsive_css=&#8221;92183170|colbreak_no|||||||||colbreak_no|0px||65px||||||colbreak_no|||0px|||||||colbreak_no|||||||||&#8221;][vc_column width=&#8221;7\/12&#8243; css=&#8221;.vc_custom_1537173403783{padding-top: 66px !important;padding-right: 35px !important;padding-bottom: 35px !important;padding-left: 35px !important;}&#8221; tm_responsive_css=&#8221;28822975|colbreak_no|||||||||colbreak_no||||||||15px|colbreak_no||||||||||colbreak_no|||||||||&#8221;][\/vc_column][vc_column width=&#8221;5\/12&#8243; css=&#8221;.vc_custom_1537173714107{padding-top: 60px !important;padding-bottom: 60px !important;padding-left: 20px !important;}&#8221; tm_responsive_css=&#8221;26195292|colbreak_no|||||||||colbreak_no|||||25px||||colbreak_no||||||||||colbreak_no|||||||||&#8221;][vc_row_inner css=&#8221;.vc_custom_1536905549410{margin-right: -150px !important;}&#8221; tm_responsive_css=&#8221;63863606|colbreak_no|||||||||colbreak_no|||||||||colbreak_no|||||||||1460|colbreak_no||0px|||||||&#8221;][vc_column_inner][vc_single_image image=&#8221;4047&#8243; img_size=&#8221;980&#215;780&#8243; css=&#8221;.vc_custom_1552557992121{margin-bottom: 0px !important;}&#8221; el_class=&#8221;ttm-custom-rightmargin-0px-991&#8243;][\/vc_column_inner][\/vc_row_inner][\/vc_column][\/vc_row][vc_row tm_bgcolor=&#8221;darkgrey&#8221; tm_bgimagefixed=&#8221;&#8221; break_in_responsive=&#8221;991&#8243; &hellip; <a href=\"https:\/\/teixeiraduarteconstrucao.com\/en\/who-we-are\/mission-and-values\/\" class=\"more-link\">Continue reading <span class=\"screen-reader-text\">Mission and Values<\/span><\/a><\/p>\n","protected":false},"author":2,"featured_media":0,"parent":8463,"menu_order":0,"comment_status":"closed","ping_status":"closed","template":"","meta":{"footnotes":""},"class_list":["post-8468","page","type-page","status-publish","hentry"],"yoast_head":"<!-- This site is optimized with the Yoast SEO plugin v26.7 - https:\/\/yoast.com\/wordpress\/plugins\/seo\/ -->\n<title>Mission and Values - Teixeira Duarte Constru\u00e7\u00e3o<\/title>\n<meta name=\"robots\" content=\"index, follow, max-snippet:-1, max-image-preview:large, max-video-preview:-1\" \/>\n<link rel=\"canonical\" href=\"https:\/\/teixeiraduarteconstrucao.com\/en\/who-we-are\/mission-and-values\/\" \/>\n<meta property=\"og:locale\" content=\"en_US\" \/>\n<meta property=\"og:type\" content=\"article\" \/>\n<meta property=\"og:title\" content=\"Mission and Values - Teixeira Duarte Constru\u00e7\u00e3o\" \/>\n<meta property=\"og:description\" content=\"[vc_row tm_bgcolor=&#8221;grey&#8221; tm_bgimagefixed=&#8221;&#8221; full_width=&#8221;stretch_row&#8221; css=&#8221;.vc_custom_1536922640343{padding-bottom: 100px !important;}&#8221; tm_responsive_css=&#8221;76751761|colbreak_no|||||||||colbreak_no|||||0px||0px||colbreak_no||||||||||colbreak_no|||||||||&#8221;][vc_column][\/vc_column][\/vc_row][vc_row tm_bgcolor=&#8221;white&#8221; tm_bgimagefixed=&#8221;&#8221; break_in_responsive=&#8221;991&#8243; tm_shadow=&#8221;yes&#8221; css=&#8221;.vc_custom_1536906762055{margin-top: -110px !important;margin-bottom: 94px !important;padding-top: 0px !important;padding-bottom: 10px !important;}&#8221; tm_responsive_css=&#8221;92183170|colbreak_no|||||||||colbreak_no|0px||65px||||||colbreak_no|||0px|||||||colbreak_no|||||||||&#8221;][vc_column width=&#8221;7\/12&#8243; css=&#8221;.vc_custom_1537173403783{padding-top: 66px !important;padding-right: 35px !important;padding-bottom: 35px !important;padding-left: 35px !important;}&#8221; tm_responsive_css=&#8221;28822975|colbreak_no|||||||||colbreak_no||||||||15px|colbreak_no||||||||||colbreak_no|||||||||&#8221;][\/vc_column][vc_column width=&#8221;5\/12&#8243; css=&#8221;.vc_custom_1537173714107{padding-top: 60px !important;padding-bottom: 60px !important;padding-left: 20px !important;}&#8221; tm_responsive_css=&#8221;26195292|colbreak_no|||||||||colbreak_no|||||25px||||colbreak_no||||||||||colbreak_no|||||||||&#8221;][vc_row_inner css=&#8221;.vc_custom_1536905549410{margin-right: -150px !important;}&#8221; tm_responsive_css=&#8221;63863606|colbreak_no|||||||||colbreak_no|||||||||colbreak_no|||||||||1460|colbreak_no||0px|||||||&#8221;][vc_column_inner][vc_single_image image=&#8221;4047&#8243; img_size=&#8221;980&#215;780&#8243; css=&#8221;.vc_custom_1552557992121{margin-bottom: 0px !important;}&#8221; el_class=&#8221;ttm-custom-rightmargin-0px-991&#8243;][\/vc_column_inner][\/vc_row_inner][\/vc_column][\/vc_row][vc_row tm_bgcolor=&#8221;darkgrey&#8221; tm_bgimagefixed=&#8221;&#8221; break_in_responsive=&#8221;991&#8243; &hellip; Continue reading Mission and Values\" \/>\n<meta property=\"og:url\" content=\"https:\/\/teixeiraduarteconstrucao.com\/en\/who-we-are\/mission-and-values\/\" \/>\n<meta property=\"og:site_name\" content=\"Teixeira Duarte Constru\u00e7\u00e3o\" \/>\n<meta property=\"article:publisher\" content=\"https:\/\/www.facebook.com\/teixeiraduarteconstrucao\/?locale=pt_PT\" \/>\n<meta property=\"article:modified_time\" content=\"2019-06-28T11:12:58+00:00\" \/>\n<meta name=\"twitter:card\" content=\"summary_large_image\" \/>\n<meta name=\"twitter:label1\" content=\"Est. reading time\" \/>\n\t<meta name=\"twitter:data1\" content=\"5 minutes\" \/>\n<script type=\"application\/ld+json\" class=\"yoast-schema-graph\">{\"@context\":\"https:\/\/schema.org\",\"@graph\":[{\"@type\":\"WebPage\",\"@id\":\"https:\/\/teixeiraduarteconstrucao.com\/en\/who-we-are\/mission-and-values\/\",\"url\":\"https:\/\/teixeiraduarteconstrucao.com\/en\/who-we-are\/mission-and-values\/\",\"name\":\"Mission and Values - Teixeira Duarte Constru\u00e7\u00e3o\",\"isPartOf\":{\"@id\":\"https:\/\/teixeiraduarteconstrucao.com\/en\/#website\"},\"datePublished\":\"2019-03-04T16:41:04+00:00\",\"dateModified\":\"2019-06-28T11:12:58+00:00\",\"breadcrumb\":{\"@id\":\"https:\/\/teixeiraduarteconstrucao.com\/en\/who-we-are\/mission-and-values\/#breadcrumb\"},\"inLanguage\":\"en-US\",\"potentialAction\":[{\"@type\":\"ReadAction\",\"target\":[\"https:\/\/teixeiraduarteconstrucao.com\/en\/who-we-are\/mission-and-values\/\"]}]},{\"@type\":\"BreadcrumbList\",\"@id\":\"https:\/\/teixeiraduarteconstrucao.com\/en\/who-we-are\/mission-and-values\/#breadcrumb\",\"itemListElement\":[{\"@type\":\"ListItem\",\"position\":1,\"name\":\"In\u00edcio\",\"item\":\"https:\/\/teixeiraduarteconstrucao.com\/en\/\"},{\"@type\":\"ListItem\",\"position\":2,\"name\":\"Who We Are\",\"item\":\"https:\/\/teixeiraduarteconstrucao.com\/en\/who-we-are\/\"},{\"@type\":\"ListItem\",\"position\":3,\"name\":\"Mission and Values\"}]},{\"@type\":\"WebSite\",\"@id\":\"https:\/\/teixeiraduarteconstrucao.com\/en\/#website\",\"url\":\"https:\/\/teixeiraduarteconstrucao.com\/en\/\",\"name\":\"Teixeira Duarte Constru\u00e7\u00e3o\",\"description\":\"Pioneirismo e Inova\u00e7\u00e3o desde 1921\",\"publisher\":{\"@id\":\"https:\/\/teixeiraduarteconstrucao.com\/en\/#organization\"},\"potentialAction\":[{\"@type\":\"SearchAction\",\"target\":{\"@type\":\"EntryPoint\",\"urlTemplate\":\"https:\/\/teixeiraduarteconstrucao.com\/en\/?s={search_term_string}\"},\"query-input\":{\"@type\":\"PropertyValueSpecification\",\"valueRequired\":true,\"valueName\":\"search_term_string\"}}],\"inLanguage\":\"en-US\"},{\"@type\":\"Organization\",\"@id\":\"https:\/\/teixeiraduarteconstrucao.com\/en\/#organization\",\"name\":\"Teixeira Duarte - Engenharia e Constru\u00e7\u00f5es, S.A.\",\"url\":\"https:\/\/teixeiraduarteconstrucao.com\/en\/\",\"logo\":{\"@type\":\"ImageObject\",\"inLanguage\":\"en-US\",\"@id\":\"https:\/\/teixeiraduarteconstrucao.com\/en\/#\/schema\/logo\/image\/\",\"url\":\"https:\/\/teixeiraduarteconstrucao.com\/wp-content\/uploads\/2025\/04\/Logotipo-Teixeira-Duarte-EC-2024-positivo.png\",\"contentUrl\":\"https:\/\/teixeiraduarteconstrucao.com\/wp-content\/uploads\/2025\/04\/Logotipo-Teixeira-Duarte-EC-2024-positivo.png\",\"width\":3544,\"height\":1182,\"caption\":\"Teixeira Duarte - Engenharia e Constru\u00e7\u00f5es, S.A.\"},\"image\":{\"@id\":\"https:\/\/teixeiraduarteconstrucao.com\/en\/#\/schema\/logo\/image\/\"},\"sameAs\":[\"https:\/\/www.facebook.com\/teixeiraduarteconstrucao\/?locale=pt_PT\",\"https:\/\/www.linkedin.com\/company\/teixeira-duarte-engenharia-e-construcoes\"]}]}<\/script>\n<!-- \/ Yoast SEO plugin. -->","yoast_head_json":{"title":"Mission and Values - Teixeira Duarte Constru\u00e7\u00e3o","robots":{"index":"index","follow":"follow","max-snippet":"max-snippet:-1","max-image-preview":"max-image-preview:large","max-video-preview":"max-video-preview:-1"},"canonical":"https:\/\/teixeiraduarteconstrucao.com\/en\/who-we-are\/mission-and-values\/","og_locale":"en_US","og_type":"article","og_title":"Mission and Values - Teixeira Duarte Constru\u00e7\u00e3o","og_description":"[vc_row tm_bgcolor=&#8221;grey&#8221; tm_bgimagefixed=&#8221;&#8221; full_width=&#8221;stretch_row&#8221; css=&#8221;.vc_custom_1536922640343{padding-bottom: 100px !important;}&#8221; tm_responsive_css=&#8221;76751761|colbreak_no|||||||||colbreak_no|||||0px||0px||colbreak_no||||||||||colbreak_no|||||||||&#8221;][vc_column][\/vc_column][\/vc_row][vc_row tm_bgcolor=&#8221;white&#8221; tm_bgimagefixed=&#8221;&#8221; break_in_responsive=&#8221;991&#8243; tm_shadow=&#8221;yes&#8221; css=&#8221;.vc_custom_1536906762055{margin-top: -110px !important;margin-bottom: 94px !important;padding-top: 0px !important;padding-bottom: 10px !important;}&#8221; tm_responsive_css=&#8221;92183170|colbreak_no|||||||||colbreak_no|0px||65px||||||colbreak_no|||0px|||||||colbreak_no|||||||||&#8221;][vc_column width=&#8221;7\/12&#8243; css=&#8221;.vc_custom_1537173403783{padding-top: 66px !important;padding-right: 35px !important;padding-bottom: 35px !important;padding-left: 35px !important;}&#8221; tm_responsive_css=&#8221;28822975|colbreak_no|||||||||colbreak_no||||||||15px|colbreak_no||||||||||colbreak_no|||||||||&#8221;][\/vc_column][vc_column width=&#8221;5\/12&#8243; css=&#8221;.vc_custom_1537173714107{padding-top: 60px !important;padding-bottom: 60px !important;padding-left: 20px !important;}&#8221; tm_responsive_css=&#8221;26195292|colbreak_no|||||||||colbreak_no|||||25px||||colbreak_no||||||||||colbreak_no|||||||||&#8221;][vc_row_inner css=&#8221;.vc_custom_1536905549410{margin-right: -150px !important;}&#8221; tm_responsive_css=&#8221;63863606|colbreak_no|||||||||colbreak_no|||||||||colbreak_no|||||||||1460|colbreak_no||0px|||||||&#8221;][vc_column_inner][vc_single_image image=&#8221;4047&#8243; img_size=&#8221;980&#215;780&#8243; css=&#8221;.vc_custom_1552557992121{margin-bottom: 0px !important;}&#8221; el_class=&#8221;ttm-custom-rightmargin-0px-991&#8243;][\/vc_column_inner][\/vc_row_inner][\/vc_column][\/vc_row][vc_row tm_bgcolor=&#8221;darkgrey&#8221; tm_bgimagefixed=&#8221;&#8221; break_in_responsive=&#8221;991&#8243; &hellip; Continue reading Mission and Values","og_url":"https:\/\/teixeiraduarteconstrucao.com\/en\/who-we-are\/mission-and-values\/","og_site_name":"Teixeira Duarte Constru\u00e7\u00e3o","article_publisher":"https:\/\/www.facebook.com\/teixeiraduarteconstrucao\/?locale=pt_PT","article_modified_time":"2019-06-28T11:12:58+00:00","twitter_card":"summary_large_image","twitter_misc":{"Est. reading time":"5 minutes"},"schema":{"@context":"https:\/\/schema.org","@graph":[{"@type":"WebPage","@id":"https:\/\/teixeiraduarteconstrucao.com\/en\/who-we-are\/mission-and-values\/","url":"https:\/\/teixeiraduarteconstrucao.com\/en\/who-we-are\/mission-and-values\/","name":"Mission and Values - Teixeira Duarte Constru\u00e7\u00e3o","isPartOf":{"@id":"https:\/\/teixeiraduarteconstrucao.com\/en\/#website"},"datePublished":"2019-03-04T16:41:04+00:00","dateModified":"2019-06-28T11:12:58+00:00","breadcrumb":{"@id":"https:\/\/teixeiraduarteconstrucao.com\/en\/who-we-are\/mission-and-values\/#breadcrumb"},"inLanguage":"en-US","potentialAction":[{"@type":"ReadAction","target":["https:\/\/teixeiraduarteconstrucao.com\/en\/who-we-are\/mission-and-values\/"]}]},{"@type":"BreadcrumbList","@id":"https:\/\/teixeiraduarteconstrucao.com\/en\/who-we-are\/mission-and-values\/#breadcrumb","itemListElement":[{"@type":"ListItem","position":1,"name":"In\u00edcio","item":"https:\/\/teixeiraduarteconstrucao.com\/en\/"},{"@type":"ListItem","position":2,"name":"Who We Are","item":"https:\/\/teixeiraduarteconstrucao.com\/en\/who-we-are\/"},{"@type":"ListItem","position":3,"name":"Mission and Values"}]},{"@type":"WebSite","@id":"https:\/\/teixeiraduarteconstrucao.com\/en\/#website","url":"https:\/\/teixeiraduarteconstrucao.com\/en\/","name":"Teixeira Duarte Constru\u00e7\u00e3o","description":"Pioneirismo e Inova\u00e7\u00e3o desde 1921","publisher":{"@id":"https:\/\/teixeiraduarteconstrucao.com\/en\/#organization"},"potentialAction":[{"@type":"SearchAction","target":{"@type":"EntryPoint","urlTemplate":"https:\/\/teixeiraduarteconstrucao.com\/en\/?s={search_term_string}"},"query-input":{"@type":"PropertyValueSpecification","valueRequired":true,"valueName":"search_term_string"}}],"inLanguage":"en-US"},{"@type":"Organization","@id":"https:\/\/teixeiraduarteconstrucao.com\/en\/#organization","name":"Teixeira Duarte - Engenharia e Constru\u00e7\u00f5es, S.A.","url":"https:\/\/teixeiraduarteconstrucao.com\/en\/","logo":{"@type":"ImageObject","inLanguage":"en-US","@id":"https:\/\/teixeiraduarteconstrucao.com\/en\/#\/schema\/logo\/image\/","url":"https:\/\/teixeiraduarteconstrucao.com\/wp-content\/uploads\/2025\/04\/Logotipo-Teixeira-Duarte-EC-2024-positivo.png","contentUrl":"https:\/\/teixeiraduarteconstrucao.com\/wp-content\/uploads\/2025\/04\/Logotipo-Teixeira-Duarte-EC-2024-positivo.png","width":3544,"height":1182,"caption":"Teixeira Duarte - Engenharia e Constru\u00e7\u00f5es, S.A."},"image":{"@id":"https:\/\/teixeiraduarteconstrucao.com\/en\/#\/schema\/logo\/image\/"},"sameAs":["https:\/\/www.facebook.com\/teixeiraduarteconstrucao\/?locale=pt_PT","https:\/\/www.linkedin.com\/company\/teixeira-duarte-engenharia-e-construcoes"]}]}},"_links":{"self":[{"href":"https:\/\/teixeiraduarteconstrucao.com\/en\/wp-json\/wp\/v2\/pages\/8468","targetHints":{"allow":["GET"]}}],"collection":[{"href":"https:\/\/teixeiraduarteconstrucao.com\/en\/wp-json\/wp\/v2\/pages"}],"about":[{"href":"https:\/\/teixeiraduarteconstrucao.com\/en\/wp-json\/wp\/v2\/types\/page"}],"author":[{"embeddable":true,"href":"https:\/\/teixeiraduarteconstrucao.com\/en\/wp-json\/wp\/v2\/users\/2"}],"replies":[{"embeddable":true,"href":"https:\/\/teixeiraduarteconstrucao.com\/en\/wp-json\/wp\/v2\/comments?post=8468"}],"version-history":[{"count":0,"href":"https:\/\/teixeiraduarteconstrucao.com\/en\/wp-json\/wp\/v2\/pages\/8468\/revisions"}],"up":[{"embeddable":true,"href":"https:\/\/teixeiraduarteconstrucao.com\/en\/wp-json\/wp\/v2\/pages\/8463"}],"wp:attachment":[{"href":"https:\/\/teixeiraduarteconstrucao.com\/en\/wp-json\/wp\/v2\/media?parent=8468"}],"curies":[{"name":"wp","href":"https:\/\/api.w.org\/{rel}","templated":true}]}}