{"id":17629,"date":"2025-04-10T16:50:05","date_gmt":"2025-04-10T16:50:05","guid":{"rendered":"https:\/\/teixeiraduarteconstrucao.com\/?page_id=17629"},"modified":"2025-10-06T16:42:30","modified_gmt":"2025-10-06T16:42:30","slug":"materials-laboratory","status":"publish","type":"page","link":"https:\/\/teixeiraduarteconstrucao.com\/en\/materials-laboratory\/","title":{"rendered":"Materials Laboratory"},"content":{"rendered":"<div class=\"wpb-content-wrapper\">[vc_row tm_bgimagefixed=&#8221;&#8221;][vc_column width=&#8221;1\/4&#8243; el_id=&#8221;flex-it&#8221;][vc_single_image image=&#8221;17791&#8243; img_size=&#8221;150&#215;150&#8243;][vc_column_text]\n<p style=\"color: #616060; font-weight: 600; font-size: 17px;\">Teixeira Duarte Materials Laboratory<\/p>\n<p><span style=\"font-size: 12px; font-weight: 400;\">Av. da Ind\u00fastria, n\u00ba 540<\/span><br \/>\n<span style=\"font-size: 12px; font-weight: 400;\">2870-635 Alto do Estanqueiro &#8211; Jardia &#8211; Montijo<\/span><\/p>\n<p><span style=\"font-size: 13px;\">Tel.: +351 219 948 000<\/span><br \/>\n<span style=\"font-size: 13px;\">E-mail: <a href=\"mailto:laboratorio@teixeiraduarte.com\">laboratorio@teixeiraduarte.com<\/a><\/span><\/p>\n<p><span style=\"font-size: 13px;\"><b>Technician in Charge<\/b><\/span><br \/>\n<span style=\"font-size: 13px;\">Ana Chaves (<a href=\"mailto:ach@teixeiraduarte.com\">ach@teixeiraduarte.com<\/a>)<\/span>[\/vc_column_text][vc_column_text css=&#8221;.vc_custom_1756120275780{padding-top: 10px !important;padding-right: 10px !important;padding-bottom: 10px !important;padding-left: 10px !important;background-color: #ffb901 !important;}&#8221;]\n<p style=\"color: #003a5a;\">CONSULT<\/p>\n<p style=\"background-color: #003a5a; color: #ffffff; padding-left: 5px;\"><a style=\"text-decoration: none; color: #ffffff;\" href=\"https:\/\/teixeiraduarteconstrucao.com\/wp-content\/uploads\/2025\/04\/Certificado-Acreditacao-L02012024-12-07.pdf\" target=\"_blank\" rel=\"noopener\">Accreditation Certificate<\/a><\/p>\n<p style=\"background-color: #003a5a; color: #ffffff; padding-left: 5px;\"><a style=\"text-decoration: none; color: #ffffff;\" href=\"https:\/\/teixeiraduarteconstrucao.com\/wp-content\/uploads\/2025\/08\/L0201A12025-07-29_versao-24.pdf\" target=\"_blank\" rel=\"noopener\">Accreditation Technical Appendix L0201-1<\/a><\/p>\n<p style=\"background-color: #003a5a; color: #ffffff; padding-left: 5px;\"><a style=\"text-decoration: none; color: #ffffff;\" href=\"https:\/\/teixeiraduarteconstrucao.com\/wp-content\/uploads\/2025\/04\/doc-003-lm-lista-de-ensaios-acreditacao-flexivel-intermedia-en_signed.pdf\" target=\"_blank\" rel=\"noopener\">List of tests under intermediate flexible accreditation<\/a><\/p>\n[\/vc_column_text][\/vc_column][vc_column width=&#8221;3\/4&#8243;]<div class=\"tm-element-heading-wrapper tm-heading-inner tm-element-align-left tm-seperator-none tm-heading-style-vertical  vc_custom_1745233209236\"><section class=\"tm-vc_cta3-container\"><div class=\"tm-vc_general tm-vc_cta3 tm-cta3-only tm-vc_cta3-style-classic tm-vc_cta3-shape-rounded tm-vc_cta3-align-left tm-vc_cta3-color-transparent tm-vc_cta3-icon-size-md tm-vc_cta3-actions-no tm-cta3-without-desc\"><div class=\"tm-vc_cta3_content-container\"><div class=\"tm-vc_cta3-content\"><header class=\"tm-vc_cta3-content-header tm-wrap\"><div class=\"tm-vc_cta3-headers tm-wrap-cell\"><h2 style=\"font-size:30px;line-height:30px;font-family:'Titillium Web',Arial,Helvetica;font-weight:600;\" class=\"tm-custom-heading \" >Materials Laboratory<\/h2>\n<\/div><div class=\"heading-seperator\"><span><\/span><\/div><\/header><\/div><\/div><\/div><\/section><\/div> <!-- .tm-element-heading-wrapper container --> [vc_column_text]Teixeira Duarte Materials Laboratory was established in 1994 with the aim of supporting the production and quality control of concrete for the Company\u2019s projects, ensuring the quality of its production processes.<\/p>\n<p>In 1996, the Laboratory became one of the first laboratories accredited by the IPQ in Portugal in the field of concrete and aggregates, consolidating its technical position to provide specialised services to both the national and international markets.<\/p>\n<p>The laboratory is equipped with a wide range of equipment for conducting over 60 different tests related to concrete and constituent materials, grouts, and mortars. Currently, the Laboratory has 9 tests accredited by IPAC.[\/vc_column_text]<div class=\"tm-element-heading-wrapper tm-heading-inner tm-element-align-left tm-seperator-none tm-heading-style-vertical  vc_custom_1745233288704\"><section class=\"tm-vc_cta3-container\"><div class=\"tm-vc_general tm-vc_cta3 tm-cta3-only tm-vc_cta3-style-classic tm-vc_cta3-shape-rounded tm-vc_cta3-align-left tm-vc_cta3-color-transparent tm-vc_cta3-icon-size-md tm-vc_cta3-actions-no tm-cta3-without-desc\"><div class=\"tm-vc_cta3_content-container\"><div class=\"tm-vc_cta3-content\"><header class=\"tm-vc_cta3-content-header tm-wrap\"><div class=\"tm-vc_cta3-headers tm-wrap-cell\"><h2 style=\"font-size:30px;line-height:30px;font-family:'Titillium Web',Arial,Helvetica;font-weight:600;\" class=\"tm-custom-heading \" >Services<\/h2>\n<\/div><div class=\"heading-seperator\"><span><\/span><\/div><\/header><\/div><\/div><\/div><\/section><\/div> <!-- .tm-element-heading-wrapper container --> [vc_column_text]In addition to supporting the construction sector companies within the Teixeira Duarte Group, the Materials Laboratory also offers its services to external entities, in compliance with applicable regulatory requirements and the NP EN ISO\/IEC 17025 standard. The services available are:<\/p>\n<p><strong>Tests:<\/strong><\/p>\n<ul>\n<li>Aggregate Testing;<\/li>\n<li>Concrete Testing;<\/li>\n<li>Injection Grout Testing;<\/li>\n<li>Cement Testing;<\/li>\n<li>Mortar Testing.<\/li>\n<\/ul>\n<p>Please consult the list of tests <a href=\"https:\/\/teixeiraduarteconstrucao.com\/wp-content\/uploads\/2025\/10\/LM-Ensaios_03.10.2025.pdf\" target=\"_blank\" rel=\"noopener\">the list of tests here (portuguese version)<\/a> &#8211; accredited tests are marked with \u2018(AC)\u2019.<\/p>\n<p><b>Studies, Reports and Quality Control:<\/b><\/p>\n<p>In the field of concrete and its constituent materials, whether produced on-site or supplied as ready-mixed concrete.<\/p>\n<p><b>Professional Training Courses, including: <\/b><\/p>\n<ul>\n<li>PF1 &#8211; Concrete and Structural Regulations DL90\/2021, including reception tests &#8211; <a href=\"https:\/\/teixeiraduarteconstrucao.com\/wp-content\/uploads\/2025\/04\/PF1_Plano-de-formacao_en-1.pdf\" target=\"_blank\" rel=\"noopener\">see the plan here (taught in portuguese)<\/a><\/li>\n<\/ul>\n[\/vc_column_text][\/vc_column][\/vc_row][vc_row tm_bgimagefixed=&#8221;&#8221; equal_height=&#8221;yes&#8221;][vc_column][vc_media_grid gap=&#8221;2&#8243; grid_id=&#8221;vc_gid:1759498768011-21909911-e7d9-1&#8243; include=&#8221;17685,17687,17689,17691,17693,17695,17720,17723,17725,17727,17729,17895&#8243;][\/vc_column][\/vc_row]\n<\/div>","protected":false},"excerpt":{"rendered":"<p>[vc_row tm_bgimagefixed=&#8221;&#8221;][vc_column width=&#8221;1\/4&#8243; el_id=&#8221;flex-it&#8221;][vc_single_image image=&#8221;17791&#8243; img_size=&#8221;150&#215;150&#8243;][vc_column_text] Teixeira Duarte Materials Laboratory Av. da Ind\u00fastria, n\u00ba 540 2870-635 Alto do Estanqueiro &#8211; Jardia &#8211; Montijo Tel.: +351 219 948 000 E-mail: laboratorio@teixeiraduarte.com Technician in Charge Ana Chaves (ach@teixeiraduarte.com)[\/vc_column_text][vc_column_text css=&#8221;.vc_custom_1756120275780{padding-top: 10px !important;padding-right: 10px !important;padding-bottom: 10px !important;padding-left: 10px !important;background-color: #ffb901 !important;}&#8221;] CONSULT Accreditation Certificate Accreditation Technical Appendix L0201-1 List &hellip; <a href=\"https:\/\/teixeiraduarteconstrucao.com\/en\/materials-laboratory\/\" class=\"more-link\">Continue reading <span class=\"screen-reader-text\">Materials Laboratory<\/span><\/a><\/p>\n","protected":false},"author":12,"featured_media":0,"parent":0,"menu_order":0,"comment_status":"closed","ping_status":"closed","template":"","meta":{"footnotes":""},"class_list":["post-17629","page","type-page","status-publish","hentry"],"yoast_head":"<!-- This site is optimized with the Yoast SEO plugin v26.7 - https:\/\/yoast.com\/wordpress\/plugins\/seo\/ -->\n<title>Materials Laboratory - Teixeira Duarte Constru\u00e7\u00e3o<\/title>\n<meta name=\"description\" content=\"Since the beginning of its history, the Company has developed unique technical skills in terms of engineering and execution in the Geotechnics field.\" \/>\n<meta name=\"robots\" content=\"index, follow, max-snippet:-1, max-image-preview:large, max-video-preview:-1\" \/>\n<link rel=\"canonical\" href=\"https:\/\/teixeiraduarteconstrucao.com\/en\/materials-laboratory\/\" \/>\n<meta property=\"og:locale\" content=\"en_US\" \/>\n<meta property=\"og:type\" content=\"article\" \/>\n<meta property=\"og:title\" content=\"Materials Laboratory - Teixeira Duarte Constru\u00e7\u00e3o\" \/>\n<meta property=\"og:description\" content=\"Since the beginning of its history, the Company has developed unique technical skills in terms of engineering and execution in the Geotechnics field.\" \/>\n<meta property=\"og:url\" content=\"https:\/\/teixeiraduarteconstrucao.com\/en\/materials-laboratory\/\" \/>\n<meta property=\"og:site_name\" content=\"Teixeira Duarte Constru\u00e7\u00e3o\" \/>\n<meta property=\"article:publisher\" content=\"https:\/\/www.facebook.com\/teixeiraduarteconstrucao\/?locale=pt_PT\" \/>\n<meta property=\"article:modified_time\" content=\"2025-10-06T16:42:30+00:00\" \/>\n<meta name=\"twitter:card\" content=\"summary_large_image\" \/>\n<meta name=\"twitter:label1\" content=\"Est. reading time\" \/>\n\t<meta name=\"twitter:data1\" content=\"2 minutes\" \/>\n<script type=\"application\/ld+json\" class=\"yoast-schema-graph\">{\"@context\":\"https:\/\/schema.org\",\"@graph\":[{\"@type\":\"WebPage\",\"@id\":\"https:\/\/teixeiraduarteconstrucao.com\/en\/materials-laboratory\/\",\"url\":\"https:\/\/teixeiraduarteconstrucao.com\/en\/materials-laboratory\/\",\"name\":\"Materials Laboratory - Teixeira Duarte Constru\u00e7\u00e3o\",\"isPartOf\":{\"@id\":\"https:\/\/teixeiraduarteconstrucao.com\/en\/#website\"},\"datePublished\":\"2025-04-10T16:50:05+00:00\",\"dateModified\":\"2025-10-06T16:42:30+00:00\",\"description\":\"Since the beginning of its history, the Company has developed unique technical skills in terms of engineering and execution in the Geotechnics field.\",\"breadcrumb\":{\"@id\":\"https:\/\/teixeiraduarteconstrucao.com\/en\/materials-laboratory\/#breadcrumb\"},\"inLanguage\":\"en-US\",\"potentialAction\":[{\"@type\":\"ReadAction\",\"target\":[\"https:\/\/teixeiraduarteconstrucao.com\/en\/materials-laboratory\/\"]}]},{\"@type\":\"BreadcrumbList\",\"@id\":\"https:\/\/teixeiraduarteconstrucao.com\/en\/materials-laboratory\/#breadcrumb\",\"itemListElement\":[{\"@type\":\"ListItem\",\"position\":1,\"name\":\"In\u00edcio\",\"item\":\"https:\/\/teixeiraduarteconstrucao.com\/en\/\"},{\"@type\":\"ListItem\",\"position\":2,\"name\":\"Materials Laboratory\"}]},{\"@type\":\"WebSite\",\"@id\":\"https:\/\/teixeiraduarteconstrucao.com\/en\/#website\",\"url\":\"https:\/\/teixeiraduarteconstrucao.com\/en\/\",\"name\":\"Teixeira Duarte Constru\u00e7\u00e3o\",\"description\":\"Pioneirismo e Inova\u00e7\u00e3o desde 1921\",\"publisher\":{\"@id\":\"https:\/\/teixeiraduarteconstrucao.com\/en\/#organization\"},\"potentialAction\":[{\"@type\":\"SearchAction\",\"target\":{\"@type\":\"EntryPoint\",\"urlTemplate\":\"https:\/\/teixeiraduarteconstrucao.com\/en\/?s={search_term_string}\"},\"query-input\":{\"@type\":\"PropertyValueSpecification\",\"valueRequired\":true,\"valueName\":\"search_term_string\"}}],\"inLanguage\":\"en-US\"},{\"@type\":\"Organization\",\"@id\":\"https:\/\/teixeiraduarteconstrucao.com\/en\/#organization\",\"name\":\"Teixeira Duarte - Engenharia e Constru\u00e7\u00f5es, S.A.\",\"url\":\"https:\/\/teixeiraduarteconstrucao.com\/en\/\",\"logo\":{\"@type\":\"ImageObject\",\"inLanguage\":\"en-US\",\"@id\":\"https:\/\/teixeiraduarteconstrucao.com\/en\/#\/schema\/logo\/image\/\",\"url\":\"https:\/\/teixeiraduarteconstrucao.com\/wp-content\/uploads\/2025\/04\/Logotipo-Teixeira-Duarte-EC-2024-positivo.png\",\"contentUrl\":\"https:\/\/teixeiraduarteconstrucao.com\/wp-content\/uploads\/2025\/04\/Logotipo-Teixeira-Duarte-EC-2024-positivo.png\",\"width\":3544,\"height\":1182,\"caption\":\"Teixeira Duarte - Engenharia e Constru\u00e7\u00f5es, S.A.\"},\"image\":{\"@id\":\"https:\/\/teixeiraduarteconstrucao.com\/en\/#\/schema\/logo\/image\/\"},\"sameAs\":[\"https:\/\/www.facebook.com\/teixeiraduarteconstrucao\/?locale=pt_PT\",\"https:\/\/www.linkedin.com\/company\/teixeira-duarte-engenharia-e-construcoes\"]}]}<\/script>\n<!-- \/ Yoast SEO plugin. -->","yoast_head_json":{"title":"Materials Laboratory - Teixeira Duarte Constru\u00e7\u00e3o","description":"Since the beginning of its history, the Company has developed unique technical skills in terms of engineering and execution in the Geotechnics field.","robots":{"index":"index","follow":"follow","max-snippet":"max-snippet:-1","max-image-preview":"max-image-preview:large","max-video-preview":"max-video-preview:-1"},"canonical":"https:\/\/teixeiraduarteconstrucao.com\/en\/materials-laboratory\/","og_locale":"en_US","og_type":"article","og_title":"Materials Laboratory - Teixeira Duarte Constru\u00e7\u00e3o","og_description":"Since the beginning of its history, the Company has developed unique technical skills in terms of engineering and execution in the Geotechnics field.","og_url":"https:\/\/teixeiraduarteconstrucao.com\/en\/materials-laboratory\/","og_site_name":"Teixeira Duarte Constru\u00e7\u00e3o","article_publisher":"https:\/\/www.facebook.com\/teixeiraduarteconstrucao\/?locale=pt_PT","article_modified_time":"2025-10-06T16:42:30+00:00","twitter_card":"summary_large_image","twitter_misc":{"Est. reading time":"2 minutes"},"schema":{"@context":"https:\/\/schema.org","@graph":[{"@type":"WebPage","@id":"https:\/\/teixeiraduarteconstrucao.com\/en\/materials-laboratory\/","url":"https:\/\/teixeiraduarteconstrucao.com\/en\/materials-laboratory\/","name":"Materials Laboratory - Teixeira Duarte Constru\u00e7\u00e3o","isPartOf":{"@id":"https:\/\/teixeiraduarteconstrucao.com\/en\/#website"},"datePublished":"2025-04-10T16:50:05+00:00","dateModified":"2025-10-06T16:42:30+00:00","description":"Since the beginning of its history, the Company has developed unique technical skills in terms of engineering and execution in the Geotechnics field.","breadcrumb":{"@id":"https:\/\/teixeiraduarteconstrucao.com\/en\/materials-laboratory\/#breadcrumb"},"inLanguage":"en-US","potentialAction":[{"@type":"ReadAction","target":["https:\/\/teixeiraduarteconstrucao.com\/en\/materials-laboratory\/"]}]},{"@type":"BreadcrumbList","@id":"https:\/\/teixeiraduarteconstrucao.com\/en\/materials-laboratory\/#breadcrumb","itemListElement":[{"@type":"ListItem","position":1,"name":"In\u00edcio","item":"https:\/\/teixeiraduarteconstrucao.com\/en\/"},{"@type":"ListItem","position":2,"name":"Materials Laboratory"}]},{"@type":"WebSite","@id":"https:\/\/teixeiraduarteconstrucao.com\/en\/#website","url":"https:\/\/teixeiraduarteconstrucao.com\/en\/","name":"Teixeira Duarte Constru\u00e7\u00e3o","description":"Pioneirismo e Inova\u00e7\u00e3o desde 1921","publisher":{"@id":"https:\/\/teixeiraduarteconstrucao.com\/en\/#organization"},"potentialAction":[{"@type":"SearchAction","target":{"@type":"EntryPoint","urlTemplate":"https:\/\/teixeiraduarteconstrucao.com\/en\/?s={search_term_string}"},"query-input":{"@type":"PropertyValueSpecification","valueRequired":true,"valueName":"search_term_string"}}],"inLanguage":"en-US"},{"@type":"Organization","@id":"https:\/\/teixeiraduarteconstrucao.com\/en\/#organization","name":"Teixeira Duarte - Engenharia e Constru\u00e7\u00f5es, S.A.","url":"https:\/\/teixeiraduarteconstrucao.com\/en\/","logo":{"@type":"ImageObject","inLanguage":"en-US","@id":"https:\/\/teixeiraduarteconstrucao.com\/en\/#\/schema\/logo\/image\/","url":"https:\/\/teixeiraduarteconstrucao.com\/wp-content\/uploads\/2025\/04\/Logotipo-Teixeira-Duarte-EC-2024-positivo.png","contentUrl":"https:\/\/teixeiraduarteconstrucao.com\/wp-content\/uploads\/2025\/04\/Logotipo-Teixeira-Duarte-EC-2024-positivo.png","width":3544,"height":1182,"caption":"Teixeira Duarte - Engenharia e Constru\u00e7\u00f5es, S.A."},"image":{"@id":"https:\/\/teixeiraduarteconstrucao.com\/en\/#\/schema\/logo\/image\/"},"sameAs":["https:\/\/www.facebook.com\/teixeiraduarteconstrucao\/?locale=pt_PT","https:\/\/www.linkedin.com\/company\/teixeira-duarte-engenharia-e-construcoes"]}]}},"_links":{"self":[{"href":"https:\/\/teixeiraduarteconstrucao.com\/en\/wp-json\/wp\/v2\/pages\/17629","targetHints":{"allow":["GET"]}}],"collection":[{"href":"https:\/\/teixeiraduarteconstrucao.com\/en\/wp-json\/wp\/v2\/pages"}],"about":[{"href":"https:\/\/teixeiraduarteconstrucao.com\/en\/wp-json\/wp\/v2\/types\/page"}],"author":[{"embeddable":true,"href":"https:\/\/teixeiraduarteconstrucao.com\/en\/wp-json\/wp\/v2\/users\/12"}],"replies":[{"embeddable":true,"href":"https:\/\/teixeiraduarteconstrucao.com\/en\/wp-json\/wp\/v2\/comments?post=17629"}],"version-history":[{"count":12,"href":"https:\/\/teixeiraduarteconstrucao.com\/en\/wp-json\/wp\/v2\/pages\/17629\/revisions"}],"predecessor-version":[{"id":18366,"href":"https:\/\/teixeiraduarteconstrucao.com\/en\/wp-json\/wp\/v2\/pages\/17629\/revisions\/18366"}],"wp:attachment":[{"href":"https:\/\/teixeiraduarteconstrucao.com\/en\/wp-json\/wp\/v2\/media?parent=17629"}],"curies":[{"name":"wp","href":"https:\/\/api.w.org\/{rel}","templated":true}]}}