{"id":17549,"date":"2024-12-20T15:10:14","date_gmt":"2024-12-20T15:10:14","guid":{"rendered":"https:\/\/teixeiraduarteconstrucao.com\/?page_id=17549"},"modified":"2026-01-12T16:13:23","modified_gmt":"2026-01-12T16:13:23","slug":"suppliers","status":"publish","type":"page","link":"https:\/\/teixeiraduarteconstrucao.com\/en\/who-we-are\/suppliers\/","title":{"rendered":"Suppliers"},"content":{"rendered":"<div class=\"wpb-content-wrapper\">[vc_row tm_bgimagefixed=&#8221;&#8221;][vc_column]<div class=\"tm-element-heading-wrapper tm-heading-inner tm-element-align-left tm-seperator-none tm-heading-style-vertical  vc_custom_1561972768461\"><section class=\"tm-vc_cta3-container\"><div class=\"tm-vc_general tm-vc_cta3 tm-cta3-only tm-vc_cta3-style-classic tm-vc_cta3-shape-rounded tm-vc_cta3-align-left tm-vc_cta3-color-transparent tm-vc_cta3-icon-size-md tm-vc_cta3-actions-no tm-cta3-without-desc\"><div class=\"tm-vc_cta3_content-container\"><div class=\"tm-vc_cta3-content\"><header class=\"tm-vc_cta3-content-header tm-wrap\"><div class=\"tm-vc_cta3-headers tm-wrap-cell\"><h2 style=\"font-size:30px;line-height:30px;font-family:'Titillium Web',Arial,Helvetica;font-weight:600;\" class=\"tm-custom-heading \" >Suppliers<\/h2>\n<\/div><div class=\"heading-seperator\"><span><\/span><\/div><\/header><\/div><\/div><\/div><\/section><\/div> <!-- .tm-element-heading-wrapper container --> [vc_column_text]\n<p style=\"color: #003a5a; font-size: 20px; font-weight: 400;\">Procurement<\/p>\n<p>At Teixeira Duarte &#8211; Engenharia e Constru\u00e7\u00f5es, S.A. the procurement is based on the acquisition of suitable supplies regarding quality, quantity, delivery terms and price, as well as in the management of its suppliers. This process is aligned with the company\u2019s strategy and actively contributes to strengthening its competitive position.<\/p>\n<p><a style=\"background-color: #ffb901; color: #ffffff; padding: 8px 10px; font-weight: 400;\" href=\"https:\/\/teixeiraduarteconstrucao.com\/wp-content\/uploads\/2025\/03\/TDEC-20-POL-001-00-Politica-de-Compras_en_assinado.pdf\" target=\"_blank\" rel=\"noopener\">Consult the Procurement Policy<\/a><\/p>\n<p style=\"color: #003a5a; font-size: 20px; font-weight: 400; margin-top: 30px;\">Responsible Sourcing<\/p>\n<p>Teixeira Duarte considers it its duty to promote practices among its suppliers that are aligned with the principles and objectives of corporate responsibility and ethics.<\/p>\n<p>Recognizing the importance of maintaining constant oversight of its supply chain, Teixeira Duarte conducts supplier risk analyses to reduce the likelihood of operational disruptions, gain insights, and monitor critical indicators, including risk conditions, ESG performance and financial indicators.<\/p>\n<p>This commitment is part of a broader approach that includes structured processes for supplier qualification and assessment, ensuring sustainable business relationships, risk mitigation and continuous improvement.<\/p>\n<p style=\"color: #003a5a; font-size: 20px; font-weight: 400; margin-top: 30px;\">Supplier Qualfication and Assessment<\/p>\n<p>Teixeira Duarte\u2019s supplier qualification and assessment processes play a strategic role in supply chain management, contributing to risk mitigation and the promotion of sustainable business relationships. This process covers requirements related to social responsibility, compliance, environmental aspects, health and safety, operational, technical and regulatory conformity, among others.<\/p>\n<p>On a regular basis, relevant information is generated to support future decisions regarding strategic interaction with suppliers, fostering continuous improvement for both parties, strengthening partnerships and encouraging innovation.<\/p>\n<p style=\"color: #003a5a; font-size: 20px; font-weight: 400; margin-top: 30px;\">Suppliers Portal<\/p>\n<p>To render a better service to its suppliers in Portugal, Teixeira Duarte has an exclusive Portal to its suppliers which makes possible real-time access, via internet, to its on record data, accounting documents consultation, outstanding documents, including their status. Additionally, the Suppliers Portal allows them to submit of invoices and credit notes, in PDF, for accounting purposes, to send e-invoicing adhesion forms, among others.<\/p>\n<p><a style=\"background-color: #ffb901; color: #ffffff; padding: 8px 10px; font-weight: 400;\" href=\"https:\/\/www.teixeiraduarte.pt\/suppliers\/\" target=\"_blank\" rel=\"noopener\">Consult the Suppliers Portal [PT]<\/a>[\/vc_column_text][\/vc_column][\/vc_row]\n<\/div>","protected":false},"excerpt":{"rendered":"<p>[vc_row tm_bgimagefixed=&#8221;&#8221;][vc_column][vc_column_text] Procurement At Teixeira Duarte &#8211; Engenharia e Constru\u00e7\u00f5es, S.A. the procurement is based on the acquisition of suitable supplies regarding quality, quantity, delivery terms and price, as well as in the management of its suppliers. This process is aligned with the company\u2019s strategy and actively contributes to strengthening its competitive position. Consult the &hellip; <a href=\"https:\/\/teixeiraduarteconstrucao.com\/en\/who-we-are\/suppliers\/\" class=\"more-link\">Continue reading <span class=\"screen-reader-text\">Suppliers<\/span><\/a><\/p>\n","protected":false},"author":12,"featured_media":0,"parent":8463,"menu_order":5,"comment_status":"closed","ping_status":"closed","template":"","meta":{"footnotes":""},"class_list":["post-17549","page","type-page","status-publish","hentry"],"yoast_head":"<!-- This site is optimized with the Yoast SEO plugin v26.7 - https:\/\/yoast.com\/wordpress\/plugins\/seo\/ -->\n<title>Suppliers - Teixeira Duarte Constru\u00e7\u00e3o<\/title>\n<meta name=\"description\" content=\"In Portugal, Teixeira Duarte works with suppliers and subcontractors to promote respect for working rights and safe and healthy working environments.\" \/>\n<meta name=\"robots\" content=\"index, follow, max-snippet:-1, max-image-preview:large, max-video-preview:-1\" \/>\n<link rel=\"canonical\" href=\"https:\/\/teixeiraduarteconstrucao.com\/en\/who-we-are\/suppliers\/\" \/>\n<meta property=\"og:locale\" content=\"en_US\" \/>\n<meta property=\"og:type\" content=\"article\" \/>\n<meta property=\"og:title\" content=\"Suppliers - Teixeira Duarte Constru\u00e7\u00e3o\" \/>\n<meta property=\"og:description\" content=\"In Portugal, Teixeira Duarte works with suppliers and subcontractors to promote respect for working rights and safe and healthy working environments.\" \/>\n<meta property=\"og:url\" content=\"https:\/\/teixeiraduarteconstrucao.com\/en\/who-we-are\/suppliers\/\" \/>\n<meta property=\"og:site_name\" content=\"Teixeira Duarte Constru\u00e7\u00e3o\" \/>\n<meta property=\"article:publisher\" content=\"https:\/\/www.facebook.com\/teixeiraduarteconstrucao\/?locale=pt_PT\" \/>\n<meta property=\"article:modified_time\" content=\"2026-01-12T16:13:23+00:00\" \/>\n<meta name=\"twitter:card\" content=\"summary_large_image\" \/>\n<meta name=\"twitter:label1\" content=\"Est. reading time\" \/>\n\t<meta name=\"twitter:data1\" content=\"2 minutes\" \/>\n<script type=\"application\/ld+json\" class=\"yoast-schema-graph\">{\"@context\":\"https:\/\/schema.org\",\"@graph\":[{\"@type\":\"WebPage\",\"@id\":\"https:\/\/teixeiraduarteconstrucao.com\/en\/who-we-are\/suppliers\/\",\"url\":\"https:\/\/teixeiraduarteconstrucao.com\/en\/who-we-are\/suppliers\/\",\"name\":\"Suppliers - Teixeira Duarte Constru\u00e7\u00e3o\",\"isPartOf\":{\"@id\":\"https:\/\/teixeiraduarteconstrucao.com\/en\/#website\"},\"datePublished\":\"2024-12-20T15:10:14+00:00\",\"dateModified\":\"2026-01-12T16:13:23+00:00\",\"description\":\"In Portugal, Teixeira Duarte works with suppliers and subcontractors to promote respect for working rights and safe and healthy working environments.\",\"breadcrumb\":{\"@id\":\"https:\/\/teixeiraduarteconstrucao.com\/en\/who-we-are\/suppliers\/#breadcrumb\"},\"inLanguage\":\"en-US\",\"potentialAction\":[{\"@type\":\"ReadAction\",\"target\":[\"https:\/\/teixeiraduarteconstrucao.com\/en\/who-we-are\/suppliers\/\"]}]},{\"@type\":\"BreadcrumbList\",\"@id\":\"https:\/\/teixeiraduarteconstrucao.com\/en\/who-we-are\/suppliers\/#breadcrumb\",\"itemListElement\":[{\"@type\":\"ListItem\",\"position\":1,\"name\":\"In\u00edcio\",\"item\":\"https:\/\/teixeiraduarteconstrucao.com\/en\/\"},{\"@type\":\"ListItem\",\"position\":2,\"name\":\"Who We Are\",\"item\":\"https:\/\/teixeiraduarteconstrucao.com\/en\/who-we-are\/\"},{\"@type\":\"ListItem\",\"position\":3,\"name\":\"Suppliers\"}]},{\"@type\":\"WebSite\",\"@id\":\"https:\/\/teixeiraduarteconstrucao.com\/en\/#website\",\"url\":\"https:\/\/teixeiraduarteconstrucao.com\/en\/\",\"name\":\"Teixeira Duarte Constru\u00e7\u00e3o\",\"description\":\"Pioneirismo e Inova\u00e7\u00e3o desde 1921\",\"publisher\":{\"@id\":\"https:\/\/teixeiraduarteconstrucao.com\/en\/#organization\"},\"potentialAction\":[{\"@type\":\"SearchAction\",\"target\":{\"@type\":\"EntryPoint\",\"urlTemplate\":\"https:\/\/teixeiraduarteconstrucao.com\/en\/?s={search_term_string}\"},\"query-input\":{\"@type\":\"PropertyValueSpecification\",\"valueRequired\":true,\"valueName\":\"search_term_string\"}}],\"inLanguage\":\"en-US\"},{\"@type\":\"Organization\",\"@id\":\"https:\/\/teixeiraduarteconstrucao.com\/en\/#organization\",\"name\":\"Teixeira Duarte - Engenharia e Constru\u00e7\u00f5es, S.A.\",\"url\":\"https:\/\/teixeiraduarteconstrucao.com\/en\/\",\"logo\":{\"@type\":\"ImageObject\",\"inLanguage\":\"en-US\",\"@id\":\"https:\/\/teixeiraduarteconstrucao.com\/en\/#\/schema\/logo\/image\/\",\"url\":\"https:\/\/teixeiraduarteconstrucao.com\/wp-content\/uploads\/2025\/04\/Logotipo-Teixeira-Duarte-EC-2024-positivo.png\",\"contentUrl\":\"https:\/\/teixeiraduarteconstrucao.com\/wp-content\/uploads\/2025\/04\/Logotipo-Teixeira-Duarte-EC-2024-positivo.png\",\"width\":3544,\"height\":1182,\"caption\":\"Teixeira Duarte - Engenharia e Constru\u00e7\u00f5es, S.A.\"},\"image\":{\"@id\":\"https:\/\/teixeiraduarteconstrucao.com\/en\/#\/schema\/logo\/image\/\"},\"sameAs\":[\"https:\/\/www.facebook.com\/teixeiraduarteconstrucao\/?locale=pt_PT\",\"https:\/\/www.linkedin.com\/company\/teixeira-duarte-engenharia-e-construcoes\"]}]}<\/script>\n<!-- \/ Yoast SEO plugin. -->","yoast_head_json":{"title":"Suppliers - Teixeira Duarte Constru\u00e7\u00e3o","description":"In Portugal, Teixeira Duarte works with suppliers and subcontractors to promote respect for working rights and safe and healthy working environments.","robots":{"index":"index","follow":"follow","max-snippet":"max-snippet:-1","max-image-preview":"max-image-preview:large","max-video-preview":"max-video-preview:-1"},"canonical":"https:\/\/teixeiraduarteconstrucao.com\/en\/who-we-are\/suppliers\/","og_locale":"en_US","og_type":"article","og_title":"Suppliers - Teixeira Duarte Constru\u00e7\u00e3o","og_description":"In Portugal, Teixeira Duarte works with suppliers and subcontractors to promote respect for working rights and safe and healthy working environments.","og_url":"https:\/\/teixeiraduarteconstrucao.com\/en\/who-we-are\/suppliers\/","og_site_name":"Teixeira Duarte Constru\u00e7\u00e3o","article_publisher":"https:\/\/www.facebook.com\/teixeiraduarteconstrucao\/?locale=pt_PT","article_modified_time":"2026-01-12T16:13:23+00:00","twitter_card":"summary_large_image","twitter_misc":{"Est. reading time":"2 minutes"},"schema":{"@context":"https:\/\/schema.org","@graph":[{"@type":"WebPage","@id":"https:\/\/teixeiraduarteconstrucao.com\/en\/who-we-are\/suppliers\/","url":"https:\/\/teixeiraduarteconstrucao.com\/en\/who-we-are\/suppliers\/","name":"Suppliers - Teixeira Duarte Constru\u00e7\u00e3o","isPartOf":{"@id":"https:\/\/teixeiraduarteconstrucao.com\/en\/#website"},"datePublished":"2024-12-20T15:10:14+00:00","dateModified":"2026-01-12T16:13:23+00:00","description":"In Portugal, Teixeira Duarte works with suppliers and subcontractors to promote respect for working rights and safe and healthy working environments.","breadcrumb":{"@id":"https:\/\/teixeiraduarteconstrucao.com\/en\/who-we-are\/suppliers\/#breadcrumb"},"inLanguage":"en-US","potentialAction":[{"@type":"ReadAction","target":["https:\/\/teixeiraduarteconstrucao.com\/en\/who-we-are\/suppliers\/"]}]},{"@type":"BreadcrumbList","@id":"https:\/\/teixeiraduarteconstrucao.com\/en\/who-we-are\/suppliers\/#breadcrumb","itemListElement":[{"@type":"ListItem","position":1,"name":"In\u00edcio","item":"https:\/\/teixeiraduarteconstrucao.com\/en\/"},{"@type":"ListItem","position":2,"name":"Who We Are","item":"https:\/\/teixeiraduarteconstrucao.com\/en\/who-we-are\/"},{"@type":"ListItem","position":3,"name":"Suppliers"}]},{"@type":"WebSite","@id":"https:\/\/teixeiraduarteconstrucao.com\/en\/#website","url":"https:\/\/teixeiraduarteconstrucao.com\/en\/","name":"Teixeira Duarte Constru\u00e7\u00e3o","description":"Pioneirismo e Inova\u00e7\u00e3o desde 1921","publisher":{"@id":"https:\/\/teixeiraduarteconstrucao.com\/en\/#organization"},"potentialAction":[{"@type":"SearchAction","target":{"@type":"EntryPoint","urlTemplate":"https:\/\/teixeiraduarteconstrucao.com\/en\/?s={search_term_string}"},"query-input":{"@type":"PropertyValueSpecification","valueRequired":true,"valueName":"search_term_string"}}],"inLanguage":"en-US"},{"@type":"Organization","@id":"https:\/\/teixeiraduarteconstrucao.com\/en\/#organization","name":"Teixeira Duarte - Engenharia e Constru\u00e7\u00f5es, S.A.","url":"https:\/\/teixeiraduarteconstrucao.com\/en\/","logo":{"@type":"ImageObject","inLanguage":"en-US","@id":"https:\/\/teixeiraduarteconstrucao.com\/en\/#\/schema\/logo\/image\/","url":"https:\/\/teixeiraduarteconstrucao.com\/wp-content\/uploads\/2025\/04\/Logotipo-Teixeira-Duarte-EC-2024-positivo.png","contentUrl":"https:\/\/teixeiraduarteconstrucao.com\/wp-content\/uploads\/2025\/04\/Logotipo-Teixeira-Duarte-EC-2024-positivo.png","width":3544,"height":1182,"caption":"Teixeira Duarte - Engenharia e Constru\u00e7\u00f5es, S.A."},"image":{"@id":"https:\/\/teixeiraduarteconstrucao.com\/en\/#\/schema\/logo\/image\/"},"sameAs":["https:\/\/www.facebook.com\/teixeiraduarteconstrucao\/?locale=pt_PT","https:\/\/www.linkedin.com\/company\/teixeira-duarte-engenharia-e-construcoes"]}]}},"_links":{"self":[{"href":"https:\/\/teixeiraduarteconstrucao.com\/en\/wp-json\/wp\/v2\/pages\/17549","targetHints":{"allow":["GET"]}}],"collection":[{"href":"https:\/\/teixeiraduarteconstrucao.com\/en\/wp-json\/wp\/v2\/pages"}],"about":[{"href":"https:\/\/teixeiraduarteconstrucao.com\/en\/wp-json\/wp\/v2\/types\/page"}],"author":[{"embeddable":true,"href":"https:\/\/teixeiraduarteconstrucao.com\/en\/wp-json\/wp\/v2\/users\/12"}],"replies":[{"embeddable":true,"href":"https:\/\/teixeiraduarteconstrucao.com\/en\/wp-json\/wp\/v2\/comments?post=17549"}],"version-history":[{"count":7,"href":"https:\/\/teixeiraduarteconstrucao.com\/en\/wp-json\/wp\/v2\/pages\/17549\/revisions"}],"predecessor-version":[{"id":18416,"href":"https:\/\/teixeiraduarteconstrucao.com\/en\/wp-json\/wp\/v2\/pages\/17549\/revisions\/18416"}],"up":[{"embeddable":true,"href":"https:\/\/teixeiraduarteconstrucao.com\/en\/wp-json\/wp\/v2\/pages\/8463"}],"wp:attachment":[{"href":"https:\/\/teixeiraduarteconstrucao.com\/en\/wp-json\/wp\/v2\/media?parent=17549"}],"curies":[{"name":"wp","href":"https:\/\/api.w.org\/{rel}","templated":true}]}}